{"id":55390,"date":"2023-05-24T17:57:37","date_gmt":"2023-05-24T17:57:37","guid":{"rendered":"https:\/\/skinstudio.ee\/?post_type=product&#038;p=55390"},"modified":"2026-03-19T10:41:21","modified_gmt":"2026-03-19T10:41:21","slug":"brightening-complex","status":"publish","type":"product","link":"https:\/\/skinstudio.ee\/lt\/catalog\/is-clinical\/brightening-complex\/","title":{"rendered":"Brightening Complex"},"content":{"rendered":"<p data-start=\"1707\" data-end=\"2025\"><strong data-start=\"1714\" data-end=\"1753\">Brightening Complex nuo iS Clinical<\/strong> &#8211; tai auk\u0161to efektyvumo \u0161viesinantis kremas, kuris padeda suma\u017einti pigmentacij\u0105, suvienodinti odos ton\u0105 ir pagerinti bendr\u0105 jos i\u0161vaizd\u0105. Formul\u0117 sujungia farmacinio lygio aktyvius komponentus ir augalinius ekstraktus, u\u017etikrindama daugialyp\u012f poveik\u012f hiperpigmentacijai.<\/p>\n<p data-start=\"2027\" data-end=\"2327\">Kremas veikia keliais lygmenimis: padeda suma\u017einti melanino gamyb\u0105, blokuoja jo perne\u0161im\u0105 \u012f vir\u0161utinius odos sluoksnius, \u0161velniai eksfolijuoja ir skatina odos atsinaujinim\u0105. Tuo pa\u010diu formul\u0117 suteikia prie\u0161u\u017edegimin\u012f ir antioksidacin\u012f poveik\u012f, tod\u0117l oda atrodo \u0161varesn\u0117, tolygesn\u0117 ir labiau \u0161vytinti.<\/p>\n<p data-start=\"2329\" data-end=\"2571\">Lengva tekst\u016bra lengvai pasiskirsto, greitai \u012fsigeria ir suteikia papildomo dr\u0117kinimo, pad\u0117dama i\u0161laikyti od\u0105 lygi\u0105 ir pri\u017ei\u016br\u0117t\u0105. Reguliariai naudojant oda tampa \u0161viesesn\u0117, tolygesn\u0117 ir gaivesn\u0117, suma\u017e\u0117ja pigmentin\u0117s d\u0117m\u0117s ir postakne \u017eym\u0117s.<\/p>\n<p data-start=\"2573\" data-end=\"2605\"><strong data-start=\"2573\" data-end=\"2605\">Aktyvi\u0173 komponent\u0173 veikimas:<\/strong><\/p>\n<ul data-start=\"2607\" data-end=\"2913\">\n<li data-section-id=\"1ofpqbl\" data-start=\"2607\" data-end=\"2719\">\n<p data-start=\"2609\" data-end=\"2719\"><strong data-start=\"2609\" data-end=\"2654\">Alpha-Arbutin + stabilizuotas vitaminas C<\/strong>: ma\u017eina pigmentacij\u0105 ir padeda i\u0161vengti nauj\u0173 d\u0117mi\u0173 atsiradimo<\/p>\n<\/li>\n<li data-section-id=\"rlir4j\" data-start=\"2720\" data-end=\"2806\">\n<p data-start=\"2722\" data-end=\"2806\"><strong data-start=\"2722\" data-end=\"2759\">Norwegian Kelp + gryb\u0173 ekstraktas<\/strong>: suvienodina odos ton\u0105 ir suteikia \u0161vyt\u0117jimo<\/p>\n<\/li>\n<li data-section-id=\"1q8xn87\" data-start=\"2807\" data-end=\"2913\">\n<p data-start=\"2809\" data-end=\"2913\"><strong data-start=\"2809\" data-end=\"2864\">Gluosnio \u017eiev\u0117s ekstraktas + nat\u016bral\u016bs eksfoliantai<\/strong>: \u0161velniai atnaujina od\u0105 ir gerina jos tekst\u016br\u0105<\/p>\n<\/li>\n<\/ul>\n<p data-start=\"2915\" data-end=\"3038\"><strong data-start=\"2915\" data-end=\"2948\">Kam tinka Brightening Complex<\/strong>: visiems odos tipams, \u012fskaitant jautri\u0105 od\u0105, su pigmentacija, postakne ir netolygiu tonu.<\/p>\n<p data-start=\"3040\" data-end=\"3055\"><strong data-start=\"3040\" data-end=\"3055\">T\u016bris: 30 g<\/strong><\/p>\n","protected":false},"excerpt":{"rendered":"<p data-start=\"3112\" data-end=\"3137\">\u0160viesinantis veido kremas<\/p>\n<h2 data-start=\"3139\" data-end=\"3184\"><strong data-start=\"3139\" data-end=\"3184\">iS Clinical &#8211; Brightening Complex Savyb\u0117s<\/strong><\/h2>\n<p data-start=\"3186\" data-end=\"3391\">\u2714\ufe0f Ma\u017eina pigmentacij\u0105 ir suvienodina odos ton\u0105<br data-start=\"3233\" data-end=\"3236\" \/>\u2714\ufe0f Suteikia odai \u0161varesn\u0119, lygesn\u0119 ir \u0161vytin\u010di\u0105 i\u0161vaizd\u0105<br data-start=\"3292\" data-end=\"3295\" \/>\u2714\ufe0f Ma\u017eina postakne \u017eymes<br data-start=\"3319\" data-end=\"3322\" \/>\u2714\ufe0f Gerina bendr\u0105 odos i\u0161vaizd\u0105<br data-start=\"3352\" data-end=\"3355\" \/>\u2714\ufe0f I\u0161laiko od\u0105 lygi\u0105 ir pri\u017ei\u016br\u0117t\u0105<\/p>\n","protected":false},"featured_media":55392,"template":"","meta":[],"pwb-brand":[1180],"product_brand":[],"product_cat":[738,746,752,740,750,748,730],"product_tag":[],"giftcard-category":[],"class_list":{"0":"post-55390","1":"product","2":"type-product","3":"status-publish","4":"has-post-thumbnail","6":"pwb-brand-is-clinical","7":"product_cat-drekinimas","8":"product_cat-jautriai-odai","9":"product_cat-pigmentacija-lt","10":"product_cat-sausai-odai","11":"product_cat-senstanti-oda","12":"product_cat-taukainai-adai-lt","13":"product_cat-vitaminas-c","15":"first","16":"instock","17":"taxable","18":"shipping-taxable","19":"purchasable","20":"product-type-simple"},"acf":[],"brands":[{"id":1180,"name":"IS CLINICAL","slug":"is-clinical"}],"_links":{"self":[{"href":"https:\/\/skinstudio.ee\/lt\/wp-json\/wp\/v2\/product\/55390","targetHints":{"allow":["GET"]}}],"collection":[{"href":"https:\/\/skinstudio.ee\/lt\/wp-json\/wp\/v2\/product"}],"about":[{"href":"https:\/\/skinstudio.ee\/lt\/wp-json\/wp\/v2\/types\/product"}],"version-history":[{"count":1,"href":"https:\/\/skinstudio.ee\/lt\/wp-json\/wp\/v2\/product\/55390\/revisions"}],"predecessor-version":[{"id":86838,"href":"https:\/\/skinstudio.ee\/lt\/wp-json\/wp\/v2\/product\/55390\/revisions\/86838"}],"wp:featuredmedia":[{"embeddable":true,"href":"https:\/\/skinstudio.ee\/lt\/wp-json\/wp\/v2\/media\/55392"}],"wp:attachment":[{"href":"https:\/\/skinstudio.ee\/lt\/wp-json\/wp\/v2\/media?parent=55390"}],"wp:term":[{"taxonomy":"pwb-brand","embeddable":true,"href":"https:\/\/skinstudio.ee\/lt\/wp-json\/wp\/v2\/pwb-brand?post=55390"},{"taxonomy":"product_brand","embeddable":true,"href":"https:\/\/skinstudio.ee\/lt\/wp-json\/wp\/v2\/product_brand?post=55390"},{"taxonomy":"product_cat","embeddable":true,"href":"https:\/\/skinstudio.ee\/lt\/wp-json\/wp\/v2\/product_cat?post=55390"},{"taxonomy":"product_tag","embeddable":true,"href":"https:\/\/skinstudio.ee\/lt\/wp-json\/wp\/v2\/product_tag?post=55390"},{"taxonomy":"giftcard-category","embeddable":true,"href":"https:\/\/skinstudio.ee\/lt\/wp-json\/wp\/v2\/giftcard-category?post=55390"}],"curies":[{"name":"wp","href":"https:\/\/api.w.org\/{rel}","templated":true}]}}