{"id":55399,"date":"2023-05-24T17:57:37","date_gmt":"2023-05-24T17:57:37","guid":{"rendered":"https:\/\/skinstudio.ee\/?post_type=product&#038;p=55399"},"modified":"2026-03-19T10:44:36","modified_gmt":"2026-03-19T10:44:36","slug":"eye-complex","status":"publish","type":"product","link":"https:\/\/skinstudio.ee\/lt\/catalog\/is-clinical\/eye-complex\/","title":{"rendered":"Eye Complex"},"content":{"rendered":"<p data-start=\"1488\" data-end=\"1684\"><strong data-start=\"1495\" data-end=\"1526\">Eye Complex nuo iS Clinical<\/strong> &#8211; tai daugiafunkcis paaki\u0173 kremas, kuris sujungia dr\u0117kinan\u010dius komponentus, \u0161velnius eksfoliantus ir antioksidantus, kad pagerint\u0173 odos aplink akis i\u0161vaizd\u0105.<\/p>\n<p data-start=\"1686\" data-end=\"1972\">Formul\u0117 suteikia momentin\u012f dr\u0117kinim\u0105 ir atgaivina paaki\u0173 zon\u0105, pad\u0117dama suma\u017einti nuovargio po\u017eymius ir suteikti \u017evilgsniui labiau pails\u0117jusi\u0105 bei pri\u017ei\u016br\u0117t\u0105 i\u0161vaizd\u0105. Reguliariai naudojant oda tampa lygesn\u0117, tolygesn\u0117 ir stangresn\u0117, suma\u017e\u0117ja smulkios rauk\u0161l\u0117s ir tekst\u016bros netolygumai.<\/p>\n<p data-start=\"1974\" data-end=\"2186\">Kremas taip pat gerina odos tekst\u016br\u0105 ir suteikia daugiau \u0161vyt\u0117jimo, tod\u0117l paaki\u0173 zona atrodo \u0161viesesn\u0117 ir gaivesn\u0117. Lengva tekst\u016bra greitai \u012fsigeria ir neapsunkina odos, tod\u0117l puikiai tinka kasdieniam naudojimui.<\/p>\n<p data-start=\"2188\" data-end=\"2220\"><strong data-start=\"2188\" data-end=\"2220\">Aktyvi\u0173 komponent\u0173 veikimas:<\/strong><\/p>\n<ul data-start=\"2222\" data-end=\"2495\">\n<li data-section-id=\"1flvouc\" data-start=\"2222\" data-end=\"2317\">\n<p data-start=\"2224\" data-end=\"2317\"><strong data-start=\"2224\" data-end=\"2273\">Stabilizuotas vitaminas C + Retinyl Palmitate<\/strong>: \u0161viesina od\u0105 ir lygina smulkias rauk\u0161les<\/p>\n<\/li>\n<li data-section-id=\"1xy04fs\" data-start=\"2318\" data-end=\"2407\">\n<p data-start=\"2320\" data-end=\"2407\"><strong data-start=\"2320\" data-end=\"2358\">Vaisi\u0173 r\u016bg\u0161tys (Mixed Fruit Acids)<\/strong>: \u0161velniai eksfolijuoja ir gerina odos tekst\u016br\u0105<\/p>\n<\/li>\n<li data-section-id=\"1fdfic\" data-start=\"2408\" data-end=\"2495\">\n<p data-start=\"2410\" data-end=\"2495\"><strong data-start=\"2410\" data-end=\"2445\">Imperata Cylindrica + Aloe Vera<\/strong>: intensyviai dr\u0117kina ir gerina odos elastingum\u0105<\/p>\n<\/li>\n<\/ul>\n<p data-start=\"2497\" data-end=\"2610\"><strong data-start=\"2497\" data-end=\"2522\">Kam tinka Eye Complex<\/strong>: paaki\u0173 odai su nuovargio po\u017eymiais, tamsiais ratilais, rauk\u0161l\u0117mis ir nelygia tekst\u016bra.<\/p>\n<p data-start=\"2612\" data-end=\"2627\"><strong data-start=\"2612\" data-end=\"2627\">T\u016bris: 15 g<\/strong><\/p>\n","protected":false},"excerpt":{"rendered":"<p data-start=\"2718\" data-end=\"2731\">Paaki\u0173 kremas<\/p>\n<h2 data-start=\"2733\" data-end=\"2770\"><strong data-start=\"2733\" data-end=\"2770\">iS Clinical &#8211; Eye Complex Savyb\u0117s<\/strong><\/h2>\n<p data-start=\"2772\" data-end=\"2973\">\u2714\ufe0f Ma\u017eina tamsius ratilus ir paburkim\u0105<br data-start=\"2810\" data-end=\"2813\" \/>\u2714\ufe0f Lygina smulkias rauk\u0161les ir \u201e\u017e\u0105s\u0173 p\u0117dutes\u201c<br data-start=\"2858\" data-end=\"2861\" \/>\u2714\ufe0f Gerina odos stangrum\u0105 ir glotnum\u0105<br data-start=\"2897\" data-end=\"2900\" \/>\u2714\ufe0f \u0160viesina ir atgaivina paaki\u0173 zon\u0105<br data-start=\"2936\" data-end=\"2939\" \/>\u2714\ufe0f Gerina bendr\u0105 paaki\u0173 i\u0161vaizd\u0105<\/p>\n","protected":false},"featured_media":55400,"template":"","meta":[],"pwb-brand":[1180],"product_brand":[],"product_cat":[738,734,752,750,728],"product_tag":[],"giftcard-category":[],"class_list":{"0":"post-55399","1":"product","2":"type-product","3":"status-publish","4":"has-post-thumbnail","6":"pwb-brand-is-clinical","7":"product_cat-drekinimas","8":"product_cat-oda-aplink-akis","9":"product_cat-pigmentacija-lt","10":"product_cat-senstanti-oda","11":"product_cat-vitaminas-a-retinolis","13":"first","14":"instock","15":"taxable","16":"shipping-taxable","17":"purchasable","18":"product-type-simple"},"acf":[],"brands":[{"id":1180,"name":"IS CLINICAL","slug":"is-clinical"}],"_links":{"self":[{"href":"https:\/\/skinstudio.ee\/lt\/wp-json\/wp\/v2\/product\/55399","targetHints":{"allow":["GET"]}}],"collection":[{"href":"https:\/\/skinstudio.ee\/lt\/wp-json\/wp\/v2\/product"}],"about":[{"href":"https:\/\/skinstudio.ee\/lt\/wp-json\/wp\/v2\/types\/product"}],"version-history":[{"count":2,"href":"https:\/\/skinstudio.ee\/lt\/wp-json\/wp\/v2\/product\/55399\/revisions"}],"predecessor-version":[{"id":86844,"href":"https:\/\/skinstudio.ee\/lt\/wp-json\/wp\/v2\/product\/55399\/revisions\/86844"}],"wp:featuredmedia":[{"embeddable":true,"href":"https:\/\/skinstudio.ee\/lt\/wp-json\/wp\/v2\/media\/55400"}],"wp:attachment":[{"href":"https:\/\/skinstudio.ee\/lt\/wp-json\/wp\/v2\/media?parent=55399"}],"wp:term":[{"taxonomy":"pwb-brand","embeddable":true,"href":"https:\/\/skinstudio.ee\/lt\/wp-json\/wp\/v2\/pwb-brand?post=55399"},{"taxonomy":"product_brand","embeddable":true,"href":"https:\/\/skinstudio.ee\/lt\/wp-json\/wp\/v2\/product_brand?post=55399"},{"taxonomy":"product_cat","embeddable":true,"href":"https:\/\/skinstudio.ee\/lt\/wp-json\/wp\/v2\/product_cat?post=55399"},{"taxonomy":"product_tag","embeddable":true,"href":"https:\/\/skinstudio.ee\/lt\/wp-json\/wp\/v2\/product_tag?post=55399"},{"taxonomy":"giftcard-category","embeddable":true,"href":"https:\/\/skinstudio.ee\/lt\/wp-json\/wp\/v2\/giftcard-category?post=55399"}],"curies":[{"name":"wp","href":"https:\/\/api.w.org\/{rel}","templated":true}]}}