{"id":55406,"date":"2023-05-24T17:57:06","date_gmt":"2023-05-24T17:57:06","guid":{"rendered":"https:\/\/skinstudio.ee\/?post_type=product&#038;p=55406"},"modified":"2026-03-19T10:48:22","modified_gmt":"2026-03-19T10:48:22","slug":"cleansing-complex-polish","status":"publish","type":"product","link":"https:\/\/skinstudio.ee\/lt\/catalog\/is-clinical\/cleansing-complex-polish\/","title":{"rendered":"Cleansing Complex Polish"},"content":{"rendered":"<p data-start=\"1631\" data-end=\"1786\"><strong data-start=\"1638\" data-end=\"1682\">Cleansing Complex Polish nuo iS Clinical<\/strong> &#8211; tai daugiafunkcis valomasis gelis-\u0161veitiklis, kuris giliai valo od\u0105 ir tuo pa\u010diu gerina jos tekst\u016br\u0105.<\/p>\n<p data-start=\"1788\" data-end=\"2094\">Formul\u0117 sujungia mechanin\u0119 ir biochemin\u0119 eksfoliacij\u0105: celiulioz\u0117s ir jojobos mikro dalel\u0117s poliruoja odos pavir\u0161i\u0173, o r\u016bg\u0161tys ir augaliniai ekstraktai veikia giliau, pad\u0117dami i\u0161valyti poras ir pa\u0161alinti susikaupusius ne\u0161varumus. Jau po pirmo naudojimo oda tampa pastebimai lygesn\u0117, mink\u0161tesn\u0117 ir gaivesn\u0117.<\/p>\n<p data-start=\"2096\" data-end=\"2317\">Produktas efektyviai pa\u0161alina negyvas odos l\u0105steles, suvienodina tekst\u016br\u0105 ir suteikia odai \u0161varesn\u0119 bei tolygesn\u0119 i\u0161vaizd\u0105. Reguliariai naudojant oda atrodo \u0161varesn\u0117, labiau subalansuota ir pri\u017ei\u016br\u0117ta, be sausumo poj\u016b\u010dio.<\/p>\n<p data-start=\"2319\" data-end=\"2351\"><strong data-start=\"2319\" data-end=\"2351\">Aktyvi\u0173 komponent\u0173 veikimas:<\/strong><\/p>\n<ul data-start=\"2353\" data-end=\"2600\">\n<li data-section-id=\"1l36b82\" data-start=\"2353\" data-end=\"2447\">\n<p data-start=\"2355\" data-end=\"2447\"><strong data-start=\"2355\" data-end=\"2404\">Salicilo r\u016bg\u0161tis + gluosnio \u017eiev\u0117s ekstraktas<\/strong>: giliai valo poras ir ma\u017eina j\u0173 matomum\u0105<\/p>\n<\/li>\n<li data-section-id=\"1822u7q\" data-start=\"2448\" data-end=\"2523\">\n<p data-start=\"2450\" data-end=\"2523\"><strong data-start=\"2450\" data-end=\"2493\">Eko mikro dalel\u0117s (celiulioz\u0117 + jojoba)<\/strong>: eksfolijuoja ir lygina od\u0105<\/p>\n<\/li>\n<li data-section-id=\"15y15cl\" data-start=\"2524\" data-end=\"2600\">\n<p data-start=\"2526\" data-end=\"2600\"><strong data-start=\"2526\" data-end=\"2559\">Cukranendri\u0173 ekstraktas (AHA)<\/strong>: gerina odos ton\u0105 ir suteikia glotnumo<\/p>\n<\/li>\n<\/ul>\n<p data-start=\"2602\" data-end=\"2738\"><strong data-start=\"2602\" data-end=\"2640\">Kam tinka Cleansing Complex Polish<\/strong>: normaliai, mi\u0161riai ir riebiai odai su nelygia tekst\u016bra, i\u0161sipl\u0117tusiomis poromis ir blankiu tonu.<\/p>\n<p data-start=\"2740\" data-end=\"2756\"><strong data-start=\"2740\" data-end=\"2756\">T\u016bris: 120 g<\/strong><\/p>\n","protected":false},"excerpt":{"rendered":"<p data-start=\"2972\" data-end=\"3012\">Daugiafunkcis valomasis gelis-\u0161veitiklis<\/p>\n<h2 data-start=\"3014\" data-end=\"3064\"><strong data-start=\"3014\" data-end=\"3064\">iS Clinical &#8211; Cleansing Complex Polish Savyb\u0117s<\/strong><\/h2>\n<p data-start=\"3066\" data-end=\"3255\">\u2714\ufe0f Giliai valo od\u0105 ir poras be sausumo<br data-start=\"3104\" data-end=\"3107\" \/>\u2714\ufe0f Lygina odos tekst\u016br\u0105 ir pavir\u0161i\u0173<br data-start=\"3142\" data-end=\"3145\" \/>\u2714\ufe0f Padaro od\u0105 \u0161velnesn\u0119 ir glotnesn\u0119<br data-start=\"3181\" data-end=\"3184\" \/>\u2714\ufe0f Ma\u017eina por\u0173 matomum\u0105<br data-start=\"3207\" data-end=\"3210\" \/>\u2714\ufe0f Suteikia odai gaiv\u0173 ir pri\u017ei\u016br\u0117t\u0105 vaizd\u0105<\/p>\n","protected":false},"featured_media":63345,"template":"","meta":[],"pwb-brand":[1180],"product_brand":[],"product_cat":[742,744,746,720,748,718],"product_tag":[],"giftcard-category":[],"class_list":{"0":"post-55406","1":"product","2":"type-product","3":"status-publish","4":"has-post-thumbnail","6":"pwb-brand-is-clinical","7":"product_cat-berimai","8":"product_cat-issipletusios-poros","9":"product_cat-jautriai-odai","10":"product_cat-sveitikliai-ir-pilingai","11":"product_cat-taukainai-adai-lt","12":"product_cat-valymas","14":"first","15":"instock","16":"taxable","17":"shipping-taxable","18":"purchasable","19":"product-type-simple"},"acf":[],"brands":[{"id":1180,"name":"IS CLINICAL","slug":"is-clinical"}],"_links":{"self":[{"href":"https:\/\/skinstudio.ee\/lt\/wp-json\/wp\/v2\/product\/55406","targetHints":{"allow":["GET"]}}],"collection":[{"href":"https:\/\/skinstudio.ee\/lt\/wp-json\/wp\/v2\/product"}],"about":[{"href":"https:\/\/skinstudio.ee\/lt\/wp-json\/wp\/v2\/types\/product"}],"version-history":[{"count":1,"href":"https:\/\/skinstudio.ee\/lt\/wp-json\/wp\/v2\/product\/55406\/revisions"}],"predecessor-version":[{"id":86849,"href":"https:\/\/skinstudio.ee\/lt\/wp-json\/wp\/v2\/product\/55406\/revisions\/86849"}],"wp:featuredmedia":[{"embeddable":true,"href":"https:\/\/skinstudio.ee\/lt\/wp-json\/wp\/v2\/media\/63345"}],"wp:attachment":[{"href":"https:\/\/skinstudio.ee\/lt\/wp-json\/wp\/v2\/media?parent=55406"}],"wp:term":[{"taxonomy":"pwb-brand","embeddable":true,"href":"https:\/\/skinstudio.ee\/lt\/wp-json\/wp\/v2\/pwb-brand?post=55406"},{"taxonomy":"product_brand","embeddable":true,"href":"https:\/\/skinstudio.ee\/lt\/wp-json\/wp\/v2\/product_brand?post=55406"},{"taxonomy":"product_cat","embeddable":true,"href":"https:\/\/skinstudio.ee\/lt\/wp-json\/wp\/v2\/product_cat?post=55406"},{"taxonomy":"product_tag","embeddable":true,"href":"https:\/\/skinstudio.ee\/lt\/wp-json\/wp\/v2\/product_tag?post=55406"},{"taxonomy":"giftcard-category","embeddable":true,"href":"https:\/\/skinstudio.ee\/lt\/wp-json\/wp\/v2\/giftcard-category?post=55406"}],"curies":[{"name":"wp","href":"https:\/\/api.w.org\/{rel}","templated":true}]}}