{"id":55416,"date":"2023-05-24T17:57:00","date_gmt":"2023-05-24T17:57:00","guid":{"rendered":"https:\/\/skinstudio.ee\/?post_type=product&#038;p=55416"},"modified":"2026-03-19T10:51:50","modified_gmt":"2026-03-19T10:51:50","slug":"active-serum","status":"publish","type":"product","link":"https:\/\/skinstudio.ee\/lt\/catalog\/is-clinical\/active-serum\/","title":{"rendered":"Active Serum"},"content":{"rendered":"<div class=\"woocommerce-product-details__short-description\">\n<p data-start=\"1611\" data-end=\"1898\"><strong data-start=\"1618\" data-end=\"1650\">Active Serum nuo iS Clinical<\/strong> &#8211; tai kultinis daugiafunkcis serumas, suteikiantis greitus ir matomus rezultatus jau po keli\u0173 naudojimo dien\u0173. Formul\u0117 skirta vienu metu spr\u0119sti kelias odos problemas &#8211; u\u017edegimus, netolygi\u0105 tekst\u016br\u0105, pigmentacij\u0105 ir perteklin\u012f riebal\u0173 i\u0161siskyrim\u0105.<\/p>\n<p data-start=\"1900\" data-end=\"2141\">Serumas aktyviai atnaujina od\u0105, padeda suma\u017einti smulki\u0173 rauk\u0161li\u0173 matomum\u0105, i\u0161valyti poras ir pagerinti odos pavir\u0161i\u0173. R\u016bg\u0161\u010di\u0173 ir augalini\u0173 ekstrakt\u0173 derinys veikia tiek odos pavir\u0161iuje, tiek giliau, gerindamas bendr\u0105 odos i\u0161vaizd\u0105 ir b\u016bkl\u0119.<\/p>\n<p data-start=\"2143\" data-end=\"2319\">Reguliariai naudojant oda tampa \u0161varesn\u0117, lygesn\u0117 ir labiau subalansuota, suma\u017e\u0117ja riebalavimasis ir netobulumai. Per trump\u0105 laik\u0105 oda atrodo tolygesn\u0117, gaivesn\u0117 ir pri\u017ei\u016br\u0117ta.<\/p>\n<p data-start=\"2321\" data-end=\"2353\"><strong data-start=\"2321\" data-end=\"2353\">Aktyvi\u0173 komponent\u0173 veikimas:<\/strong><\/p>\n<ul data-start=\"2355\" data-end=\"2605\">\n<li data-section-id=\"krf46l\" data-start=\"2355\" data-end=\"2447\">\n<p data-start=\"2357\" data-end=\"2447\"><strong data-start=\"2357\" data-end=\"2411\">Cukranendri\u0173 ekstraktas (AHA) + m\u0117lyni\u0173 ekstraktas<\/strong>: atnaujina od\u0105 ir gerina tekst\u016br\u0105<\/p>\n<\/li>\n<li data-section-id=\"1ac4qlq\" data-start=\"2448\" data-end=\"2520\">\n<p data-start=\"2450\" data-end=\"2520\"><strong data-start=\"2450\" data-end=\"2486\">Gluosnio \u017eiev\u0117s ekstraktas (BHA)<\/strong>: valo poras ir ma\u017eina u\u017edegimus<\/p>\n<\/li>\n<li data-section-id=\"5yskk3\" data-start=\"2521\" data-end=\"2605\">\n<p data-start=\"2523\" data-end=\"2605\"><strong data-start=\"2523\" data-end=\"2555\">Arbutinas + gryb\u0173 ekstraktas<\/strong>: \u0161viesina pigmentacij\u0105 ir suvienodina odos ton\u0105<\/p>\n<\/li>\n<\/ul>\n<p data-start=\"2607\" data-end=\"2720\"><strong data-start=\"2607\" data-end=\"2633\">Kam tinka Active Serum<\/strong>: riebiai, mi\u0161riai ir probleminei odai su u\u017edegimais, pigmentacija ir nelygia tekst\u016bra.<\/p>\n<p data-start=\"2722\" data-end=\"2756\"><strong data-start=\"2722\" data-end=\"2756\">T\u016bris: 3,75 ml \/ 15 ml \/ 30 ml<\/strong><\/p>\n<\/div>\n","protected":false},"excerpt":{"rendered":"<p data-start=\"2908\" data-end=\"2929\">Daugiafunkcis serumas<\/p>\n<h2 data-start=\"2931\" data-end=\"2969\"><strong data-start=\"2931\" data-end=\"2969\">iS Clinical &#8211; Active Serum Savyb\u0117s<\/strong><\/h2>\n<p data-start=\"2971\" data-end=\"3166\">\u2714\ufe0f Greitai ma\u017eina u\u017edegimus ir b\u0117rimus<br data-start=\"3009\" data-end=\"3012\" \/>\u2714\ufe0f \u0160viesina pigmentacij\u0105 ir postakne<br data-start=\"3048\" data-end=\"3051\" \/>\u2714\ufe0f Gerina odos tekst\u016br\u0105<br data-start=\"3074\" data-end=\"3077\" \/>\u2714\ufe0f Valo poras ir ma\u017eina riebalavim\u0105si<br data-start=\"3114\" data-end=\"3117\" \/>\u2714\ufe0f Suteikia odai \u0161varesn\u0119 ir tolygesn\u0119 i\u0161vaizd\u0105<\/p>\n","protected":false},"featured_media":63330,"template":"","meta":[],"pwb-brand":[1180],"product_brand":[],"product_cat":[742,744,752,750,724,748],"product_tag":[],"giftcard-category":[],"class_list":{"0":"post-55416","1":"product","2":"type-product","3":"status-publish","4":"has-post-thumbnail","6":"pwb-brand-is-clinical","7":"product_cat-berimai","8":"product_cat-issipletusios-poros","9":"product_cat-pigmentacija-lt","10":"product_cat-senstanti-oda","11":"product_cat-serumai","12":"product_cat-taukainai-adai-lt","13":"pa_suurus-15ml-lt","14":"pa_suurus-375ml-lt","15":"pa_suurus-30ml-lt","17":"first","18":"instock","19":"taxable","20":"shipping-taxable","21":"purchasable","22":"product-type-variable"},"acf":[],"brands":[{"id":1180,"name":"IS CLINICAL","slug":"is-clinical"}],"_links":{"self":[{"href":"https:\/\/skinstudio.ee\/lt\/wp-json\/wp\/v2\/product\/55416","targetHints":{"allow":["GET"]}}],"collection":[{"href":"https:\/\/skinstudio.ee\/lt\/wp-json\/wp\/v2\/product"}],"about":[{"href":"https:\/\/skinstudio.ee\/lt\/wp-json\/wp\/v2\/types\/product"}],"version-history":[{"count":1,"href":"https:\/\/skinstudio.ee\/lt\/wp-json\/wp\/v2\/product\/55416\/revisions"}],"predecessor-version":[{"id":86854,"href":"https:\/\/skinstudio.ee\/lt\/wp-json\/wp\/v2\/product\/55416\/revisions\/86854"}],"wp:featuredmedia":[{"embeddable":true,"href":"https:\/\/skinstudio.ee\/lt\/wp-json\/wp\/v2\/media\/63330"}],"wp:attachment":[{"href":"https:\/\/skinstudio.ee\/lt\/wp-json\/wp\/v2\/media?parent=55416"}],"wp:term":[{"taxonomy":"pwb-brand","embeddable":true,"href":"https:\/\/skinstudio.ee\/lt\/wp-json\/wp\/v2\/pwb-brand?post=55416"},{"taxonomy":"product_brand","embeddable":true,"href":"https:\/\/skinstudio.ee\/lt\/wp-json\/wp\/v2\/product_brand?post=55416"},{"taxonomy":"product_cat","embeddable":true,"href":"https:\/\/skinstudio.ee\/lt\/wp-json\/wp\/v2\/product_cat?post=55416"},{"taxonomy":"product_tag","embeddable":true,"href":"https:\/\/skinstudio.ee\/lt\/wp-json\/wp\/v2\/product_tag?post=55416"},{"taxonomy":"giftcard-category","embeddable":true,"href":"https:\/\/skinstudio.ee\/lt\/wp-json\/wp\/v2\/giftcard-category?post=55416"}],"curies":[{"name":"wp","href":"https:\/\/api.w.org\/{rel}","templated":true}]}}