{"id":55429,"date":"2023-05-24T17:56:43","date_gmt":"2023-05-24T17:56:43","guid":{"rendered":"https:\/\/skinstudio.ee\/?post_type=product&#038;p=55429"},"modified":"2026-03-19T10:59:28","modified_gmt":"2026-03-19T10:59:28","slug":"hydra-cool-serum","status":"publish","type":"product","link":"https:\/\/skinstudio.ee\/lt\/catalog\/is-clinical\/hydra-cool-serum\/","title":{"rendered":"Hydra-Cool Serum"},"content":{"rendered":"<p data-start=\"1634\" data-end=\"1922\"><strong data-start=\"1641\" data-end=\"1677\">Hydra-Cool Serum nuo iS Clinical<\/strong> &#8211; tai gaivinantis dr\u0117kinamasis serumas, kuris padeda atkurti odos komfort\u0105 ir suma\u017einti dirginim\u0105, sausum\u0105 bei u\u017edegimus. Formul\u0117 sujungia augalinius antioksidantus ir bioaktyvias med\u017eiagas, kurios palaiko odos atsinaujinim\u0105 ir sveik\u0105 i\u0161vaizd\u0105.<\/p>\n<p data-start=\"1924\" data-end=\"2179\">Serumas i\u0161 karto atv\u0117sina ir nuramina od\u0105, padeda suma\u017einti paraudim\u0105 ir diskomfort\u0105 po saul\u0117s poveikio, skutimosi ar aplinkos streso. Taip pat padeda ma\u017einti u\u017edegimus ir gerina bendr\u0105 odos b\u016bkl\u0119, suteikdamas jai gaivesn\u0119 ir labiau subalansuot\u0105 i\u0161vaizd\u0105.<\/p>\n<p data-start=\"2181\" data-end=\"2386\">Produktas intensyviai dr\u0117kina, ma\u017eina sausum\u0105, pa\u0161alina \u0161erpetojim\u0105 ir skatina odos atsinaujinim\u0105. Reguliariai naudojant oda tampa lygesn\u0117, geriau sudr\u0117kinta ir subalansuota, atrodo sveikesn\u0117 ir tolygesn\u0117.<\/p>\n<p data-start=\"2388\" data-end=\"2420\"><strong data-start=\"2388\" data-end=\"2420\">Aktyvi\u0173 komponent\u0173 veikimas:<\/strong><\/p>\n<ul data-start=\"2422\" data-end=\"2649\">\n<li data-section-id=\"1k044vk\" data-start=\"2422\" data-end=\"2495\">\n<p data-start=\"2424\" data-end=\"2495\"><strong data-start=\"2424\" data-end=\"2445\">Hialurono r\u016bg\u0161tis<\/strong>: intensyviai dr\u0117kina ir padeda i\u0161laikyti dr\u0117gm\u0119<\/p>\n<\/li>\n<li data-section-id=\"oszymc\" data-start=\"2496\" data-end=\"2553\">\n<p data-start=\"2498\" data-end=\"2553\"><strong data-start=\"2498\" data-end=\"2519\">Centella Asiatica<\/strong>: ramina od\u0105 ir ma\u017eina paraudim\u0105<\/p>\n<\/li>\n<li data-section-id=\"1vlr680\" data-start=\"2554\" data-end=\"2649\">\n<p data-start=\"2556\" data-end=\"2649\"><strong data-start=\"2556\" data-end=\"2591\">Vitaminas B5 + gryb\u0173 ekstraktas<\/strong>: palaiko odos atsinaujinim\u0105 ir padeda ma\u017einti u\u017edegimus<\/p>\n<\/li>\n<\/ul>\n<p data-start=\"2651\" data-end=\"2763\"><strong data-start=\"2651\" data-end=\"2681\">Kam tinka Hydra-Cool Serum<\/strong>: visiems odos tipams, \u012fskaitant jautri\u0105, dehidratuot\u0105 ir dirginimui linkusi\u0105 od\u0105.<\/p>\n<p data-start=\"2765\" data-end=\"2799\"><strong data-start=\"2765\" data-end=\"2799\">T\u016bris: 3,75 ml \/ 15 ml \/ 30 ml<\/strong><\/p>\n","protected":false},"excerpt":{"rendered":"<p data-start=\"2964\" data-end=\"2984\">Dr\u0117kinamasis serumas<\/p>\n<h2 data-start=\"2986\" data-end=\"3028\"><strong data-start=\"2986\" data-end=\"3028\">iS Clinical &#8211; Hydra-Cool Serum Savyb\u0117s<\/strong><\/h2>\n<p data-start=\"3030\" data-end=\"3239\">\u2714\ufe0f Intensyviai dr\u0117kina ir gaivina od\u0105<br data-start=\"3067\" data-end=\"3070\" \/>\u2714\ufe0f I\u0161 karto ma\u017eina dirginim\u0105 ir paraudim\u0105<br data-start=\"3111\" data-end=\"3114\" \/>\u2714\ufe0f Suteikia v\u0117sinant\u012f ir raminant\u012f efekt\u0105<br data-start=\"3155\" data-end=\"3158\" \/>\u2714\ufe0f Padeda odai atsinaujinti po streso<br data-start=\"3195\" data-end=\"3198\" \/>\u2714\ufe0f Padaro od\u0105 lygesn\u0119 ir komforti\u0161kesn\u0119<\/p>\n","protected":false},"featured_media":63380,"template":"","meta":[],"pwb-brand":[1180],"product_brand":[],"product_cat":[738,746,740,750,724,748],"product_tag":[],"giftcard-category":[],"class_list":{"0":"post-55429","1":"product","2":"type-product","3":"status-publish","4":"has-post-thumbnail","6":"pwb-brand-is-clinical","7":"product_cat-drekinimas","8":"product_cat-jautriai-odai","9":"product_cat-sausai-odai","10":"product_cat-senstanti-oda","11":"product_cat-serumai","12":"product_cat-taukainai-adai-lt","13":"pa_suurus-15ml-lt","14":"pa_suurus-375ml-lt","15":"pa_suurus-30ml-lt","17":"first","18":"instock","19":"taxable","20":"shipping-taxable","21":"purchasable","22":"product-type-variable"},"acf":[],"brands":[{"id":1180,"name":"IS CLINICAL","slug":"is-clinical"}],"_links":{"self":[{"href":"https:\/\/skinstudio.ee\/lt\/wp-json\/wp\/v2\/product\/55429","targetHints":{"allow":["GET"]}}],"collection":[{"href":"https:\/\/skinstudio.ee\/lt\/wp-json\/wp\/v2\/product"}],"about":[{"href":"https:\/\/skinstudio.ee\/lt\/wp-json\/wp\/v2\/types\/product"}],"version-history":[{"count":1,"href":"https:\/\/skinstudio.ee\/lt\/wp-json\/wp\/v2\/product\/55429\/revisions"}],"predecessor-version":[{"id":86865,"href":"https:\/\/skinstudio.ee\/lt\/wp-json\/wp\/v2\/product\/55429\/revisions\/86865"}],"wp:featuredmedia":[{"embeddable":true,"href":"https:\/\/skinstudio.ee\/lt\/wp-json\/wp\/v2\/media\/63380"}],"wp:attachment":[{"href":"https:\/\/skinstudio.ee\/lt\/wp-json\/wp\/v2\/media?parent=55429"}],"wp:term":[{"taxonomy":"pwb-brand","embeddable":true,"href":"https:\/\/skinstudio.ee\/lt\/wp-json\/wp\/v2\/pwb-brand?post=55429"},{"taxonomy":"product_brand","embeddable":true,"href":"https:\/\/skinstudio.ee\/lt\/wp-json\/wp\/v2\/product_brand?post=55429"},{"taxonomy":"product_cat","embeddable":true,"href":"https:\/\/skinstudio.ee\/lt\/wp-json\/wp\/v2\/product_cat?post=55429"},{"taxonomy":"product_tag","embeddable":true,"href":"https:\/\/skinstudio.ee\/lt\/wp-json\/wp\/v2\/product_tag?post=55429"},{"taxonomy":"giftcard-category","embeddable":true,"href":"https:\/\/skinstudio.ee\/lt\/wp-json\/wp\/v2\/giftcard-category?post=55429"}],"curies":[{"name":"wp","href":"https:\/\/api.w.org\/{rel}","templated":true}]}}