{"id":55438,"date":"2023-05-24T17:56:43","date_gmt":"2023-05-24T17:56:43","guid":{"rendered":"https:\/\/skinstudio.ee\/?post_type=product&#038;p=55438"},"modified":"2026-01-22T15:04:09","modified_gmt":"2026-01-22T15:04:09","slug":"pure-clarity-trial-kit","status":"publish","type":"product","link":"https:\/\/skinstudio.ee\/lt\/catalog\/is-clinical\/pure-clarity-trial-kit\/","title":{"rendered":"Pure Clarity Trial Kit"},"content":{"rendered":"<p data-start=\"2999\" data-end=\"3233\"><strong data-start=\"2999\" data-end=\"3039\">IS CLINICAL &#8211; Pure Clarity Trial Kit<\/strong> rinkin\u012f sudaro 4 b\u016btinos priemon\u0117s probleminei odai pri\u017ei\u016br\u0117ti.<br data-start=\"3103\" data-end=\"3106\" \/>Rinkinys u\u017etikrina visapusi\u0161k\u0105 kasdien\u0119 prie\u017ei\u016br\u0105 \u2013 valym\u0105, dr\u0117kinim\u0105 ir apsaug\u0105, puikiai tinka naudoti namuose ar kelion\u0117je.<\/p>\n<p data-start=\"3235\" data-end=\"3251\"><strong data-start=\"3235\" data-end=\"3249\">Rinkinyje:<\/strong><\/p>\n<ul data-start=\"3252\" data-end=\"3382\">\n<li data-start=\"3252\" data-end=\"3291\">\n<p data-start=\"3254\" data-end=\"3291\"><strong data-start=\"3254\" data-end=\"3275\">Cleansing Complex<\/strong> 2 ml (2 vnt.)<\/p>\n<\/li>\n<li data-start=\"3292\" data-end=\"3320\">\n<p data-start=\"3294\" data-end=\"3320\"><strong data-start=\"3294\" data-end=\"3310\">Active Serum<\/strong> 3,75 ml<\/p>\n<\/li>\n<li data-start=\"3321\" data-end=\"3353\">\n<p data-start=\"3323\" data-end=\"3353\"><strong data-start=\"3323\" data-end=\"3343\">Hydra-Cool Serum<\/strong> 3,75 ml<\/p>\n<\/li>\n<li data-start=\"3354\" data-end=\"3382\">\n<p data-start=\"3356\" data-end=\"3382\"><strong data-start=\"3356\" data-end=\"3375\">Eclipse SPF 50+<\/strong> 10 g<\/p>\n<\/li>\n<\/ul>\n<p data-start=\"3384\" data-end=\"3688\"><strong data-start=\"3384\" data-end=\"3405\">Cleansing Complex<\/strong> \u2014 universali valomoji priemon\u0117, tinkama visiems odos tipams, nepriklausomai nuo am\u017eiaus. Reguliariai naudojant, padeda u\u017ekirsti keli\u0105 akn\u0117s atsiradimui. Tai ne tik efektyvus kasdienis valiklis, bet ir svarbus etapas ruo\u0161iant od\u0105 tolesnei prie\u017ei\u016brai su <strong data-start=\"3658\" data-end=\"3674\">iS CLINICAL\u00ae<\/strong> produktais.<\/p>\n<p data-start=\"3690\" data-end=\"4010\"><strong data-start=\"3690\" data-end=\"3706\">Active Serum<\/strong> \u2014 populiariausias <strong data-start=\"3725\" data-end=\"3741\">iS CLINICAL\u00ae<\/strong> produktas. Greito veikimo formul\u0117 sukurta ilgalaikiams rezultatams, kuriuos gydytojai apib\u016bdina kaip \u201ei\u0161skirtinius\u201c ir \u201efenomenalius\u201c. Matomi poky\u010diai jau po keli\u0173 dien\u0173: suma\u017e\u0117ja smulkios rauk\u0161lel\u0117s, i\u0161valomos poros, pa\u0161vies\u0117ja pigmentin\u0117s d\u0117m\u0117s, oda tampa lygesn\u0117.<\/p>\n<p data-start=\"4012\" data-end=\"4302\"><strong data-start=\"4012\" data-end=\"4032\">Hydra-Cool Serum<\/strong> \u2014 gaivinantis serumas su augaliniais antioksidantais ir bioaktyviosiomis maistin\u0117mis med\u017eiagomis. Ramina sudirgusi\u0105 od\u0105 po saul\u0117s poveikio ar skutimosi, ma\u017eina u\u017edegim\u0105, intensyviai dr\u0117kina ir gerina odos elastingum\u0105. Tinka vis\u0173 tip\u0173 odai, tiek moterims, tiek vyrams.<\/p>\n<p data-start=\"4304\" data-end=\"4568\"><strong data-start=\"4304\" data-end=\"4323\">Eclipse SPF 50+<\/strong> \u2014 auk\u0161tos apsaugos kremas nuo saul\u0117s kasdieniam naudojimui ir ilgalaikiam buvimui saul\u0117je. Sud\u0117tyje yra moksli\u0161kai patobulint\u0173 fizini\u0173 filtr\u0173 ir gryno E vitamino derinys, suteikiantis stipri\u0105 antioksidacin\u0119 ir plataus spektro UVA\/UVB apsaug\u0105.<\/p>\n","protected":false},"excerpt":{"rendered":"<p data-start=\"5151\" data-end=\"5220\"><span style=\"color: #ff0000;\"><strong>U\u017esakius rinkin\u012f, pristatymo terminas gali b\u016bti 3\u20135 darbo dienos.<\/strong><\/span><\/p>\n<p data-start=\"5222\" data-end=\"5268\">Probleminei odai skirtas prie\u017ei\u016bros rinkinys<\/p>\n<h2 data-start=\"5270\" data-end=\"5598\"><strong data-start=\"5270\" data-end=\"5318\">IS CLINICAL &#8211; Pure Clarity Trial Kit savyb\u0117s<\/strong><\/h2>\n<p data-start=\"5270\" data-end=\"5598\" data-is-last-node=\"\" data-is-only-node=\"\">\u2714\ufe0f Mini formos rinkinys odos valymui ir prie\u017ei\u016brai<br data-start=\"5371\" data-end=\"5374\" \/>\u2714\ufe0f Ma\u017eina u\u017edegim\u0105 ir apsaugo nuo nauj\u0173 b\u0117rim\u0173<br data-start=\"5420\" data-end=\"5423\" \/>\u2714\ufe0f \u0160viesina poakn\u0117s \u017eymes ir i\u0161lygina odos ton\u0105<br data-start=\"5470\" data-end=\"5473\" \/>\u2714\ufe0f Puikiai tinka i\u0161bandymui prie\u0161 \u012fsigyjant pilno dyd\u017eio produktus<br data-start=\"5539\" data-end=\"5542\" \/>\u2714\ufe0f Patogus formatas kelion\u0117ms ir kasdieniam naudojimui<\/p>\n","protected":false},"featured_media":63295,"template":"","meta":[],"pwb-brand":[1180],"product_brand":[],"product_cat":[742,744,756,748,754],"product_tag":[],"giftcard-category":[],"class_list":{"0":"post-55438","1":"product","2":"type-product","3":"status-publish","4":"has-post-thumbnail","6":"pwb-brand-is-clinical","7":"product_cat-berimai","8":"product_cat-issipletusios-poros","9":"product_cat-rinkinys","10":"product_cat-taukainai-adai-lt","11":"product_cat-travel-size-lt","13":"first","14":"instock","15":"taxable","16":"shipping-taxable","17":"purchasable","18":"product-type-simple"},"acf":[],"brands":[{"id":1180,"name":"IS CLINICAL","slug":"is-clinical"}],"_links":{"self":[{"href":"https:\/\/skinstudio.ee\/lt\/wp-json\/wp\/v2\/product\/55438","targetHints":{"allow":["GET"]}}],"collection":[{"href":"https:\/\/skinstudio.ee\/lt\/wp-json\/wp\/v2\/product"}],"about":[{"href":"https:\/\/skinstudio.ee\/lt\/wp-json\/wp\/v2\/types\/product"}],"version-history":[{"count":0,"href":"https:\/\/skinstudio.ee\/lt\/wp-json\/wp\/v2\/product\/55438\/revisions"}],"wp:featuredmedia":[{"embeddable":true,"href":"https:\/\/skinstudio.ee\/lt\/wp-json\/wp\/v2\/media\/63295"}],"wp:attachment":[{"href":"https:\/\/skinstudio.ee\/lt\/wp-json\/wp\/v2\/media?parent=55438"}],"wp:term":[{"taxonomy":"pwb-brand","embeddable":true,"href":"https:\/\/skinstudio.ee\/lt\/wp-json\/wp\/v2\/pwb-brand?post=55438"},{"taxonomy":"product_brand","embeddable":true,"href":"https:\/\/skinstudio.ee\/lt\/wp-json\/wp\/v2\/product_brand?post=55438"},{"taxonomy":"product_cat","embeddable":true,"href":"https:\/\/skinstudio.ee\/lt\/wp-json\/wp\/v2\/product_cat?post=55438"},{"taxonomy":"product_tag","embeddable":true,"href":"https:\/\/skinstudio.ee\/lt\/wp-json\/wp\/v2\/product_tag?post=55438"},{"taxonomy":"giftcard-category","embeddable":true,"href":"https:\/\/skinstudio.ee\/lt\/wp-json\/wp\/v2\/giftcard-category?post=55438"}],"curies":[{"name":"wp","href":"https:\/\/api.w.org\/{rel}","templated":true}]}}