{"id":55451,"date":"2023-05-24T17:56:43","date_gmt":"2023-05-24T17:56:43","guid":{"rendered":"https:\/\/skinstudio.ee\/?post_type=product&#038;p=55451"},"modified":"2026-01-22T15:04:09","modified_gmt":"2026-01-22T15:04:09","slug":"pure-renewal-trial-kit","status":"publish","type":"product","link":"https:\/\/skinstudio.ee\/lt\/catalog\/is-clinical\/pure-renewal-trial-kit\/","title":{"rendered":"Pure Renewal Trial Kit"},"content":{"rendered":"<p data-start=\"3067\" data-end=\"3586\"><strong data-start=\"3067\" data-end=\"3107\">IS CLINICAL &#8211; Pure Renewal Trial Kit<\/strong> sud\u0117tyje yra produktai idealiai nam\u0173 odos prie\u017ei\u016brai.<br data-start=\"3161\" data-end=\"3164\" \/>Veiksmingas daugiafunkcis serumas ir atjauninantis veido kremas padeda pastebimai suma\u017einti tiek pavir\u0161ini\u0173, tiek gilesni\u0173 rauk\u0161li\u0173 gyl\u012f, sutraukti poras ir i\u0161lyginti odos reljef\u0105.<br data-start=\"3344\" data-end=\"3347\" \/>Atkuriamasis balzamas puikiai dr\u0117kina od\u0105 ir gerina jos elastingum\u0105, o apsauginis kremas su antioksidantais ir SPF filtrais patikimai apsaugo nuo saul\u0117s poveikio.<br data-start=\"3509\" data-end=\"3512\" \/>Momentin\u0117 terapija j\u016bs\u0173 odai: valymas, dr\u0117kinimas, apsauga ir spindesys.<\/p>\n<p data-start=\"3588\" data-end=\"3604\"><strong data-start=\"3588\" data-end=\"3602\">Rinkinyje:<\/strong><\/p>\n<ul data-start=\"3605\" data-end=\"3723\">\n<li data-start=\"3605\" data-end=\"3639\">\n<p data-start=\"3607\" data-end=\"3639\"><strong data-start=\"3607\" data-end=\"3628\">Cleansing Complex<\/strong> 2 \u00d7 2 ml<\/p>\n<\/li>\n<li data-start=\"3640\" data-end=\"3665\">\n<p data-start=\"3642\" data-end=\"3665\"><strong data-start=\"3642\" data-end=\"3659\">Youth Complex<\/strong> 2 g<\/p>\n<\/li>\n<li data-start=\"3666\" data-end=\"3694\">\n<p data-start=\"3668\" data-end=\"3694\"><strong data-start=\"3668\" data-end=\"3684\">Active Serum<\/strong> 3,75 ml<\/p>\n<\/li>\n<li data-start=\"3695\" data-end=\"3723\">\n<p data-start=\"3697\" data-end=\"3723\"><strong data-start=\"3697\" data-end=\"3716\">Eclipse SPF 50+<\/strong> 10 g<\/p>\n<\/li>\n<\/ul>\n<p data-start=\"3725\" data-end=\"3916\"><strong data-start=\"3725\" data-end=\"3746\">Cleansing Complex<\/strong> &#8211; universalus valiklis, tinkamas visiems odos tipams. Reguliarus naudojimas padeda i\u0161vengti akn\u0117s ir paruo\u0161ia od\u0105 tolimesnei prie\u017ei\u016brai su <strong data-start=\"3886\" data-end=\"3902\">iS CLINICAL\u00ae<\/strong> produktais.<\/p>\n<p data-start=\"3918\" data-end=\"4072\"><strong data-start=\"3918\" data-end=\"3935\">Youth Complex<\/strong> patentuota formul\u0117 efektyviai u\u017epildo smulkias rauk\u0161les, i\u0161lygina odos reljef\u0105 ir ilgainiui stimuliuoja kolageno bei elastino sintez\u0119.<\/p>\n<p data-start=\"4074\" data-end=\"4275\"><strong data-start=\"4074\" data-end=\"4090\">Active Serum<\/strong> &#8211; populiariausias <strong data-start=\"4109\" data-end=\"4125\">iS CLINICAL\u00ae<\/strong> produktas. Greito veikimo formul\u0117 suteikia ilgalaikius rezultatus: ma\u017eina rauk\u0161les, valo poras, \u0161viesina pigmentines d\u0117mes ir gerina odos tekst\u016br\u0105.<\/p>\n<p data-start=\"4277\" data-end=\"4521\"><strong data-start=\"4277\" data-end=\"4296\">Eclipse SPF 50+<\/strong> &#8211; auk\u0161tos apsaugos kremas nuo saul\u0117s kasdieniam naudojimui ir ilgalaikiam buvimui saul\u0117je. Sud\u0117tyje yra patobulinti fiziniai filtrai ir gryno vitamino E derinys, suteikiantis antioksidacin\u0119 ir pla\u010diajuost\u0119 UVA\/UVB apsaug\u0105.<\/p>\n","protected":false},"excerpt":{"rendered":"<article class=\"text-token-text-primary w-full focus:outline-none [--shadow-height:45px] has-data-writing-block:pointer-events-none has-data-writing-block:-mt-(--shadow-height) has-data-writing-block:pt-(--shadow-height) [&amp;:has([data-writing-block])&gt;*]:pointer-events-auto [content-visibility:auto] supports-[content-visibility:auto]:[contain-intrinsic-size:auto_100lvh] scroll-mt-[calc(var(--header-height)+min(200px,max(70px,20svh)))]\" dir=\"auto\" style=\"font-style: normal; font-variant-caps: normal; font-weight: 400; letter-spacing: normal; orphans: auto; text-align: start; text-indent: 0px; text-transform: none; white-space: normal; widows: auto; word-spacing: 0px; -webkit-text-stroke-width: 0px; text-decoration: none; caret-color: #000000; color: #000000;\" tabindex=\"-1\" data-turn-id=\"request-WEB:00631e7e-f2cb-4b75-9e1c-364ebc5f9e59-62\" data-testid=\"conversation-turn-60\" data-scroll-anchor=\"false\" data-turn=\"assistant\">\n<div class=\"text-base my-auto mx-auto [--thread-content-margin:--spacing(4)] thread-sm:[--thread-content-margin:--spacing(6)] thread-lg:[--thread-content-margin:--spacing(16)] px-(--thread-content-margin)\">\n<div class=\"[--thread-content-max-width:40rem] thread-lg:[--thread-content-max-width:48rem] mx-auto max-w-(--thread-content-max-width) flex-1 group\/turn-messages focus-visible:outline-hidden relative flex w-full min-w-0 flex-col agent-turn\" tabindex=\"-1\">\n<div class=\"flex max-w-full flex-col grow\">\n<div class=\"min-h-8 text-message relative flex w-full flex-col items-end gap-2 text-start break-words whitespace-normal [.text-message+&amp;]:mt-1\" dir=\"auto\" data-message-author-role=\"assistant\" data-message-id=\"dff07224-2c84-4152-96ff-71c47b0d9675\" data-message-model-slug=\"gpt-5\">\n<div class=\"flex w-full flex-col gap-1 empty:hidden first:pt-[1px]\">\n<div class=\"markdown prose dark:prose-invert w-full break-words light markdown-new-styling\">\n<p data-start=\"5079\" data-end=\"5146\"><span style=\"color: #ff0000;\"><strong>*U\u017esakius rinkin\u012f, pristatymo laikas gali b\u016bti 3\u20135 darbo dienos.<\/strong><\/span><\/p>\n<p data-start=\"5148\" data-end=\"5321\">Rinkinys \u201eAtjauninantis\u201c susideda i\u0161 keturi\u0173 pagrindini\u0173 priemoni\u0173 kasdienei odos prie\u017ei\u016brai.<\/p>\n<h2 data-start=\"5323\" data-end=\"5677\"><strong data-start=\"5323\" data-end=\"5371\">IS CLINICAL &#8211; Pure Renewal Trial Kit savyb\u0117s<\/strong><\/h2>\n<p data-start=\"5323\" data-end=\"5677\" data-is-last-node=\"\" data-is-only-node=\"\">\u2714\ufe0f Mini formos rinkinys \u0161velniam odos atnaujinimui ir dr\u0117kinimui<br data-start=\"5438\" data-end=\"5441\" \/>\u2714\ufe0f Gerina odos tekst\u016br\u0105 ir suteikia sveiko \u0161vyt\u0117jimo<br data-start=\"5493\" data-end=\"5496\" \/>\u2714\ufe0f Padeda suma\u017einti pirmuosius sen\u0117jimo po\u017eymius ir pigmentacij\u0105<br data-start=\"5560\" data-end=\"5563\" \/>\u2714\ufe0f Tinka i\u0161bandymui prie\u0161 \u012fsigyjant pilno dyd\u017eio produktus<br data-start=\"5621\" data-end=\"5624\" \/>\u2714\ufe0f Patogus dydis kelion\u0117ms ir kasdieniam naudojimui<\/p>\n<\/div>\n<\/div>\n<\/div>\n<\/div>\n<div class=\"z-0 flex min-h-[46px] justify-start\"><\/div>\n<\/div>\n<\/div>\n<\/article>\n","protected":false},"featured_media":63290,"template":"","meta":[],"pwb-brand":[1180],"product_brand":[],"product_cat":[756,754],"product_tag":[],"giftcard-category":[],"class_list":{"0":"post-55451","1":"product","2":"type-product","3":"status-publish","4":"has-post-thumbnail","6":"pwb-brand-is-clinical","7":"product_cat-rinkinys","8":"product_cat-travel-size-lt","10":"first","11":"instock","12":"taxable","13":"shipping-taxable","14":"purchasable","15":"product-type-simple"},"acf":[],"brands":[{"id":1180,"name":"IS CLINICAL","slug":"is-clinical"}],"_links":{"self":[{"href":"https:\/\/skinstudio.ee\/lt\/wp-json\/wp\/v2\/product\/55451","targetHints":{"allow":["GET"]}}],"collection":[{"href":"https:\/\/skinstudio.ee\/lt\/wp-json\/wp\/v2\/product"}],"about":[{"href":"https:\/\/skinstudio.ee\/lt\/wp-json\/wp\/v2\/types\/product"}],"version-history":[{"count":0,"href":"https:\/\/skinstudio.ee\/lt\/wp-json\/wp\/v2\/product\/55451\/revisions"}],"wp:featuredmedia":[{"embeddable":true,"href":"https:\/\/skinstudio.ee\/lt\/wp-json\/wp\/v2\/media\/63290"}],"wp:attachment":[{"href":"https:\/\/skinstudio.ee\/lt\/wp-json\/wp\/v2\/media?parent=55451"}],"wp:term":[{"taxonomy":"pwb-brand","embeddable":true,"href":"https:\/\/skinstudio.ee\/lt\/wp-json\/wp\/v2\/pwb-brand?post=55451"},{"taxonomy":"product_brand","embeddable":true,"href":"https:\/\/skinstudio.ee\/lt\/wp-json\/wp\/v2\/product_brand?post=55451"},{"taxonomy":"product_cat","embeddable":true,"href":"https:\/\/skinstudio.ee\/lt\/wp-json\/wp\/v2\/product_cat?post=55451"},{"taxonomy":"product_tag","embeddable":true,"href":"https:\/\/skinstudio.ee\/lt\/wp-json\/wp\/v2\/product_tag?post=55451"},{"taxonomy":"giftcard-category","embeddable":true,"href":"https:\/\/skinstudio.ee\/lt\/wp-json\/wp\/v2\/giftcard-category?post=55451"}],"curies":[{"name":"wp","href":"https:\/\/api.w.org\/{rel}","templated":true}]}}