{"id":55458,"date":"2023-05-24T17:56:43","date_gmt":"2023-05-24T17:56:43","guid":{"rendered":"https:\/\/skinstudio.ee\/?post_type=product&#038;p=55458"},"modified":"2026-01-22T15:04:09","modified_gmt":"2026-01-22T15:04:09","slug":"pure-radiance-trial-kit","status":"publish","type":"product","link":"https:\/\/skinstudio.ee\/lt\/catalog\/is-clinical\/pure-radiance-trial-kit\/","title":{"rendered":"Pure Radiance Trial Kit"},"content":{"rendered":"<p data-start=\"3545\" data-end=\"3732\">Suma\u017einkite tamsi\u0173 d\u0117mi\u0173, netolygum\u0173 ir odos pilkumo atsiradim\u0105 su <strong data-start=\"3612\" data-end=\"3629\">Pure Radiance<\/strong> kolekcija.<br data-start=\"3640\" data-end=\"3643\" \/>Rinkinio produktai \u0161velniai eksfoliuoja, suteikdami odai sveik\u0105 ir spindin\u010di\u0105 i\u0161vaizd\u0105.<\/p>\n<p data-start=\"3842\" data-end=\"4080\"><strong data-start=\"3842\" data-end=\"3886\">\u012e rinkin\u012f Pure Radiance Trial Kit \u012feina:<\/strong><br data-start=\"3886\" data-end=\"3889\" \/>Veido prausiklis <em data-start=\"3906\" data-end=\"3925\">Cleansing Complex<\/em> 2ml<br data-start=\"3929\" data-end=\"3932\" \/>Balinamasis serumas <em data-start=\"3952\" data-end=\"3971\">Brightening Serum<\/em> 10g<br data-start=\"3975\" data-end=\"3978\" \/>Balinamasis kremas <em data-start=\"3997\" data-end=\"4018\">Brightening Complex<\/em> 3.75ml<br data-start=\"4025\" data-end=\"4028\" \/>Apsauginis kremas nuo saul\u0117s <em data-start=\"4057\" data-end=\"4074\">Eclipse SPF 50+<\/em> 10g<\/p>\n<p data-start=\"4082\" data-end=\"4388\"><em data-start=\"4082\" data-end=\"4101\">Cleansing Complex<\/em> \u2013 puiki prie\u017ei\u016bros priemon\u0117 visiems odos tipams, nepriklausomai nuo am\u017eiaus. Reguliarus naudojimas padeda i\u0161vengti akn\u0117s. <em data-start=\"4224\" data-end=\"4243\">Cleansing Complex<\/em> yra ne tik veiksminga kasdien\u0117s odos valymo priemon\u0117, bet ir svarbus etapas ruo\u0161iant od\u0105 tolimesnei prie\u017ei\u016brai su <strong data-start=\"4358\" data-end=\"4374\">iS CLINICAL\u00ae<\/strong> produktais.<\/p>\n<p data-start=\"4390\" data-end=\"4705\"><em data-start=\"4390\" data-end=\"4409\">Brightening Serum<\/em> \u2013 \u0161viesinamasis serumas, kuriame yra stipri\u0173 augalin\u0117s kilm\u0117s ingredient\u0173 greitam ir \u0161velniam pigmentacijos ma\u017einimui, kartu suteikiantis prie\u0161rauk\u0161lin\u012f efekt\u0105. Sukelia kontroliuojam\u0105, vos pastebim\u0105 eksfoliacij\u0105. Tinka naudoti visam veidui arba tik pigmentin\u0117ms d\u0117m\u0117ms. Lengvai \u012fsigeria \u012f od\u0105.<\/p>\n<p data-start=\"4707\" data-end=\"5095\"><em data-start=\"4707\" data-end=\"4728\">Brightening Complex<\/em> \u2013 \u0161viesinamasis kremas, kuris veiksmingai ir \u0161velniai balina bei dr\u0117kina od\u0105. Sud\u0117tyje yra inovatyvi\u0173 farmacin\u0117s kokyb\u0117s balinam\u0173j\u0173 ingredient\u0173, aktyvuojan\u010di\u0173 visus penkis pigmentacijos slopinimo mechanizmus. Blokuoja melanocit\u0173 ir keratinocit\u0173 ry\u0161\u012f, ma\u017eina melanino gamyb\u0105, slopina tirozino veikl\u0105, eksfoliuoja, ma\u017eina u\u017edegim\u0105 ir suteikia antioksidacin\u0119 apsaug\u0105.<\/p>\n<p data-start=\"5097\" data-end=\"5381\"><em data-start=\"5097\" data-end=\"5114\">Eclipse SPF 50+<\/em> \u2013 apsauginis kremas nuo saul\u0117s kasdieniam naudojimui ir ilgam buvimui saul\u0117je. Sud\u0117tyje yra unikalus patobulint\u0173 fizini\u0173 filtr\u0173 ir gryno vitamino E derinys. Antioksidantais praturtinta formul\u0117 u\u017etikrina auk\u0161\u010diausi\u0105 vandeniui atspari\u0105 apsaug\u0105 nuo UVA\/UVB spinduli\u0173.<\/p>\n","protected":false},"excerpt":{"rendered":"<p data-start=\"6078\" data-end=\"6147\"><span style=\"color: #ff0000;\"><strong>*U\u017esisakant rinkin\u012f, pristatymo laikas gali b\u016bti 3\u20135 darbo dienos.<\/strong><\/span><\/p>\n<p data-start=\"6149\" data-end=\"6279\">\u0160viesinamasis rinkinys i\u0161 iS CLINICAL\u00ae leis visam laikui atsisveikinti su tamsiomis d\u0117m\u0117mis, netolygiu odos tonu ir pilkumu<\/p>\n<h2 data-start=\"6281\" data-end=\"6588\"><strong data-start=\"6281\" data-end=\"6330\">iS CLINICAL &#8211; Pure Radiance Trial Kit savyb\u0117s<\/strong><\/h2>\n<p data-start=\"6281\" data-end=\"6588\" data-is-last-node=\"\" data-is-only-node=\"\">\u2714\ufe0f Mini form\u0173 rinkinys odos \u0161viesinimui ir spindesiui<br data-start=\"6386\" data-end=\"6389\" \/>\u2714\ufe0f Ma\u017eina pigmentacij\u0105 ir poakn\u0117s \u017eymes<br data-start=\"6428\" data-end=\"6431\" \/>\u2714\ufe0f I\u0161lygina odos atspalv\u012f ir tekst\u016br\u0105<br data-start=\"6468\" data-end=\"6471\" \/>\u2714\ufe0f Puikiai tinka i\u0161bandyti prie\u0161 pilno dyd\u017eio produkt\u0173 \u012fsigijim\u0105<br data-start=\"6535\" data-end=\"6538\" \/>\u2714\ufe0f Patogus dydis kelion\u0117ms ir kasdienei prie\u017ei\u016brai<\/p>\n","protected":false},"featured_media":63300,"template":"","meta":[],"pwb-brand":[1180],"product_brand":[],"product_cat":[756,754],"product_tag":[],"giftcard-category":[],"class_list":{"0":"post-55458","1":"product","2":"type-product","3":"status-publish","4":"has-post-thumbnail","6":"pwb-brand-is-clinical","7":"product_cat-rinkinys","8":"product_cat-travel-size-lt","10":"first","11":"instock","12":"taxable","13":"shipping-taxable","14":"purchasable","15":"product-type-simple"},"acf":[],"brands":[{"id":1180,"name":"IS CLINICAL","slug":"is-clinical"}],"_links":{"self":[{"href":"https:\/\/skinstudio.ee\/lt\/wp-json\/wp\/v2\/product\/55458","targetHints":{"allow":["GET"]}}],"collection":[{"href":"https:\/\/skinstudio.ee\/lt\/wp-json\/wp\/v2\/product"}],"about":[{"href":"https:\/\/skinstudio.ee\/lt\/wp-json\/wp\/v2\/types\/product"}],"version-history":[{"count":0,"href":"https:\/\/skinstudio.ee\/lt\/wp-json\/wp\/v2\/product\/55458\/revisions"}],"wp:featuredmedia":[{"embeddable":true,"href":"https:\/\/skinstudio.ee\/lt\/wp-json\/wp\/v2\/media\/63300"}],"wp:attachment":[{"href":"https:\/\/skinstudio.ee\/lt\/wp-json\/wp\/v2\/media?parent=55458"}],"wp:term":[{"taxonomy":"pwb-brand","embeddable":true,"href":"https:\/\/skinstudio.ee\/lt\/wp-json\/wp\/v2\/pwb-brand?post=55458"},{"taxonomy":"product_brand","embeddable":true,"href":"https:\/\/skinstudio.ee\/lt\/wp-json\/wp\/v2\/product_brand?post=55458"},{"taxonomy":"product_cat","embeddable":true,"href":"https:\/\/skinstudio.ee\/lt\/wp-json\/wp\/v2\/product_cat?post=55458"},{"taxonomy":"product_tag","embeddable":true,"href":"https:\/\/skinstudio.ee\/lt\/wp-json\/wp\/v2\/product_tag?post=55458"},{"taxonomy":"giftcard-category","embeddable":true,"href":"https:\/\/skinstudio.ee\/lt\/wp-json\/wp\/v2\/giftcard-category?post=55458"}],"curies":[{"name":"wp","href":"https:\/\/api.w.org\/{rel}","templated":true}]}}