{"id":55474,"date":"2023-05-24T17:56:43","date_gmt":"2023-05-24T17:56:43","guid":{"rendered":"https:\/\/skinstudio.ee\/?post_type=product&#038;p=55474"},"modified":"2026-01-22T15:04:10","modified_gmt":"2026-01-22T15:04:10","slug":"smooth-and-soothe-clinical-facial","status":"publish","type":"product","link":"https:\/\/skinstudio.ee\/lt\/catalog\/is-clinical\/smooth-and-soothe-clinical-facial\/","title":{"rendered":"Smooth and Soothe Clinical Facial"},"content":{"rendered":"<p data-start=\"2676\" data-end=\"3303\">Rinkin\u012f sudaro dvi kauk\u0117s giliam odos valymui ir dr\u0117kinimui.<br data-start=\"2736\" data-end=\"2739\" \/>Rinkinio priemon\u0117s pa\u0161alina negyvas odos l\u0105steles ir skatina j\u0173 atsinaujinim\u0105, giliai valo, dr\u0117kina ir atkuria od\u0105.<br data-start=\"2854\" data-end=\"2857\" \/>Reguliariai naudojant, oda tampa lygesn\u0117, tolygesn\u0117, gr\u012f\u017eta nat\u016bralus \u0161velnumas ir aksominis poj\u016btis.<br data-start=\"2958\" data-end=\"2961\" \/>Sen\u0117jimo po\u017eymiai ir pigmentacija tampa ma\u017eiau pastebimi, u\u017edegimai i\u0161nyksta grei\u010diau ir pasirei\u0161kia re\u010diau.<br data-start=\"3069\" data-end=\"3072\" \/>Rinkinys tinka papilk\u0117jusiai odai su pirmais sen\u0117jimo po\u017eymiais, gali b\u016bti naudojamas tiek moter\u0173, tiek vyr\u0173 su bet kokiu odos tipu. Kaip priedas, rinkinyje taip pat yra du serum\u0173 m\u0117giniai ir mini dr\u0117kinamosios emulsijos versija.<\/p>\n<p data-start=\"3305\" data-end=\"3496\"><strong data-start=\"3305\" data-end=\"3359\">\u012e rinkin\u012f \u012feina Smooth and Soothe Clinical Facial:<\/strong><br data-start=\"3359\" data-end=\"3362\" \/>Fermentin\u0117 kauk\u0117 <em data-start=\"3379\" data-end=\"3410\">Tri-Active Exfoliating Masque<\/em> <strong data-start=\"3411\" data-end=\"3419\">120g<\/strong><br data-start=\"3419\" data-end=\"3422\" \/>Dr\u0117kinamoji atgaivinanti kauk\u0117 <em data-start=\"3453\" data-end=\"3485\">Hydra-Intensive Cooling Masque<\/em> <strong data-start=\"3486\" data-end=\"3494\">50ml<\/strong><\/p>\n<p data-start=\"3498\" data-end=\"3870\"><em data-start=\"3498\" data-end=\"3529\">Tri-Active Exfoliating Masque<\/em> \u2013 veiksmingi augaliniai fermentai, salicilo r\u016bg\u0161tis ir mikroceliulioz\u0117s granul\u0117s u\u017etikrina tobul\u0105 fizinio ir biocheminio \u0161veitimo derin\u012f, o Brazilijos apelsin\u0173 ekstraktas suteikia papildom\u0105 antioksidacin\u0119 apsaug\u0105 ir prabang\u0173 aromat\u0105. Kauk\u0117 pastebimai lygina, mink\u0161tina ir valo od\u0105, suteikia sveiko \u0161vyt\u0117jimo, \u0161viesina bei gerina tekst\u016br\u0105.<\/p>\n<p data-start=\"3872\" data-end=\"4157\"><em data-start=\"3872\" data-end=\"3904\">Hydra-Intensive Cooling Masque<\/em> \u2013 prabangus v\u0117sinantis produktas, puikiai gaivinantis, raminantis ir dr\u0117kinantis od\u0105. Stiprioje profesionalioje formul\u0117je yra nat\u016brali\u0173 augalini\u0173 antioksidant\u0173 ir augalin\u0117s kilm\u0117s hialurono r\u016bg\u0161ties. Po naudojimo oda tampa gaivi ir giliai sudr\u0117kinta.<\/p>\n<p data-start=\"4159\" data-end=\"4562\">\n","protected":false},"excerpt":{"rendered":"<p data-start=\"4564\" data-end=\"4619\">Rinkinys i\u0161 dviej\u0173 kauki\u0173 odos valymui ir dr\u0117kinimui.<\/p>\n<h2 data-start=\"4621\" data-end=\"4913\"><strong data-start=\"4621\" data-end=\"4680\">iS CLINICAL &#8211; Smooth and Soothe Clinical Facial savyb\u0117s<\/strong><\/h2>\n<p data-start=\"4621\" data-end=\"4913\" data-is-last-node=\"\" data-is-only-node=\"\">\u2714\ufe0f Profesionali proced\u016bra greitam odos atnaujinimui<br data-start=\"4734\" data-end=\"4737\" \/>\u2714\ufe0f \u0160velniai pa\u0161alina negyvas l\u0105steles ir i\u0161lygina tekst\u016br\u0105<br data-start=\"4795\" data-end=\"4798\" \/>\u2714\ufe0f Ramina sudirgusi\u0105 od\u0105 ir ma\u017eina paraudim\u0105<br data-start=\"4842\" data-end=\"4845\" \/>\u2714\ufe0f Dr\u0117kina ir suteikia sveiko spindesio<br data-start=\"4884\" data-end=\"4887\" \/>\u2714\ufe0f Tinka net jautriai odai<\/p>\n","protected":false},"featured_media":63315,"template":"","meta":[],"pwb-brand":[1180],"product_brand":[],"product_cat":[742,738,744,746,726,756,740,750,720,748],"product_tag":[],"giftcard-category":[],"class_list":{"0":"post-55474","1":"product","2":"type-product","3":"status-publish","4":"has-post-thumbnail","6":"pwb-brand-is-clinical","7":"product_cat-berimai","8":"product_cat-drekinimas","9":"product_cat-issipletusios-poros","10":"product_cat-jautriai-odai","11":"product_cat-maskas-lt","12":"product_cat-rinkinys","13":"product_cat-sausai-odai","14":"product_cat-senstanti-oda","15":"product_cat-sveitikliai-ir-pilingai","16":"product_cat-taukainai-adai-lt","18":"first","19":"instock","20":"sale","21":"taxable","22":"shipping-taxable","23":"purchasable","24":"product-type-simple"},"acf":[],"brands":[{"id":1180,"name":"IS CLINICAL","slug":"is-clinical"}],"_links":{"self":[{"href":"https:\/\/skinstudio.ee\/lt\/wp-json\/wp\/v2\/product\/55474","targetHints":{"allow":["GET"]}}],"collection":[{"href":"https:\/\/skinstudio.ee\/lt\/wp-json\/wp\/v2\/product"}],"about":[{"href":"https:\/\/skinstudio.ee\/lt\/wp-json\/wp\/v2\/types\/product"}],"version-history":[{"count":0,"href":"https:\/\/skinstudio.ee\/lt\/wp-json\/wp\/v2\/product\/55474\/revisions"}],"wp:featuredmedia":[{"embeddable":true,"href":"https:\/\/skinstudio.ee\/lt\/wp-json\/wp\/v2\/media\/63315"}],"wp:attachment":[{"href":"https:\/\/skinstudio.ee\/lt\/wp-json\/wp\/v2\/media?parent=55474"}],"wp:term":[{"taxonomy":"pwb-brand","embeddable":true,"href":"https:\/\/skinstudio.ee\/lt\/wp-json\/wp\/v2\/pwb-brand?post=55474"},{"taxonomy":"product_brand","embeddable":true,"href":"https:\/\/skinstudio.ee\/lt\/wp-json\/wp\/v2\/product_brand?post=55474"},{"taxonomy":"product_cat","embeddable":true,"href":"https:\/\/skinstudio.ee\/lt\/wp-json\/wp\/v2\/product_cat?post=55474"},{"taxonomy":"product_tag","embeddable":true,"href":"https:\/\/skinstudio.ee\/lt\/wp-json\/wp\/v2\/product_tag?post=55474"},{"taxonomy":"giftcard-category","embeddable":true,"href":"https:\/\/skinstudio.ee\/lt\/wp-json\/wp\/v2\/giftcard-category?post=55474"}],"curies":[{"name":"wp","href":"https:\/\/api.w.org\/{rel}","templated":true}]}}