{"id":55480,"date":"2023-05-24T17:56:43","date_gmt":"2023-05-24T17:56:43","guid":{"rendered":"https:\/\/skinstudio.ee\/?post_type=product&#038;p=55480"},"modified":"2026-03-19T10:55:30","modified_gmt":"2026-03-19T10:55:30","slug":"cream-cleanser","status":"publish","type":"product","link":"https:\/\/skinstudio.ee\/lt\/catalog\/is-clinical\/cream-cleanser\/","title":{"rendered":"Cream Cleanser"},"content":{"rendered":"<p data-start=\"1569\" data-end=\"1810\"><strong data-start=\"1576\" data-end=\"1610\">Cream Cleanser nuo iS Clinical<\/strong> &#8211; tai \u0161velnus valomasis kremas, kuris efektyviai pa\u0161alina ne\u0161varumus ir makia\u017e\u0105, nepa\u017eeisdamas nat\u016bralios odos pusiausvyros. Formul\u0117 sukurta taip, kad nedirgint\u0173 net labai jautrios ir pa\u017eeistos odos.<\/p>\n<p data-start=\"1812\" data-end=\"2129\">Kremas \u0161velniai valo od\u0105, tuo pa\u010diu pad\u0117damas i\u0161laikyti ir stiprinti jos apsaugin\u012f barjer\u0105. Jis palieka od\u0105 lygi\u0105, mink\u0161t\u0105 ir pri\u017ei\u016br\u0117t\u0105, paruo\u0161damas j\u0105 tolimesnei prie\u017ei\u016brai ar makia\u017eo naudojimui. Universali tekst\u016bra leid\u017eia naudoti produkt\u0105 tiek su vandeniu, tiek be jo, tod\u0117l jis yra patogus kasdieniam naudojimui.<\/p>\n<p data-start=\"2131\" data-end=\"2289\">Reguliariai naudojant oda tampa ramesn\u0117, labiau sudr\u0117kinta ir subalansuota, be sausumo ar tempimo poj\u016b\u010dio. Valymas tampa komforti\u0161kas net labai jautriai odai.<\/p>\n<p data-start=\"2291\" data-end=\"2323\"><strong data-start=\"2291\" data-end=\"2323\">Aktyvi\u0173 komponent\u0173 veikimas:<\/strong><\/p>\n<ul data-start=\"2325\" data-end=\"2549\">\n<li data-section-id=\"wtdqqn\" data-start=\"2325\" data-end=\"2417\">\n<p data-start=\"2327\" data-end=\"2417\"><strong data-start=\"2327\" data-end=\"2369\">Dygmin\u0173 s\u0117kl\u0173 aliejus + kokos\u0173 aliejus<\/strong>: maitina od\u0105 ir palaiko jos apsaugin\u012f barjer\u0105<\/p>\n<\/li>\n<li data-section-id=\"ikyxzo\" data-start=\"2418\" data-end=\"2485\">\n<p data-start=\"2420\" data-end=\"2485\"><strong data-start=\"2420\" data-end=\"2433\">Skvalanas<\/strong>: padeda stiprinti od\u0105 ir ma\u017eina dr\u0117gm\u0117s praradim\u0105<\/p>\n<\/li>\n<li data-section-id=\"o7042m\" data-start=\"2486\" data-end=\"2549\">\n<p data-start=\"2488\" data-end=\"2549\"><strong data-start=\"2488\" data-end=\"2502\">Glicerinas<\/strong>: suteikia dr\u0117kinim\u0105 ir palaiko odos komfort\u0105<\/p>\n<\/li>\n<\/ul>\n<p data-start=\"2551\" data-end=\"2654\"><strong data-start=\"2551\" data-end=\"2579\">Kam tinka Cream Cleanser<\/strong>: sausai, normaliai ir jautriai odai, linkusiai \u012f dirginim\u0105 ir diskomfort\u0105.<\/p>\n<p data-start=\"2656\" data-end=\"2672\"><strong data-start=\"2656\" data-end=\"2672\">T\u016bris: 120 g<\/strong><\/p>\n","protected":false},"excerpt":{"rendered":"<p data-start=\"2840\" data-end=\"2870\">Valomasis kremas jautriai odai<\/p>\n<h2 data-start=\"2872\" data-end=\"2912\"><strong data-start=\"2872\" data-end=\"2912\">iS Clinical &#8211; Cream Cleanser Savyb\u0117s<\/strong><\/h2>\n<p data-start=\"2914\" data-end=\"3105\">\u2714\ufe0f \u0160velniai valo od\u0105 be dirginimo<br data-start=\"2947\" data-end=\"2950\" \/>\u2714\ufe0f Efektyviai pa\u0161alina makia\u017e\u0105 ir ne\u0161varumus<br data-start=\"2994\" data-end=\"2997\" \/>\u2714\ufe0f Mink\u0161tina od\u0105 ir gerina komfort\u0105<br data-start=\"3032\" data-end=\"3035\" \/>\u2714\ufe0f Palaiko odos apsaugin\u012f barjer\u0105<br data-start=\"3068\" data-end=\"3071\" \/>\u2714\ufe0f Tinka jautriai ir sausai odai<\/p>\n","protected":false},"featured_media":55481,"template":"","meta":[],"pwb-brand":[1180],"product_brand":[],"product_cat":[746,740,718],"product_tag":[],"giftcard-category":[],"class_list":{"0":"post-55480","1":"product","2":"type-product","3":"status-publish","4":"has-post-thumbnail","6":"pwb-brand-is-clinical","7":"product_cat-jautriai-odai","8":"product_cat-sausai-odai","9":"product_cat-valymas","11":"first","12":"instock","13":"taxable","14":"shipping-taxable","15":"purchasable","16":"product-type-simple"},"acf":[],"brands":[{"id":1180,"name":"IS CLINICAL","slug":"is-clinical"}],"_links":{"self":[{"href":"https:\/\/skinstudio.ee\/lt\/wp-json\/wp\/v2\/product\/55480","targetHints":{"allow":["GET"]}}],"collection":[{"href":"https:\/\/skinstudio.ee\/lt\/wp-json\/wp\/v2\/product"}],"about":[{"href":"https:\/\/skinstudio.ee\/lt\/wp-json\/wp\/v2\/types\/product"}],"version-history":[{"count":1,"href":"https:\/\/skinstudio.ee\/lt\/wp-json\/wp\/v2\/product\/55480\/revisions"}],"predecessor-version":[{"id":86859,"href":"https:\/\/skinstudio.ee\/lt\/wp-json\/wp\/v2\/product\/55480\/revisions\/86859"}],"wp:featuredmedia":[{"embeddable":true,"href":"https:\/\/skinstudio.ee\/lt\/wp-json\/wp\/v2\/media\/55481"}],"wp:attachment":[{"href":"https:\/\/skinstudio.ee\/lt\/wp-json\/wp\/v2\/media?parent=55480"}],"wp:term":[{"taxonomy":"pwb-brand","embeddable":true,"href":"https:\/\/skinstudio.ee\/lt\/wp-json\/wp\/v2\/pwb-brand?post=55480"},{"taxonomy":"product_brand","embeddable":true,"href":"https:\/\/skinstudio.ee\/lt\/wp-json\/wp\/v2\/product_brand?post=55480"},{"taxonomy":"product_cat","embeddable":true,"href":"https:\/\/skinstudio.ee\/lt\/wp-json\/wp\/v2\/product_cat?post=55480"},{"taxonomy":"product_tag","embeddable":true,"href":"https:\/\/skinstudio.ee\/lt\/wp-json\/wp\/v2\/product_tag?post=55480"},{"taxonomy":"giftcard-category","embeddable":true,"href":"https:\/\/skinstudio.ee\/lt\/wp-json\/wp\/v2\/giftcard-category?post=55480"}],"curies":[{"name":"wp","href":"https:\/\/api.w.org\/{rel}","templated":true}]}}