{"id":55487,"date":"2023-05-24T17:56:42","date_gmt":"2023-05-24T17:56:42","guid":{"rendered":"https:\/\/skinstudio.ee\/?post_type=product&#038;p=55487"},"modified":"2026-01-22T15:04:09","modified_gmt":"2026-01-22T15:04:09","slug":"pure-clarity-collection","status":"publish","type":"product","link":"https:\/\/skinstudio.ee\/lt\/catalog\/is-clinical\/pure-clarity-collection\/","title":{"rendered":"Pure Clarity Collection"},"content":{"rendered":"<p data-start=\"3074\" data-end=\"3297\">Rinkin\u012f sudaro:<br data-start=\"3089\" data-end=\"3092\" \/>Veido prausiklis <em data-start=\"3109\" data-end=\"3128\">Cleansing Complex<\/em> <strong data-start=\"3129\" data-end=\"3138\">180ml<\/strong><br data-start=\"3138\" data-end=\"3141\" \/>Daugiafunkcis serumas <em data-start=\"3163\" data-end=\"3177\">Active Serum<\/em> <strong data-start=\"3178\" data-end=\"3186\">15ml<\/strong><br data-start=\"3186\" data-end=\"3189\" \/>Dr\u0117kinamasis serumas <em data-start=\"3210\" data-end=\"3228\">Hydra-Cool Serum<\/em> <strong data-start=\"3229\" data-end=\"3237\">15ml<\/strong><br data-start=\"3237\" data-end=\"3240\" \/>Apsauginis kremas nuo saul\u0117s <em data-start=\"3269\" data-end=\"3286\">Eclipse SPF 50+<\/em> <strong data-start=\"3287\" data-end=\"3295\">100g<\/strong><\/p>\n<p data-start=\"3299\" data-end=\"3599\"><em data-start=\"3299\" data-end=\"3318\">Cleansing Complex<\/em> \u2013 puiki prie\u017ei\u016bros priemon\u0117 visiems odos tipams, nepriklausomai nuo am\u017eiaus. Reguliarus naudojimas padeda i\u0161vengti akn\u0117s. <em data-start=\"3441\" data-end=\"3460\">Cleansing Complex<\/em> yra ne tik veiksmingas kasdien\u0117s odos valiklis, bet ir svarbus \u017eingsnis ruo\u0161iant od\u0105 tolesnei prie\u017ei\u016brai su <strong data-start=\"3569\" data-end=\"3585\">iS CLINICAL\u00ae<\/strong> produktais.<\/p>\n<p data-start=\"3601\" data-end=\"3924\"><em data-start=\"3601\" data-end=\"3615\">Active Serum<\/em> \u2013 populiariausias <strong data-start=\"3634\" data-end=\"3650\">iS CLINICAL\u00ae<\/strong> produktas. Jo greitai veikianti formul\u0117 sukurta ilgalaikiam rezultatui, kur\u012f gydytojai vadina \u201ei\u0161skirtiniu\u201c ir \u201efenomenaliu\u201c. <em data-start=\"3777\" data-end=\"3792\">Active Serum\u2122<\/em> suteikia matom\u0173 rezultat\u0173 jau po keli\u0173 dien\u0173 \u2013 ma\u017eina rauk\u0161les, valo poras, \u0161viesina pigmentines d\u0117mes ir i\u0161lygina odos tekst\u016br\u0105.<\/p>\n<p data-start=\"3926\" data-end=\"4331\"><em data-start=\"3926\" data-end=\"3944\">Hydra-Cool Serum<\/em> \u2013 gaivinanti formul\u0117 su veiksmingais augaliniais antioksidantais ir bioaktyviosiomis med\u017eiagomis. Greitai nuramina od\u0105 po saul\u0117s nudegim\u0173 ar skutimosi. Antibakteriniai ir antimikrobiniai augal\u0173 ekstraktai ma\u017eina u\u017edegimus esant aknei. Serumas dr\u0117kina, ma\u017eina rauk\u0161leles, pa\u0161alina pleiskanojim\u0105 ir nie\u017e\u0117jim\u0105. Skatina odos regeneracij\u0105, tinka tiek moterims, tiek vyrams, vis\u0173 tip\u0173 odai.<\/p>\n<p data-start=\"4333\" data-end=\"4612\"><em data-start=\"4333\" data-end=\"4350\">Eclipse SPF 50+<\/em> \u2013 apsauginis kremas nuo saul\u0117s kasdieniam naudojimui ir ilgam buvimui saul\u0117je. Sud\u0117tyje yra unikalus patobulint\u0173 fizini\u0173 filtr\u0173 ir gryno vitamino E derinys. Antioksidantais praturtinta formul\u0117 suteikia auk\u0161\u010diausio lygio atspari\u0105 apsaug\u0105 nuo UVA\/UVB spinduli\u0173.<\/p>\n<p data-start=\"4614\" data-end=\"5130\">\n","protected":false},"excerpt":{"rendered":"<p data-start=\"5132\" data-end=\"5201\"><span style=\"color: #ff0000;\"><strong>*U\u017esisakant rinkin\u012f, pristatymo laikas gali b\u016bti 3\u20135 darbo dienos.<\/strong><\/span><\/p>\n<p data-start=\"5203\" data-end=\"5479\">Kosmetikos rinkinys Pure Clarity Collection apima keturias esmines priemones probleminei odai pri\u017ei\u016br\u0117ti. Kompleksinis naudojimas padeda suma\u017einti ir i\u0161vengti akn\u0117s, susiaurinti poras, giliai i\u0161valyti od\u0105 ir pagerinti jos atspalv\u012f, atkuriant sveik\u0105 spindes\u012f ir tolygum\u0105.<\/p>\n<h2 data-start=\"5481\" data-end=\"5794\"><strong data-start=\"5481\" data-end=\"5530\">iS CLINICAL &#8211; Pure Clarity Collection savyb\u0117s<\/strong><\/h2>\n<p data-start=\"5481\" data-end=\"5794\" data-is-last-node=\"\" data-is-only-node=\"\">\u2714\ufe0f Pilnas prie\u017ei\u016bros rinkinys probleminei ir riebiai odai<br data-start=\"5590\" data-end=\"5593\" \/>\u2714\ufe0f Efektyviai valo poras ir ma\u017eina u\u017edegimus<br data-start=\"5637\" data-end=\"5640\" \/>\u2714\ufe0f Ma\u017eina rieb\u0173 blizges\u012f ir apsaugo nuo nauj\u0173 b\u0117rim\u0173<br data-start=\"5692\" data-end=\"5695\" \/>\u2714\ufe0f \u0160viesina poakn\u0117s \u017eymes ir i\u0161lygina odos atspalv\u012f<br data-start=\"5746\" data-end=\"5749\" \/>\u2714\ufe0f Tinka kasdieniam naudojimui ir kaip dovana<\/p>\n","protected":false},"featured_media":55489,"template":"","meta":[],"pwb-brand":[1180],"product_brand":[],"product_cat":[742,765,744,756,724,732,748,718],"product_tag":[],"giftcard-category":[],"class_list":{"0":"post-55487","1":"product","2":"type-product","3":"status-publish","4":"has-post-thumbnail","6":"pwb-brand-is-clinical","7":"product_cat-berimai","8":"product_cat-dovanu-ideja","9":"product_cat-issipletusios-poros","10":"product_cat-rinkinys","11":"product_cat-serumai","12":"product_cat-spf-apsauga","13":"product_cat-taukainai-adai-lt","14":"product_cat-valymas","16":"first","17":"instock","18":"sale","19":"taxable","20":"shipping-taxable","21":"purchasable","22":"product-type-simple"},"acf":[],"brands":[{"id":1180,"name":"IS CLINICAL","slug":"is-clinical"}],"_links":{"self":[{"href":"https:\/\/skinstudio.ee\/lt\/wp-json\/wp\/v2\/product\/55487","targetHints":{"allow":["GET"]}}],"collection":[{"href":"https:\/\/skinstudio.ee\/lt\/wp-json\/wp\/v2\/product"}],"about":[{"href":"https:\/\/skinstudio.ee\/lt\/wp-json\/wp\/v2\/types\/product"}],"version-history":[{"count":0,"href":"https:\/\/skinstudio.ee\/lt\/wp-json\/wp\/v2\/product\/55487\/revisions"}],"wp:featuredmedia":[{"embeddable":true,"href":"https:\/\/skinstudio.ee\/lt\/wp-json\/wp\/v2\/media\/55489"}],"wp:attachment":[{"href":"https:\/\/skinstudio.ee\/lt\/wp-json\/wp\/v2\/media?parent=55487"}],"wp:term":[{"taxonomy":"pwb-brand","embeddable":true,"href":"https:\/\/skinstudio.ee\/lt\/wp-json\/wp\/v2\/pwb-brand?post=55487"},{"taxonomy":"product_brand","embeddable":true,"href":"https:\/\/skinstudio.ee\/lt\/wp-json\/wp\/v2\/product_brand?post=55487"},{"taxonomy":"product_cat","embeddable":true,"href":"https:\/\/skinstudio.ee\/lt\/wp-json\/wp\/v2\/product_cat?post=55487"},{"taxonomy":"product_tag","embeddable":true,"href":"https:\/\/skinstudio.ee\/lt\/wp-json\/wp\/v2\/product_tag?post=55487"},{"taxonomy":"giftcard-category","embeddable":true,"href":"https:\/\/skinstudio.ee\/lt\/wp-json\/wp\/v2\/giftcard-category?post=55487"}],"curies":[{"name":"wp","href":"https:\/\/api.w.org\/{rel}","templated":true}]}}