{"id":55494,"date":"2023-05-24T17:56:42","date_gmt":"2023-05-24T17:56:42","guid":{"rendered":"https:\/\/skinstudio.ee\/?post_type=product&#038;p=55494"},"modified":"2026-01-22T15:04:09","modified_gmt":"2026-01-22T15:04:09","slug":"pure-radiance-collection","status":"publish","type":"product","link":"https:\/\/skinstudio.ee\/lt\/catalog\/is-clinical\/pure-radiance-collection\/","title":{"rendered":"Pure Radiance Collection"},"content":{"rendered":"<p data-start=\"3414\" data-end=\"3605\">Suma\u017einkite tamsi\u0173 d\u0117mi\u0173, d\u0117meli\u0173 ir odos papilk\u0117jimo atsiradim\u0105 su <em data-start=\"3482\" data-end=\"3497\">Pure Radiance<\/em> kolekcija.<br data-start=\"3508\" data-end=\"3511\" \/>Rinkinio priemon\u0117s \u0161velniai eksfolijuoja od\u0105, suteikdamos jai sveik\u0105 ir spindin\u010di\u0105 i\u0161vaizd\u0105.<\/p>\n<p data-start=\"3607\" data-end=\"3875\"><strong data-start=\"3607\" data-end=\"3652\">\u012e rinkin\u012f \u012feina Pure Radiance Collection:<\/strong><br data-start=\"3652\" data-end=\"3655\" \/>Veido prausiklis <em data-start=\"3672\" data-end=\"3691\">Cleansing Complex<\/em> <strong data-start=\"3692\" data-end=\"3701\">180ml<\/strong><br data-start=\"3701\" data-end=\"3704\" \/>Balinamasis serumas <em data-start=\"3724\" data-end=\"3748\">White Lightening Serum<\/em> <strong data-start=\"3749\" data-end=\"3757\">15ml<\/strong><br data-start=\"3757\" data-end=\"3760\" \/>Balinamasis kremas <em data-start=\"3779\" data-end=\"3805\">White Lightening Complex<\/em> <strong data-start=\"3806\" data-end=\"3814\">30ml<\/strong><br data-start=\"3814\" data-end=\"3817\" \/>Apsauginis kremas nuo saul\u0117s <em data-start=\"3846\" data-end=\"3863\">Eclipse SPF 50+<\/em> <strong data-start=\"3864\" data-end=\"3873\">100ml<\/strong><\/p>\n<p data-start=\"3877\" data-end=\"4149\"><em data-start=\"3877\" data-end=\"3896\">Cleansing Complex<\/em> \u2013 puiki prie\u017ei\u016bros priemon\u0117 vis\u0173 tip\u0173 odai, nepriklausomai nuo am\u017eiaus. Reguliarus naudojimas padeda i\u0161vengti akn\u0117s. Tai ne tik veiksmingas kasdienis prausiklis, bet ir svarbus \u017eingsnis ruo\u0161iant od\u0105 tolesnei prie\u017ei\u016brai su <strong data-start=\"4119\" data-end=\"4135\">iS CLINICAL\u00ae<\/strong> produktais.<\/p>\n<p data-start=\"4151\" data-end=\"4453\"><em data-start=\"4151\" data-end=\"4175\">White Lightening Serum<\/em> \u2013 \u0161viesinamasis serumas su galingais augaliniais ingredientais, \u0161velniai ir greitai ma\u017eina pigmentacij\u0105 bei suteikia prie\u0161rauk\u0161lin\u012f poveik\u012f. Skatina lengv\u0105, beveik nepastebim\u0105 odos \u0161veitim\u0105. Tinka visam veidui arba ta\u0161kiniam naudojimui pigmentin\u0117se vietose. Lengvai \u012fsigeria.<\/p>\n<p data-start=\"4455\" data-end=\"4831\"><em data-start=\"4455\" data-end=\"4481\">White Lightening Complex<\/em> \u2013 \u0161viesinamasis kremas, kuris veiksmingai ir \u0161velniai balina bei dr\u0117kina od\u0105. Sud\u0117tyje yra inovatyvi\u0173 farmacin\u0117s klas\u0117s \u0161viesinam\u0173j\u0173 ingredient\u0173, aktyvinan\u010di\u0173 penkis pigmentacijos ma\u017einimo mechanizmus. Blokuoja melanocit\u0173 ir keratinocit\u0173 s\u0105veik\u0105, ma\u017eina melanino gamyb\u0105, slopindamas tirozinoz\u0119, ramina u\u017edegimus ir suteikia antioksidacin\u0119 apsaug\u0105.<\/p>\n<p data-start=\"4833\" data-end=\"5111\"><em data-start=\"4833\" data-end=\"4850\">Eclipse SPF 50+<\/em> \u2013 apsauginis kremas nuo saul\u0117s kasdieniam naudojimui ir ilgam buvimui saul\u0117je. Sud\u0117tyje yra unikalus fizini\u0173 filtr\u0173 ir gryno vitamino E derinys. Antioksidantais praturtinta formul\u0117 u\u017etikrina auk\u0161\u010diausio lygio vandeniui atspari\u0105 apsaug\u0105 nuo UVA\/UVB spinduli\u0173.<\/p>\n<p data-start=\"5113\" data-end=\"5811\">\n","protected":false},"excerpt":{"rendered":"<p data-start=\"5813\" data-end=\"5882\"><span style=\"color: #ff0000;\"><strong>*U\u017esisakant rinkin\u012f, pristatymo laikas gali b\u016bti 3\u20135 darbo dienos.<\/strong><\/span><\/p>\n<p data-start=\"5884\" data-end=\"6094\">\u0160viesinamasis rinkinys i\u0161 iS CLINICAL\u00ae pad\u0117s visam laikui atsisveikinti su tamsiomis d\u0117m\u0117mis, netolygiu odos atspalviu ir papilk\u0117jimu. Rinkinio priemon\u0117s pa\u0161alina esam\u0105 pigmentacij\u0105 ir apsaugo nuo naujos.<\/p>\n<h2 data-start=\"6096\" data-end=\"6414\"><strong data-start=\"6096\" data-end=\"6146\">iS CLINICAL &#8211; Pure Radiance Collection savyb\u0117s<\/strong><\/h2>\n<p data-start=\"6096\" data-end=\"6414\" data-is-last-node=\"\" data-is-only-node=\"\">\u2714\ufe0f Pilnas rinkinys odos \u0161vyt\u0117jimui ir tono suvienodinimui<br data-start=\"6206\" data-end=\"6209\" \/>\u2714\ufe0f \u0160viesina pigmentacij\u0105 ir poakn\u0117s d\u0117mes<br data-start=\"6250\" data-end=\"6253\" \/>\u2714\ufe0f Suteikia odai gaivumo ir nat\u016bralaus spindesio<br data-start=\"6301\" data-end=\"6304\" \/>\u2714\ufe0f Gerina odos tekst\u016br\u0105 ir ma\u017eina rauk\u0161li\u0173 matomum\u0105<br data-start=\"6355\" data-end=\"6358\" \/>\u2714\ufe0f Idealiai tinka kompleksinei prie\u017ei\u016brai ar kaip dovana<\/p>\n","protected":false},"featured_media":63305,"template":"","meta":[],"pwb-brand":[1180],"product_brand":[],"product_cat":[765,738,746,752,756,740,750,732,748,718,730],"product_tag":[],"giftcard-category":[],"class_list":{"0":"post-55494","1":"product","2":"type-product","3":"status-publish","4":"has-post-thumbnail","6":"pwb-brand-is-clinical","7":"product_cat-dovanu-ideja","8":"product_cat-drekinimas","9":"product_cat-jautriai-odai","10":"product_cat-pigmentacija-lt","11":"product_cat-rinkinys","12":"product_cat-sausai-odai","13":"product_cat-senstanti-oda","14":"product_cat-spf-apsauga","15":"product_cat-taukainai-adai-lt","16":"product_cat-valymas","17":"product_cat-vitaminas-c","19":"first","20":"instock","21":"sale","22":"taxable","23":"shipping-taxable","24":"purchasable","25":"product-type-simple"},"acf":[],"brands":[{"id":1180,"name":"IS CLINICAL","slug":"is-clinical"}],"_links":{"self":[{"href":"https:\/\/skinstudio.ee\/lt\/wp-json\/wp\/v2\/product\/55494","targetHints":{"allow":["GET"]}}],"collection":[{"href":"https:\/\/skinstudio.ee\/lt\/wp-json\/wp\/v2\/product"}],"about":[{"href":"https:\/\/skinstudio.ee\/lt\/wp-json\/wp\/v2\/types\/product"}],"version-history":[{"count":0,"href":"https:\/\/skinstudio.ee\/lt\/wp-json\/wp\/v2\/product\/55494\/revisions"}],"wp:featuredmedia":[{"embeddable":true,"href":"https:\/\/skinstudio.ee\/lt\/wp-json\/wp\/v2\/media\/63305"}],"wp:attachment":[{"href":"https:\/\/skinstudio.ee\/lt\/wp-json\/wp\/v2\/media?parent=55494"}],"wp:term":[{"taxonomy":"pwb-brand","embeddable":true,"href":"https:\/\/skinstudio.ee\/lt\/wp-json\/wp\/v2\/pwb-brand?post=55494"},{"taxonomy":"product_brand","embeddable":true,"href":"https:\/\/skinstudio.ee\/lt\/wp-json\/wp\/v2\/product_brand?post=55494"},{"taxonomy":"product_cat","embeddable":true,"href":"https:\/\/skinstudio.ee\/lt\/wp-json\/wp\/v2\/product_cat?post=55494"},{"taxonomy":"product_tag","embeddable":true,"href":"https:\/\/skinstudio.ee\/lt\/wp-json\/wp\/v2\/product_tag?post=55494"},{"taxonomy":"giftcard-category","embeddable":true,"href":"https:\/\/skinstudio.ee\/lt\/wp-json\/wp\/v2\/giftcard-category?post=55494"}],"curies":[{"name":"wp","href":"https:\/\/api.w.org\/{rel}","templated":true}]}}