{"id":55512,"date":"2023-05-24T17:56:42","date_gmt":"2023-05-24T17:56:42","guid":{"rendered":"https:\/\/skinstudio.ee\/?post_type=product&#038;p=55512"},"modified":"2026-01-22T15:04:09","modified_gmt":"2026-01-22T15:04:09","slug":"pure-calm-collection","status":"publish","type":"product","link":"https:\/\/skinstudio.ee\/lt\/catalog\/is-clinical\/pure-calm-collection\/","title":{"rendered":"Pure Calm Collection"},"content":{"rendered":"<p data-start=\"2866\" data-end=\"3108\">Rinkin\u012f sudaro:<br data-start=\"2881\" data-end=\"2884\" \/>\u0160velni valantis prausiklis <em data-start=\"2911\" data-end=\"2930\">Cleansing Complex<\/em> <strong data-start=\"2931\" data-end=\"2940\">180ml<\/strong><br data-start=\"2940\" data-end=\"2943\" \/>Atkuriamasis serumas <em data-start=\"2964\" data-end=\"2989\">Pro-Heal Serum Advance+<\/em> <strong data-start=\"2990\" data-end=\"2998\">15ml<\/strong><br data-start=\"2998\" data-end=\"3001\" \/>Raminamasis serumas <em data-start=\"3021\" data-end=\"3039\">Hydra-Cool Serum<\/em> <strong data-start=\"3040\" data-end=\"3048\">15ml<\/strong><br data-start=\"3048\" data-end=\"3051\" \/>Apsauginis kremas nuo saul\u0117s <em data-start=\"3080\" data-end=\"3097\">Eclipse SPF 50+<\/em> <strong data-start=\"3098\" data-end=\"3106\">100g<\/strong><\/p>\n<p data-start=\"3110\" data-end=\"3369\"><em data-start=\"3110\" data-end=\"3129\">Cleansing Complex<\/em> \u2013 puiki priemon\u0117 vis\u0173 tip\u0173 odai, nepriklausomai nuo am\u017eiaus. Reguliarus naudojimas padeda i\u0161vengti akn\u0117s. Tai ne tik veiksmingas kasdienis valiklis, bet ir svarbus \u017eingsnis ruo\u0161iant od\u0105 tolesnei prie\u017ei\u016brai su <strong data-start=\"3339\" data-end=\"3355\">iS CLINICAL\u00ae<\/strong> produktais.<\/p>\n<p data-start=\"3371\" data-end=\"3650\"><em data-start=\"3371\" data-end=\"3396\">Pro-Heal Serum Advance+<\/em> \u2013 serumas, kuriame derinamas L-askorbo r\u016bg\u0161tis (patobulinta vitamino C forma), alyvmed\u017ei\u0173 lap\u0173 ekstraktas bei vitaminai E ir A. Suteikia stipri\u0105 antioksidacin\u0119 apsaug\u0105 ir skatina gijim\u0105. Efektyvus gydant ro\u017ein\u0119, akn\u0119, taip pat tinkamas brand\u017eiai odai.<\/p>\n<p data-start=\"3652\" data-end=\"4031\"><em data-start=\"3652\" data-end=\"3670\">Hydra-Cool Serum<\/em> \u2013 gaivinanti formul\u0117 su veiksmingais augaliniais antioksidantais ir bioaktyviosiomis med\u017eiagomis. Greitai ramina od\u0105 po saul\u0117s nudegim\u0173 ar skutimosi. Antibakteriniai ir antimikrobiniai augal\u0173 ekstraktai ma\u017eina u\u017edegimus. Serumas dr\u0117kina, ma\u017eina rauk\u0161les, nie\u017e\u0117jim\u0105 bei \u0161erpetojim\u0105, skatina odos regeneracij\u0105. Tinka vis\u0173 tip\u0173 odai, tiek moterims, tiek vyrams.<\/p>\n<p data-start=\"4033\" data-end=\"4310\"><em data-start=\"4033\" data-end=\"4050\">Eclipse SPF 50+<\/em> \u2013 apsauginis kremas nuo saul\u0117s kasdieniam naudojimui ir ilgam buvimui saul\u0117je. Sud\u0117tyje yra unikalus fizini\u0173 filtr\u0173 ir gryno vitamino E derinys. Antioksidantais praturtinta formul\u0117 suteikia auk\u0161\u010diausio lygio vandeniui atspari\u0105 apsaug\u0105 nuo UVA\/UVB spinduli\u0173.<\/p>\n<p data-start=\"4312\" data-end=\"4846\">\n","protected":false},"excerpt":{"rendered":"<p data-start=\"4848\" data-end=\"4917\"><span style=\"color: #ff0000;\"><strong>*U\u017esisakant rinkin\u012f, pristatymo laikas gali b\u016bti 3\u20135 darbo dienos.<\/strong><\/span><\/p>\n<p data-start=\"4919\" data-end=\"5142\">Pure Calm Collection \u2013 raminamasis rinkinys jautriai odai su kuperoze ir ro\u017eine i\u0161 iS CLINICAL\u00ae, padedantis suma\u017einti u\u017edegimus bei paraudimus, dr\u0117kinantis ir ramindamas od\u0105, kad ji atrodyt\u0173 sveikesn\u0117 ir jaunesn\u0117.<\/p>\n<h2 data-start=\"5144\" data-end=\"5440\"><strong data-start=\"5144\" data-end=\"5190\">iS CLINICAL &#8211; Pure Calm Collection savyb\u0117s<\/strong><\/h2>\n<p data-start=\"5144\" data-end=\"5440\" data-is-last-node=\"\" data-is-only-node=\"\">\u2714\ufe0f Raminamasis ir atkuriamasis odos prie\u017ei\u016bros rinkinys<br data-start=\"5248\" data-end=\"5251\" \/>\u2714\ufe0f Ma\u017eina dirginim\u0105 ir paraudim\u0105<br data-start=\"5283\" data-end=\"5286\" \/>\u2714\ufe0f Stiprina odos apsaugin\u012f barjer\u0105 ir giliai dr\u0117kina<br data-start=\"5338\" data-end=\"5341\" \/>\u2714\ufe0f Tinka jautriai ir reaktyviai odai<br data-start=\"5377\" data-end=\"5380\" \/>\u2714\ufe0f Idealiai tinka po kosmetini\u0173 proced\u016br\u0173 ar streso poveikio<\/p>\n","protected":false},"featured_media":55513,"template":"","meta":[],"pwb-brand":[1180],"product_brand":[],"product_cat":[742,765,738,746,756,740,750,724,732,748,718,728,730],"product_tag":[],"giftcard-category":[],"class_list":{"0":"post-55512","1":"product","2":"type-product","3":"status-publish","4":"has-post-thumbnail","6":"pwb-brand-is-clinical","7":"product_cat-berimai","8":"product_cat-dovanu-ideja","9":"product_cat-drekinimas","10":"product_cat-jautriai-odai","11":"product_cat-rinkinys","12":"product_cat-sausai-odai","13":"product_cat-senstanti-oda","14":"product_cat-serumai","15":"product_cat-spf-apsauga","16":"product_cat-taukainai-adai-lt","17":"product_cat-valymas","18":"product_cat-vitaminas-a-retinolis","19":"product_cat-vitaminas-c","21":"first","22":"instock","23":"sale","24":"taxable","25":"shipping-taxable","26":"purchasable","27":"product-type-simple"},"acf":[],"brands":[{"id":1180,"name":"IS CLINICAL","slug":"is-clinical"}],"_links":{"self":[{"href":"https:\/\/skinstudio.ee\/lt\/wp-json\/wp\/v2\/product\/55512","targetHints":{"allow":["GET"]}}],"collection":[{"href":"https:\/\/skinstudio.ee\/lt\/wp-json\/wp\/v2\/product"}],"about":[{"href":"https:\/\/skinstudio.ee\/lt\/wp-json\/wp\/v2\/types\/product"}],"version-history":[{"count":0,"href":"https:\/\/skinstudio.ee\/lt\/wp-json\/wp\/v2\/product\/55512\/revisions"}],"wp:featuredmedia":[{"embeddable":true,"href":"https:\/\/skinstudio.ee\/lt\/wp-json\/wp\/v2\/media\/55513"}],"wp:attachment":[{"href":"https:\/\/skinstudio.ee\/lt\/wp-json\/wp\/v2\/media?parent=55512"}],"wp:term":[{"taxonomy":"pwb-brand","embeddable":true,"href":"https:\/\/skinstudio.ee\/lt\/wp-json\/wp\/v2\/pwb-brand?post=55512"},{"taxonomy":"product_brand","embeddable":true,"href":"https:\/\/skinstudio.ee\/lt\/wp-json\/wp\/v2\/product_brand?post=55512"},{"taxonomy":"product_cat","embeddable":true,"href":"https:\/\/skinstudio.ee\/lt\/wp-json\/wp\/v2\/product_cat?post=55512"},{"taxonomy":"product_tag","embeddable":true,"href":"https:\/\/skinstudio.ee\/lt\/wp-json\/wp\/v2\/product_tag?post=55512"},{"taxonomy":"giftcard-category","embeddable":true,"href":"https:\/\/skinstudio.ee\/lt\/wp-json\/wp\/v2\/giftcard-category?post=55512"}],"curies":[{"name":"wp","href":"https:\/\/api.w.org\/{rel}","templated":true}]}}