{"id":55518,"date":"2023-05-24T17:56:43","date_gmt":"2023-05-24T17:56:43","guid":{"rendered":"https:\/\/skinstudio.ee\/?post_type=product&#038;p=55518"},"modified":"2026-03-19T11:04:35","modified_gmt":"2026-03-19T11:04:35","slug":"reparative-moisture-emulsion","status":"publish","type":"product","link":"https:\/\/skinstudio.ee\/lt\/catalog\/is-clinical\/reparative-moisture-emulsion\/","title":{"rendered":"Reparative Moisture Emulsion"},"content":{"rendered":"<p data-start=\"1640\" data-end=\"1909\"><strong data-start=\"1647\" data-end=\"1695\">Reparative Moisture Emulsion nuo iS Clinical<\/strong> &#8211; tai lengva dr\u0117kinamoji emulsija, skirta intensyviai dr\u0117kinti od\u0105 ir palaikyti jos komfort\u0105. Formul\u0117 sujungia dr\u0117kinan\u010dius komponentus ir antioksidantus, kurie padeda apsaugoti od\u0105 nuo neigiamo aplinkos poveikio.<\/p>\n<p data-start=\"1911\" data-end=\"2138\">Emulsija aktyviai prisotina od\u0105 dr\u0117gme, padarydama j\u0105 mink\u0161tesn\u0119, lygesn\u0119 ir pri\u017ei\u016br\u0117t\u0105. D\u0117l lengvos tekst\u016bros priemon\u0117 greitai \u012fsigeria, neapsunkina odos ir nepalieka riebaus blizgesio, suteikdama komforto poj\u016bt\u012f visai dienai.<\/p>\n<p data-start=\"2140\" data-end=\"2369\">Reguliariai naudojant oda tampa labiau sudr\u0117kinta, elastingesn\u0117 ir subalansuota, suma\u017e\u0117ja sausumas ir smulki\u0173 rauk\u0161li\u0173 matomumas. Produktas tinka \u012fvairioms odos b\u016bkl\u0117ms ir gali b\u016bti naudojamas tiek vienas, tiek kartu su serumais.<\/p>\n<p data-start=\"2371\" data-end=\"2403\"><strong data-start=\"2371\" data-end=\"2403\">Aktyvi\u0173 komponent\u0173 veikimas:<\/strong><\/p>\n<ul data-start=\"2405\" data-end=\"2686\">\n<li data-section-id=\"10pqf8e\" data-start=\"2405\" data-end=\"2482\">\n<p data-start=\"2407\" data-end=\"2482\"><strong data-start=\"2407\" data-end=\"2428\">Hialurono r\u016bg\u0161tis<\/strong>: intensyviai dr\u0117kina od\u0105 ir padeda i\u0161laikyti dr\u0117gm\u0119<\/p>\n<\/li>\n<li data-section-id=\"qsfpds\" data-start=\"2483\" data-end=\"2576\">\n<p data-start=\"2485\" data-end=\"2576\"><strong data-start=\"2485\" data-end=\"2508\">Copper Tripeptide-1<\/strong>: padeda pagerinti odos elastingum\u0105 ir suma\u017einti rauk\u0161li\u0173 matomum\u0105<\/p>\n<\/li>\n<li data-section-id=\"1m37tof\" data-start=\"2577\" data-end=\"2686\">\n<p data-start=\"2579\" data-end=\"2686\"><strong data-start=\"2579\" data-end=\"2618\">Extremozymes + Superoxide Dismutase<\/strong>: padeda apsaugoti od\u0105 nuo oksidacinio streso ir aplinkos veiksni\u0173<\/p>\n<\/li>\n<\/ul>\n<p data-start=\"2688\" data-end=\"2801\"><strong data-start=\"2688\" data-end=\"2730\">Kam tinka Reparative Moisture Emulsion<\/strong>: visiems odos tipams, \u012fskaitant dehidratuot\u0105, jautri\u0105 ir brand\u017ei\u0105 od\u0105.<\/p>\n<p data-start=\"2803\" data-end=\"2819\"><strong data-start=\"2803\" data-end=\"2819\">T\u016bris: 50 ml<\/strong><\/p>\n","protected":false},"excerpt":{"rendered":"<p data-start=\"2942\" data-end=\"2962\">Dr\u0117kinamoji emulsija<\/p>\n<h2 data-start=\"2964\" data-end=\"3009\"><strong data-start=\"2964\" data-end=\"3009\">iS Clinical &#8211; Reparative Emulsion Savyb\u0117s<\/strong><\/h2>\n<p data-start=\"3011\" data-end=\"3217\">\u2714\ufe0f Intensyviai dr\u0117kina ir maitina od\u0105<br data-start=\"3048\" data-end=\"3051\" \/>\u2714\ufe0f Padaro od\u0105 lygesn\u0119 ir elastingesn\u0119<br data-start=\"3088\" data-end=\"3091\" \/>\u2714\ufe0f Padeda apsaugoti nuo aplinkos streso<br data-start=\"3130\" data-end=\"3133\" \/>\u2714\ufe0f Tinka kasdieniam naudojimui<br data-start=\"3163\" data-end=\"3166\" \/>\u2714\ufe0f Greitai \u012fsigeria nepalikdama riebaus blizgesio<\/p>\n","protected":false},"featured_media":55519,"template":"","meta":[],"pwb-brand":[1180],"product_brand":[],"product_cat":[738,746,740,750,748],"product_tag":[],"giftcard-category":[],"class_list":{"0":"post-55518","1":"product","2":"type-product","3":"status-publish","4":"has-post-thumbnail","6":"pwb-brand-is-clinical","7":"product_cat-drekinimas","8":"product_cat-jautriai-odai","9":"product_cat-sausai-odai","10":"product_cat-senstanti-oda","11":"product_cat-taukainai-adai-lt","13":"first","14":"instock","15":"taxable","16":"shipping-taxable","17":"purchasable","18":"product-type-simple"},"acf":[],"brands":[{"id":1180,"name":"IS CLINICAL","slug":"is-clinical"}],"_links":{"self":[{"href":"https:\/\/skinstudio.ee\/lt\/wp-json\/wp\/v2\/product\/55518","targetHints":{"allow":["GET"]}}],"collection":[{"href":"https:\/\/skinstudio.ee\/lt\/wp-json\/wp\/v2\/product"}],"about":[{"href":"https:\/\/skinstudio.ee\/lt\/wp-json\/wp\/v2\/types\/product"}],"version-history":[{"count":1,"href":"https:\/\/skinstudio.ee\/lt\/wp-json\/wp\/v2\/product\/55518\/revisions"}],"predecessor-version":[{"id":86870,"href":"https:\/\/skinstudio.ee\/lt\/wp-json\/wp\/v2\/product\/55518\/revisions\/86870"}],"wp:featuredmedia":[{"embeddable":true,"href":"https:\/\/skinstudio.ee\/lt\/wp-json\/wp\/v2\/media\/55519"}],"wp:attachment":[{"href":"https:\/\/skinstudio.ee\/lt\/wp-json\/wp\/v2\/media?parent=55518"}],"wp:term":[{"taxonomy":"pwb-brand","embeddable":true,"href":"https:\/\/skinstudio.ee\/lt\/wp-json\/wp\/v2\/pwb-brand?post=55518"},{"taxonomy":"product_brand","embeddable":true,"href":"https:\/\/skinstudio.ee\/lt\/wp-json\/wp\/v2\/product_brand?post=55518"},{"taxonomy":"product_cat","embeddable":true,"href":"https:\/\/skinstudio.ee\/lt\/wp-json\/wp\/v2\/product_cat?post=55518"},{"taxonomy":"product_tag","embeddable":true,"href":"https:\/\/skinstudio.ee\/lt\/wp-json\/wp\/v2\/product_tag?post=55518"},{"taxonomy":"giftcard-category","embeddable":true,"href":"https:\/\/skinstudio.ee\/lt\/wp-json\/wp\/v2\/giftcard-category?post=55518"}],"curies":[{"name":"wp","href":"https:\/\/api.w.org\/{rel}","templated":true}]}}