{"id":55527,"date":"2023-05-24T17:56:36","date_gmt":"2023-05-24T17:56:36","guid":{"rendered":"https:\/\/skinstudio.ee\/?post_type=product&#038;p=55527"},"modified":"2026-03-19T11:12:38","modified_gmt":"2026-03-19T11:12:38","slug":"perfectint-powder-spf-40","status":"publish","type":"product","link":"https:\/\/skinstudio.ee\/lt\/catalog\/is-clinical\/perfectint-powder-spf-40\/","title":{"rendered":"PerfecTint Powder SPF 40"},"content":{"rendered":"<p data-start=\"1839\" data-end=\"2134\"><strong data-start=\"1839\" data-end=\"1883\">PerfecTint Powder SPF 40 nuo iS Clinical<\/strong> &#8211; tai daugiafunkcin\u0117 tonuojanti apsaugin\u0117 pudra nuo saul\u0117s, kuri sujungia apsaug\u0105 nuo saul\u0117s, odos prie\u017ei\u016br\u0105 ir lengv\u0105 tono sulyginimo efekt\u0105. Produktas puikiai u\u017ebaigia kasdien\u0119 odos prie\u017ei\u016br\u0105 ir makia\u017e\u0105, suteikdamas papildom\u0105 apsaug\u0105 dienos metu.<\/p>\n<p data-start=\"2136\" data-end=\"2403\">Pudra padeda apsaugoti od\u0105 nuo ultravioletini\u0173 spinduli\u0173 ir aplinkos veiksni\u0173, tuo pa\u010diu suteikdama odai tolygesn\u0119 ir pri\u017ei\u016br\u0117t\u0105 i\u0161vaizd\u0105. Ji lengvai pasiskirsto, neapsunkina odos ir tinka pakartotiniam naudojimui dienos metu, ypa\u010d aktyvaus gyvenimo b\u016bdo s\u0105lygomis.<\/p>\n<p data-start=\"2405\" data-end=\"2638\">Formul\u0117je yra antioksidant\u0173 ir dr\u0117kinam\u0173j\u0173 komponent\u0173, kurie palaiko odos komfort\u0105 ir padeda i\u0161vengti fotosen\u0117jimo po\u017eymi\u0173. Universalus formatas su \u0161epet\u0117liu leid\u017eia produkt\u0105 patogiai naudoti bet kuriuo metu ir bet kurioje vietoje.<\/p>\n<p data-start=\"2640\" data-end=\"2675\"><strong data-start=\"2640\" data-end=\"2673\">Aktyvi\u0173 ingredient\u0173 poveikis:<\/strong><\/p>\n<ul data-start=\"2676\" data-end=\"2906\">\n<li data-section-id=\"rct5gq\" data-start=\"2676\" data-end=\"2745\">\n<p data-start=\"2678\" data-end=\"2745\"><strong data-start=\"2678\" data-end=\"2692\">Zinc Oxide<\/strong>: u\u017etikrina fizin\u0119 apsaug\u0105 nuo UVA ir UVB spinduli\u0173<\/p>\n<\/li>\n<li data-section-id=\"yrppj2\" data-start=\"2746\" data-end=\"2830\">\n<p data-start=\"2748\" data-end=\"2830\"><strong data-start=\"2748\" data-end=\"2793\">Extremozyme Technology + Clubmoss Extract<\/strong>: apsaugo od\u0105 nuo aplinkos poveikio<\/p>\n<\/li>\n<li data-section-id=\"142u332\" data-start=\"2831\" data-end=\"2906\">\n<p data-start=\"2833\" data-end=\"2906\"><strong data-start=\"2833\" data-end=\"2867\">Imperata Cylindrica + Glycerin<\/strong>: dr\u0117kina od\u0105 ir palaiko jos komfort\u0105<\/p>\n<\/li>\n<\/ul>\n<p data-start=\"2908\" data-end=\"3040\"><strong data-start=\"2908\" data-end=\"2946\">Kam tinka PerfecTint Powder SPF 40<\/strong>: vis\u0173 tip\u0173 odai, \u012fskaitant jautri\u0105, kasdienei apsaugai ir makia\u017eo atnaujinimui dienos metu.<\/p>\n<p data-start=\"3042\" data-end=\"3060\"><strong data-start=\"3042\" data-end=\"3058\">T\u016bris: 100 g<\/strong><\/p>\n","protected":false},"excerpt":{"rendered":"<p data-start=\"3260\" data-end=\"3301\">Tonizuojanti apsaugin\u0117 pudra nuo saul\u0117s<\/p>\n<h2 data-start=\"3303\" data-end=\"3353\"><strong data-start=\"3303\" data-end=\"3353\">iS Clinical &#8211; PerfecTint Powder SPF 40 Savyb\u0117s<\/strong><\/h2>\n<p data-start=\"3355\" data-end=\"3572\">\u2714\ufe0f U\u017etikrina UVA\/UVB apsaug\u0105 su SPF 40<br data-start=\"3393\" data-end=\"3396\" \/>\u2714\ufe0f Sulygina odos ton\u0105 ir atgaivina makia\u017e\u0105<br data-start=\"3438\" data-end=\"3441\" \/>\u2714\ufe0f Lengva tekst\u016bra neapsunkina odos<br data-start=\"3476\" data-end=\"3479\" \/>\u2714\ufe0f Tinka pakartotiniam naudojimui dienos metu<br data-start=\"3524\" data-end=\"3527\" \/>\u2714\ufe0f Patogus formatas su \u0161epet\u0117liu naudojimui<\/p>\n","protected":false},"featured_media":86520,"template":"","meta":[],"pwb-brand":[1180],"product_brand":[],"product_cat":[771,732],"product_tag":[],"giftcard-category":[],"class_list":{"0":"post-55527","1":"product","2":"type-product","3":"status-publish","4":"has-post-thumbnail","6":"pwb-brand-is-clinical","7":"product_cat-makiazas","8":"product_cat-spf-apsauga","9":"pa_suurus-beige-lt","10":"pa_suurus-bronze-lt","11":"pa_suurus-cream-lt","12":"pa_suurus-deep-lt","13":"pa_suurus-ivory-lt","15":"first","16":"instock","17":"taxable","18":"shipping-taxable","19":"purchasable","20":"product-type-variable"},"acf":[],"brands":[{"id":1180,"name":"IS CLINICAL","slug":"is-clinical"}],"_links":{"self":[{"href":"https:\/\/skinstudio.ee\/lt\/wp-json\/wp\/v2\/product\/55527","targetHints":{"allow":["GET"]}}],"collection":[{"href":"https:\/\/skinstudio.ee\/lt\/wp-json\/wp\/v2\/product"}],"about":[{"href":"https:\/\/skinstudio.ee\/lt\/wp-json\/wp\/v2\/types\/product"}],"version-history":[{"count":1,"href":"https:\/\/skinstudio.ee\/lt\/wp-json\/wp\/v2\/product\/55527\/revisions"}],"predecessor-version":[{"id":86878,"href":"https:\/\/skinstudio.ee\/lt\/wp-json\/wp\/v2\/product\/55527\/revisions\/86878"}],"wp:featuredmedia":[{"embeddable":true,"href":"https:\/\/skinstudio.ee\/lt\/wp-json\/wp\/v2\/media\/86520"}],"wp:attachment":[{"href":"https:\/\/skinstudio.ee\/lt\/wp-json\/wp\/v2\/media?parent=55527"}],"wp:term":[{"taxonomy":"pwb-brand","embeddable":true,"href":"https:\/\/skinstudio.ee\/lt\/wp-json\/wp\/v2\/pwb-brand?post=55527"},{"taxonomy":"product_brand","embeddable":true,"href":"https:\/\/skinstudio.ee\/lt\/wp-json\/wp\/v2\/product_brand?post=55527"},{"taxonomy":"product_cat","embeddable":true,"href":"https:\/\/skinstudio.ee\/lt\/wp-json\/wp\/v2\/product_cat?post=55527"},{"taxonomy":"product_tag","embeddable":true,"href":"https:\/\/skinstudio.ee\/lt\/wp-json\/wp\/v2\/product_tag?post=55527"},{"taxonomy":"giftcard-category","embeddable":true,"href":"https:\/\/skinstudio.ee\/lt\/wp-json\/wp\/v2\/giftcard-category?post=55527"}],"curies":[{"name":"wp","href":"https:\/\/api.w.org\/{rel}","templated":true}]}}