{"id":55538,"date":"2023-05-24T17:56:35","date_gmt":"2023-05-24T17:56:35","guid":{"rendered":"https:\/\/skinstudio.ee\/?post_type=product&#038;p=55538"},"modified":"2026-01-22T15:04:09","modified_gmt":"2026-01-22T15:04:09","slug":"pure-brilliance-trial-kit","status":"publish","type":"product","link":"https:\/\/skinstudio.ee\/lt\/catalog\/is-clinical\/pure-brilliance-trial-kit\/","title":{"rendered":"Pure Brilliance Trial Kit"},"content":{"rendered":"<p data-start=\"2827\" data-end=\"3020\">Rinkinyje yra:<br data-start=\"2848\" data-end=\"2851\" \/>Valomasis gelis <strong data-start=\"2867\" data-end=\"2888\">Cleansing Complex<\/strong>, 2&#215;2 ml<br data-start=\"2896\" data-end=\"2899\" \/>C vitamino serumas aki\u0173 sri\u010diai <strong data-start=\"2931\" data-end=\"2955\">C Eye Serum Advance+<\/strong>, 3.75 ml<br data-start=\"2964\" data-end=\"2967\" \/>Atkuriamasis aki\u0173 kremas <strong data-start=\"2992\" data-end=\"3013\">Youth Eye Complex<\/strong>, 1 g<\/p>\n<p data-start=\"3022\" data-end=\"3323\"><strong data-start=\"3022\" data-end=\"3043\">Cleansing Complex<\/strong> \u2013 puiki priemon\u0117 vis\u0173 tip\u0173 odai, nepriklausomai nuo am\u017eiaus.<br data-start=\"3104\" data-end=\"3107\" \/>Reguliarus naudojimas padeda i\u0161vengti spuog\u0173 atsiradimo. <strong data-start=\"3164\" data-end=\"3185\">Cleansing Complex<\/strong> yra ne tik efektyvi kasdienio valymo priemon\u0117, bet ir svarbus \u017eingsnis ruo\u0161iant od\u0105 tolesnei prie\u017ei\u016brai su <strong data-start=\"3293\" data-end=\"3309\">iS CLINICAL\u00ae<\/strong> produktais.<\/p>\n<p data-start=\"3325\" data-end=\"3574\"><strong data-start=\"3325\" data-end=\"3349\">C Eye Serum Advance+<\/strong> \u2013 itin veiksminga ir \u0161velni formul\u0117, skirta suma\u017einti paburkim\u0105 ir rauk\u0161les aplink akis. Ji padeda pa\u0161alinti tamsius ratilus po akimis, pagerina odos spalv\u0105 ir tekst\u016br\u0105 bei veikia kaip stipri apsauga nuo laisv\u0173j\u0173 radikal\u0173.<\/p>\n<p data-start=\"3576\" data-end=\"3928\"><strong data-start=\"3576\" data-end=\"3597\">Youth Eye Complex<\/strong> \u2013 daugiafunkcis kremas, skirtas kovai su sen\u0117jimo po\u017eymiais l\u0105steli\u0173 lygiu.<br data-start=\"3673\" data-end=\"3676\" \/>Kremo sud\u0117tyje yra \u201eprotingi baltymai\u201c, atkuriantys pa\u017eeistas odos strukt\u016bras ir skatinantys kolageno bei elastino gamyb\u0105. Galingi peptidai, augimo faktoriai ir antioksidantai sustiprina od\u0105 po akimis, suma\u017eina rauk\u0161les, paburkim\u0105 ir tamsius ratilus.<\/p>\n","protected":false},"excerpt":{"rendered":"<p data-start=\"4789\" data-end=\"4856\"><span style=\"color: #ff0000;\"><strong>*U\u017esakant rinkin\u012f, pristatymo laikas gali b\u016bti 3\u20135 darbo dienos.<\/strong><\/span><\/p>\n<p data-start=\"4858\" data-end=\"4992\">Pure Brilliance Trial Kit \u2013 bandomasis rinkinys, kuriame yra keli produktai, \u012fskaitant krem\u0105 ir serum\u0105 \u0161velniai aki\u0173 zonos odai.<\/p>\n<h2 data-start=\"4994\" data-end=\"5315\"><strong data-start=\"4994\" data-end=\"5045\">IS CLINICAL &#8211; Pure Brilliance Trial Kit savyb\u0117s<\/strong><\/h2>\n<p data-start=\"4994\" data-end=\"5315\">\u2714\ufe0f Mini rinkinys odos \u0161vyt\u0117jimui ir spalvos suvienodinimui<br data-start=\"5106\" data-end=\"5109\" \/>\u2714\ufe0f Ma\u017eina pigmentacij\u0105 ir poaknin\u0117s d\u0117mes<br data-start=\"5150\" data-end=\"5153\" \/>\u2714\ufe0f Suteikia odai gaivumo ir sveiko \u0161vyt\u0117jimo<br data-start=\"5197\" data-end=\"5200\" \/>\u2714\ufe0f Tinka i\u0161bandyti prie\u0161 \u012fsigyjant pilno dyd\u017eio produktus<br data-start=\"5257\" data-end=\"5260\" \/>\u2714\ufe0f Patogus kelioninis formatas kasdieninei prie\u017ei\u016brai<\/p>\n","protected":false},"featured_media":63325,"template":"","meta":[],"pwb-brand":[1180],"product_brand":[],"product_cat":[734,756,754],"product_tag":[],"giftcard-category":[],"class_list":{"0":"post-55538","1":"product","2":"type-product","3":"status-publish","4":"has-post-thumbnail","6":"pwb-brand-is-clinical","7":"product_cat-oda-aplink-akis","8":"product_cat-rinkinys","9":"product_cat-travel-size-lt","11":"first","12":"instock","13":"taxable","14":"shipping-taxable","15":"purchasable","16":"product-type-simple"},"acf":[],"brands":[{"id":1180,"name":"IS CLINICAL","slug":"is-clinical"}],"_links":{"self":[{"href":"https:\/\/skinstudio.ee\/lt\/wp-json\/wp\/v2\/product\/55538","targetHints":{"allow":["GET"]}}],"collection":[{"href":"https:\/\/skinstudio.ee\/lt\/wp-json\/wp\/v2\/product"}],"about":[{"href":"https:\/\/skinstudio.ee\/lt\/wp-json\/wp\/v2\/types\/product"}],"version-history":[{"count":0,"href":"https:\/\/skinstudio.ee\/lt\/wp-json\/wp\/v2\/product\/55538\/revisions"}],"wp:featuredmedia":[{"embeddable":true,"href":"https:\/\/skinstudio.ee\/lt\/wp-json\/wp\/v2\/media\/63325"}],"wp:attachment":[{"href":"https:\/\/skinstudio.ee\/lt\/wp-json\/wp\/v2\/media?parent=55538"}],"wp:term":[{"taxonomy":"pwb-brand","embeddable":true,"href":"https:\/\/skinstudio.ee\/lt\/wp-json\/wp\/v2\/pwb-brand?post=55538"},{"taxonomy":"product_brand","embeddable":true,"href":"https:\/\/skinstudio.ee\/lt\/wp-json\/wp\/v2\/product_brand?post=55538"},{"taxonomy":"product_cat","embeddable":true,"href":"https:\/\/skinstudio.ee\/lt\/wp-json\/wp\/v2\/product_cat?post=55538"},{"taxonomy":"product_tag","embeddable":true,"href":"https:\/\/skinstudio.ee\/lt\/wp-json\/wp\/v2\/product_tag?post=55538"},{"taxonomy":"giftcard-category","embeddable":true,"href":"https:\/\/skinstudio.ee\/lt\/wp-json\/wp\/v2\/giftcard-category?post=55538"}],"curies":[{"name":"wp","href":"https:\/\/api.w.org\/{rel}","templated":true}]}}