{"id":55547,"date":"2023-05-24T17:56:35","date_gmt":"2023-05-24T17:56:35","guid":{"rendered":"https:\/\/skinstudio.ee\/?post_type=product&#038;p=55547"},"modified":"2026-01-22T15:04:09","modified_gmt":"2026-01-22T15:04:09","slug":"pure-renewal-collection","status":"publish","type":"product","link":"https:\/\/skinstudio.ee\/lt\/catalog\/is-clinical\/pure-renewal-collection\/","title":{"rendered":"Pure Renewal Collection"},"content":{"rendered":"<p data-start=\"3277\" data-end=\"3806\">Nuostabus rinkinys <strong data-start=\"3303\" data-end=\"3330\">Pure Renewal Collection<\/strong> apima produktus tobulai nam\u0173 odos prie\u017ei\u016brai.<br data-start=\"3376\" data-end=\"3379\" \/>Veiksmingas daugiafunkcis serumas ir atjauninantis veido kremas padeda matomai suma\u017einti tiek pavir\u0161ini\u0173, tiek gilesni\u0173 rauk\u0161li\u0173 gyl\u012f, susiaurinti poras ir i\u0161lyginti odos reljef\u0105.<br data-start=\"3558\" data-end=\"3561\" \/>Atkuriamasis balzamas puikiai dr\u0117kina od\u0105 ir pagerina jos elastingum\u0105, o apsauginis kremas nuo saul\u0117s su antioksidantais ir SPF filtrais patikimai saugo od\u0105.<br data-start=\"3718\" data-end=\"3721\" \/>Momentin\u0117 gydomoji terapija j\u016bs\u0173 odai \u2013 valymas, dr\u0117kinimas, apsauga ir \u0161vyt\u0117jimas.<\/p>\n<p data-start=\"3808\" data-end=\"4015\">Rinkinyje yra:<br data-start=\"3822\" data-end=\"3825\" \/>Valomasis gelis <strong data-start=\"3841\" data-end=\"3862\">Cleansing Complex<\/strong>, 180 ml<br data-start=\"3870\" data-end=\"3873\" \/>Atkuriamasis veido kremas <strong data-start=\"3899\" data-end=\"3916\">Youth Complex<\/strong>, 30 g<br data-start=\"3922\" data-end=\"3925\" \/>Serumas <strong data-start=\"3933\" data-end=\"3949\">Active Serum<\/strong>, 15 ml<br data-start=\"3956\" data-end=\"3959\" \/>Apsauginis kremas nuo saul\u0117s <strong data-start=\"3988\" data-end=\"4006\">Eclipse SPF 50<\/strong>, 100 g<\/p>\n<p data-start=\"4017\" data-end=\"4327\"><strong data-start=\"4017\" data-end=\"4038\">Cleansing Complex<\/strong> \u2013 puiki prie\u017ei\u016bros priemon\u0117 vis\u0173 tip\u0173 odai, nepriklausomai nuo am\u017eiaus. Reguliarus naudojimas padeda i\u0161vengti spuog\u0173 atsiradimo. <strong data-start=\"4168\" data-end=\"4189\">Cleansing Complex<\/strong> yra ne tik veiksminga kasdienio valymo priemon\u0117, bet ir svarbus etapas ruo\u0161iant od\u0105 tolesnei prie\u017ei\u016brai su <strong data-start=\"4297\" data-end=\"4313\">iS CLINICAL\u00ae<\/strong> produktais.<\/p>\n<p data-start=\"4329\" data-end=\"4548\">D\u0117l unikalios patentuotos <strong data-start=\"4355\" data-end=\"4372\">Youth Complex<\/strong> formul\u0117s kremas efektyviai u\u017epildo rauk\u0161les ir akimirksniu i\u0161lygina odos pavir\u0161i\u0173. Ilgalaikis naudojimas skatina kontroliuojam\u0105 eksfoliacij\u0105 bei kolageno ir elastino gamyb\u0105.<\/p>\n<p data-start=\"4550\" data-end=\"4891\"><strong data-start=\"4550\" data-end=\"4566\">Active Serum<\/strong> \u2013 populiariausias <strong data-start=\"4585\" data-end=\"4601\">iS CLINICAL\u00ae<\/strong> produktas. Jo greito poveikio formul\u0117 sukurta ilgalaikiams rezultatams, kuriuos gydytojai vadina \u201ei\u0161skirtiniais\u201c ir \u201efenomenaliais\u201c. <strong data-start=\"4735\" data-end=\"4752\">Active Serum\u2122<\/strong> suteikia matom\u0173 poky\u010di\u0173 jau po keli\u0173 dien\u0173: suma\u017e\u0117ja rauk\u0161l\u0117s, i\u0161sivalo poros, pa\u0161vies\u0117ja pigmentin\u0117s d\u0117m\u0117s ir i\u0161silygina odos tekst\u016bra.<\/p>\n<p data-start=\"4893\" data-end=\"5167\"><strong data-start=\"4893\" data-end=\"4912\">Eclipse SPF 50+<\/strong> \u2013 apsauginis kremas nuo saul\u0117s kasdieniam naudojimui ir ilgalaikiam buvimui saul\u0117je. Jame yra unikalus patobulint\u0173 fizini\u0173 filtr\u0173 ir gryno vitamino E derinys. Antioksidant\u0173 turtinga formul\u0117 suteikia auk\u0161\u010diausio lygio vandeniui atspari\u0105 UVA\/UVB apsaug\u0105.<\/p>\n","protected":false},"excerpt":{"rendered":"<p data-start=\"5731\" data-end=\"5798\"><span style=\"color: #ff0000;\"><strong>U\u017esakant rinkin\u012f, pristatymo laikas gali b\u016bti 3\u20135 darbo dienos.<\/strong><\/span><\/p>\n<p data-start=\"5800\" data-end=\"5893\">Atjauninantis rinkinys susideda i\u0161 keturi\u0173 pagrindini\u0173 kasdien\u0117s odos prie\u017ei\u016bros priemoni\u0173<\/p>\n<h2 data-start=\"5895\" data-end=\"6195\"><strong data-start=\"5895\" data-end=\"5944\">IS CLINICAL &#8211; Pure Renewal Collection savyb\u0117s<\/strong><\/h2>\n<p data-start=\"5895\" data-end=\"6195\">\u2714\ufe0f Pilnas rinkinys odos atnaujinimui ir atk\u016brimui<br data-start=\"5996\" data-end=\"5999\" \/>\u2714\ufe0f Pagerina odos tekst\u016br\u0105 ir suteikia \u0161vyt\u0117jimo<br data-start=\"6046\" data-end=\"6049\" \/>\u2714\ufe0f Ma\u017eina pirmuosius sen\u0117jimo po\u017eymius ir pigmentacij\u0105<br data-start=\"6103\" data-end=\"6106\" \/>\u2714\ufe0f Giliai dr\u0117kina ir stiprina od\u0105<br data-start=\"6139\" data-end=\"6142\" \/>\u2714\ufe0f Puikiai tinka kompleksinei prie\u017ei\u016brai ir dovanai<\/p>\n","protected":false},"featured_media":55549,"template":"","meta":[],"pwb-brand":[1180],"product_brand":[],"product_cat":[765,738,756,750,718],"product_tag":[],"giftcard-category":[],"class_list":{"0":"post-55547","1":"product","2":"type-product","3":"status-publish","4":"has-post-thumbnail","6":"pwb-brand-is-clinical","7":"product_cat-dovanu-ideja","8":"product_cat-drekinimas","9":"product_cat-rinkinys","10":"product_cat-senstanti-oda","11":"product_cat-valymas","13":"first","14":"instock","15":"sale","16":"taxable","17":"shipping-taxable","18":"purchasable","19":"product-type-simple"},"acf":[],"brands":[{"id":1180,"name":"IS CLINICAL","slug":"is-clinical"}],"_links":{"self":[{"href":"https:\/\/skinstudio.ee\/lt\/wp-json\/wp\/v2\/product\/55547","targetHints":{"allow":["GET"]}}],"collection":[{"href":"https:\/\/skinstudio.ee\/lt\/wp-json\/wp\/v2\/product"}],"about":[{"href":"https:\/\/skinstudio.ee\/lt\/wp-json\/wp\/v2\/types\/product"}],"version-history":[{"count":0,"href":"https:\/\/skinstudio.ee\/lt\/wp-json\/wp\/v2\/product\/55547\/revisions"}],"wp:featuredmedia":[{"embeddable":true,"href":"https:\/\/skinstudio.ee\/lt\/wp-json\/wp\/v2\/media\/55549"}],"wp:attachment":[{"href":"https:\/\/skinstudio.ee\/lt\/wp-json\/wp\/v2\/media?parent=55547"}],"wp:term":[{"taxonomy":"pwb-brand","embeddable":true,"href":"https:\/\/skinstudio.ee\/lt\/wp-json\/wp\/v2\/pwb-brand?post=55547"},{"taxonomy":"product_brand","embeddable":true,"href":"https:\/\/skinstudio.ee\/lt\/wp-json\/wp\/v2\/product_brand?post=55547"},{"taxonomy":"product_cat","embeddable":true,"href":"https:\/\/skinstudio.ee\/lt\/wp-json\/wp\/v2\/product_cat?post=55547"},{"taxonomy":"product_tag","embeddable":true,"href":"https:\/\/skinstudio.ee\/lt\/wp-json\/wp\/v2\/product_tag?post=55547"},{"taxonomy":"giftcard-category","embeddable":true,"href":"https:\/\/skinstudio.ee\/lt\/wp-json\/wp\/v2\/giftcard-category?post=55547"}],"curies":[{"name":"wp","href":"https:\/\/api.w.org\/{rel}","templated":true}]}}