{"id":55559,"date":"2023-05-24T17:56:35","date_gmt":"2023-05-24T17:56:35","guid":{"rendered":"https:\/\/skinstudio.ee\/?post_type=product&#038;p=55559"},"modified":"2026-03-19T11:27:11","modified_gmt":"2026-03-19T11:27:11","slug":"youth-intensive-creme","status":"publish","type":"product","link":"https:\/\/skinstudio.ee\/lt\/catalog\/is-clinical\/youth-intensive-creme\/","title":{"rendered":"Youth Intensive Creme"},"content":{"rendered":"<p data-start=\"1878\" data-end=\"2172\"><strong data-start=\"1878\" data-end=\"1919\">Youth Intensive Creme nuo iS Clinical<\/strong> &#8211; tai intensyvus prie\u0161rauk\u0161linis kremas, sukurtas matomam odos atjauninimui, jos tankio didinimui ir giliam dr\u0117kinimui. Formul\u0117 sujungia stiprias aktyvias med\u017eiagas, kurios padeda ma\u017einti rauk\u0161les, atkurti odos strukt\u016br\u0105 ir palaikyti jos elastingum\u0105.<\/p>\n<p data-start=\"2174\" data-end=\"2460\">Kremas padeda matomai suma\u017einti tiek pavir\u0161ines, tiek gilesnes rauk\u0161les, gerina odos tekst\u016br\u0105 ir daro j\u0105 lygesn\u0119 bei tolygesn\u0119. Jau po pirm\u0173j\u0173 naudojim\u0173 oda atrodo labiau sudr\u0117kinta, mink\u0161tesn\u0117 ir pri\u017ei\u016br\u0117ta, o reguliariai naudojant tampa tankesn\u0117, elastingesn\u0117 ir vizualiai jaunesn\u0117.<\/p>\n<p data-start=\"2462\" data-end=\"2684\">Formul\u0117 papildomai palaiko optimal\u0173 odos dr\u0117gm\u0117s lyg\u012f, padeda i\u0161vengti sausumo ir skatina nat\u016bralios odos pusiausvyros atk\u016brim\u0105. Oda tampa gaivesn\u0117, \u0161vytinti ir pails\u0117jusi, o bendras tonas \u2013 tolygesnis ir harmoningesnis.<\/p>\n<p data-start=\"2686\" data-end=\"2721\"><strong data-start=\"2686\" data-end=\"2719\">Aktyvi\u0173 ingredient\u0173 poveikis:<\/strong><\/p>\n<ul data-start=\"2722\" data-end=\"3057\">\n<li data-section-id=\"jfgoyf\" data-start=\"2722\" data-end=\"2817\">\n<p data-start=\"2724\" data-end=\"2817\"><strong data-start=\"2724\" data-end=\"2762\">Tripeptide-1 (Copper Tripeptide-1)<\/strong>: padeda gerinti odos elastingum\u0105 ir ma\u017einti rauk\u0161les<\/p>\n<\/li>\n<li data-section-id=\"1f2rht7\" data-start=\"2818\" data-end=\"2905\">\n<p data-start=\"2820\" data-end=\"2905\"><strong data-start=\"2820\" data-end=\"2839\">Hyaluronic Acid<\/strong>: u\u017etikrina intensyv\u0173 dr\u0117kinim\u0105 ir padeda i\u0161laikyti dr\u0117gm\u0119 odoje<\/p>\n<\/li>\n<li data-section-id=\"k0qwk\" data-start=\"2906\" data-end=\"2976\">\n<p data-start=\"2908\" data-end=\"2976\"><strong data-start=\"2908\" data-end=\"2932\">Superoxide Dismutase<\/strong>: saugo od\u0105 nuo laisv\u0173j\u0173 radikal\u0173 poveikio<\/p>\n<\/li>\n<li data-section-id=\"103qh22\" data-start=\"2977\" data-end=\"3057\">\n<p data-start=\"2979\" data-end=\"3057\"><strong data-start=\"2979\" data-end=\"2992\">Vitamin C<\/strong>: padeda sulyginti odos ton\u0105 ir apsaugoti nuo aplinkos veiksni\u0173<\/p>\n<\/li>\n<\/ul>\n<p data-start=\"3059\" data-end=\"3181\"><strong data-start=\"3059\" data-end=\"3094\">Kam tinka Youth Intensive Creme<\/strong>: vis\u0173 tip\u0173 odai, ypa\u010d brand\u017eiai, sausai odai ir odai su ry\u0161kiais sen\u0117jimo po\u017eymiais.<\/p>\n<p data-start=\"3183\" data-end=\"3200\"><strong data-start=\"3183\" data-end=\"3198\">T\u016bris: 50 g<\/strong><\/p>\n","protected":false},"excerpt":{"rendered":"<p data-start=\"3304\" data-end=\"3339\">Intensyvus prie\u0161rauk\u0161linis kremas<\/p>\n<h2 data-start=\"3341\" data-end=\"3388\"><strong data-start=\"3341\" data-end=\"3388\">iS Clinical &#8211; Youth Intensive Creme Savyb\u0117s<\/strong><\/h2>\n<p data-start=\"3390\" data-end=\"3598\">\u2714\ufe0f Matomai ma\u017eina rauk\u0161li\u0173 gyl\u012f ir i\u0161rai\u0161k\u0105<br data-start=\"3433\" data-end=\"3436\" \/>\u2714\ufe0f Gerina odos tank\u012f ir elastingum\u0105<br data-start=\"3471\" data-end=\"3474\" \/>\u2714\ufe0f Suteikia ilgalaik\u012f dr\u0117kinim\u0105 ir komfort\u0105<br data-start=\"3517\" data-end=\"3520\" \/>\u2714\ufe0f Gerina tekst\u016br\u0105 ir lygina od\u0105<br data-start=\"3552\" data-end=\"3555\" \/>\u2714\ufe0f Suteikia odai gaiv\u0173 ir \u0161vytint\u012f vaizd\u0105<\/p>\n","protected":false},"featured_media":86555,"template":"","meta":[],"pwb-brand":[1180],"product_brand":[],"product_cat":[738,746,740,750],"product_tag":[],"giftcard-category":[],"class_list":{"0":"post-55559","1":"product","2":"type-product","3":"status-publish","4":"has-post-thumbnail","6":"pwb-brand-is-clinical","7":"product_cat-drekinimas","8":"product_cat-jautriai-odai","9":"product_cat-sausai-odai","10":"product_cat-senstanti-oda","12":"first","13":"instock","14":"taxable","15":"shipping-taxable","16":"purchasable","17":"product-type-simple"},"acf":[],"brands":[{"id":1180,"name":"IS CLINICAL","slug":"is-clinical"}],"_links":{"self":[{"href":"https:\/\/skinstudio.ee\/lt\/wp-json\/wp\/v2\/product\/55559","targetHints":{"allow":["GET"]}}],"collection":[{"href":"https:\/\/skinstudio.ee\/lt\/wp-json\/wp\/v2\/product"}],"about":[{"href":"https:\/\/skinstudio.ee\/lt\/wp-json\/wp\/v2\/types\/product"}],"version-history":[{"count":2,"href":"https:\/\/skinstudio.ee\/lt\/wp-json\/wp\/v2\/product\/55559\/revisions"}],"predecessor-version":[{"id":86883,"href":"https:\/\/skinstudio.ee\/lt\/wp-json\/wp\/v2\/product\/55559\/revisions\/86883"}],"wp:featuredmedia":[{"embeddable":true,"href":"https:\/\/skinstudio.ee\/lt\/wp-json\/wp\/v2\/media\/86555"}],"wp:attachment":[{"href":"https:\/\/skinstudio.ee\/lt\/wp-json\/wp\/v2\/media?parent=55559"}],"wp:term":[{"taxonomy":"pwb-brand","embeddable":true,"href":"https:\/\/skinstudio.ee\/lt\/wp-json\/wp\/v2\/pwb-brand?post=55559"},{"taxonomy":"product_brand","embeddable":true,"href":"https:\/\/skinstudio.ee\/lt\/wp-json\/wp\/v2\/product_brand?post=55559"},{"taxonomy":"product_cat","embeddable":true,"href":"https:\/\/skinstudio.ee\/lt\/wp-json\/wp\/v2\/product_cat?post=55559"},{"taxonomy":"product_tag","embeddable":true,"href":"https:\/\/skinstudio.ee\/lt\/wp-json\/wp\/v2\/product_tag?post=55559"},{"taxonomy":"giftcard-category","embeddable":true,"href":"https:\/\/skinstudio.ee\/lt\/wp-json\/wp\/v2\/giftcard-category?post=55559"}],"curies":[{"name":"wp","href":"https:\/\/api.w.org\/{rel}","templated":true}]}}