{"id":55594,"date":"2023-05-24T17:56:35","date_gmt":"2023-05-24T17:56:35","guid":{"rendered":"https:\/\/skinstudio.ee\/?post_type=product&#038;p=55594"},"modified":"2026-03-19T11:42:43","modified_gmt":"2026-03-19T11:42:43","slug":"copper-firming-mist","status":"publish","type":"product","link":"https:\/\/skinstudio.ee\/lt\/catalog\/is-clinical\/copper-firming-mist\/","title":{"rendered":"Copper Firming Mist"},"content":{"rendered":"<p data-start=\"1689\" data-end=\"1964\"><strong data-start=\"1689\" data-end=\"1728\">Copper Firming Mist nuo iS Clinical<\/strong> &#8211; tai gaivinantis ir stangrinantis pur\u0161kiklis su lengva tekst\u016bra, kuris akimirksniu dr\u0117kina od\u0105 ir suteikia komforto poj\u016bt\u012f. Formul\u0117 sukurta palaikyti nat\u016bral\u0173 odos balans\u0105, gerinti jos elastingum\u0105 ir apsaugoti nuo aplinkos veiksni\u0173.<\/p>\n<p data-start=\"1966\" data-end=\"2212\">Pur\u0161kiklis greitai sumink\u0161tina od\u0105, pa\u0161alina sausumo poj\u016bt\u012f ir padeda palaikyti optimal\u0173 dr\u0117gm\u0117s lyg\u012f visos dienos metu. D\u0117l vario ir augalini\u0173 komponent\u0173 derinio priemon\u0117 padeda stiprinti od\u0105, gerinti jos tonus\u0105 ir suteikti sveikesn\u0119 i\u0161vaizd\u0105.<\/p>\n<p data-start=\"2214\" data-end=\"2425\">Formul\u0117 papildomai padeda reguliuoti sebumo i\u0161siskyrim\u0105, palaiko odos \u0161var\u0105 ir komfort\u0105, taip pat tinka naudoti po saul\u0117s poveikio ar kosmetini\u0173 proced\u016br\u0173. Oda atrodo gaivesn\u0117, labiau sudr\u0117kinta ir pri\u017ei\u016br\u0117ta.<\/p>\n<p data-start=\"2427\" data-end=\"2462\"><strong data-start=\"2427\" data-end=\"2460\">Aktyvi\u0173 ingredient\u0173 poveikis:<\/strong><\/p>\n<ul data-start=\"2463\" data-end=\"2754\">\n<li data-section-id=\"agi15g\" data-start=\"2463\" data-end=\"2527\">\n<p data-start=\"2465\" data-end=\"2527\"><strong data-start=\"2465\" data-end=\"2475\">Copper<\/strong>: padeda skatinti odos atsinaujinim\u0105 ir stiprinim\u0105<\/p>\n<\/li>\n<li data-section-id=\"vwk1bd\" data-start=\"2528\" data-end=\"2607\">\n<p data-start=\"2530\" data-end=\"2607\"><strong data-start=\"2530\" data-end=\"2544\">Copper PCA<\/strong>: padeda reguliuoti sebumo i\u0161siskyrim\u0105 ir gerinti elastingum\u0105<\/p>\n<\/li>\n<li data-section-id=\"1ao1lvg\" data-start=\"2608\" data-end=\"2681\">\n<p data-start=\"2610\" data-end=\"2681\"><strong data-start=\"2610\" data-end=\"2622\">Kola Nut<\/strong>: suteikia antioksidacin\u012f poveik\u012f ir padeda stiprinti od\u0105<\/p>\n<\/li>\n<li data-section-id=\"90vwt3\" data-start=\"2682\" data-end=\"2754\">\n<p data-start=\"2684\" data-end=\"2754\"><strong data-start=\"2684\" data-end=\"2699\">Resveratrol<\/strong>: padeda apsaugoti od\u0105 nuo laisv\u0173j\u0173 radikal\u0173 poveikio<\/p>\n<\/li>\n<\/ul>\n<p data-start=\"2756\" data-end=\"2903\"><strong data-start=\"2756\" data-end=\"2789\">Kam tinka Copper Firming Mist<\/strong>: sausai, dehidratuotai ir jautriai odai, taip pat odai, kuriai reikalingas papildomas dr\u0117kinimas ir atstatymas.<\/p>\n<p data-start=\"2905\" data-end=\"2923\"><strong data-start=\"2905\" data-end=\"2921\">T\u016bris: 75 ml<\/strong><\/p>\n","protected":false},"excerpt":{"rendered":"<p data-start=\"2994\" data-end=\"3029\">Stangrinantis pur\u0161kiklis su variu<\/p>\n<h2 data-start=\"3031\" data-end=\"3076\"><strong data-start=\"3031\" data-end=\"3076\">iS Clinical &#8211; Copper Firming Mist Savyb\u0117s<\/strong><\/h2>\n<p data-start=\"3078\" data-end=\"3264\">\u2714\ufe0f Akimirksniu gaivina ir dr\u0117kina od\u0105<br data-start=\"3115\" data-end=\"3118\" \/>\u2714\ufe0f Gerina elastingum\u0105 ir odos tonus\u0105<br data-start=\"3154\" data-end=\"3157\" \/>\u2714\ufe0f Palaiko odos balans\u0105 ir komfort\u0105<br data-start=\"3192\" data-end=\"3195\" \/>\u2714\ufe0f Suteikia antioksidacin\u0119 apsaug\u0105<br data-start=\"3229\" data-end=\"3232\" \/>\u2714\ufe0f Patogus naudoti dienos metu<\/p>\n","protected":false},"featured_media":55595,"template":"","meta":[],"pwb-brand":[1180],"product_brand":[],"product_cat":[738,746,740,750,748,722],"product_tag":[],"giftcard-category":[],"class_list":{"0":"post-55594","1":"product","2":"type-product","3":"status-publish","4":"has-post-thumbnail","6":"pwb-brand-is-clinical","7":"product_cat-drekinimas","8":"product_cat-jautriai-odai","9":"product_cat-sausai-odai","10":"product_cat-senstanti-oda","11":"product_cat-taukainai-adai-lt","12":"product_cat-toneriai","14":"first","15":"instock","16":"taxable","17":"shipping-taxable","18":"purchasable","19":"product-type-simple"},"acf":[],"brands":[{"id":1180,"name":"IS CLINICAL","slug":"is-clinical"}],"_links":{"self":[{"href":"https:\/\/skinstudio.ee\/lt\/wp-json\/wp\/v2\/product\/55594","targetHints":{"allow":["GET"]}}],"collection":[{"href":"https:\/\/skinstudio.ee\/lt\/wp-json\/wp\/v2\/product"}],"about":[{"href":"https:\/\/skinstudio.ee\/lt\/wp-json\/wp\/v2\/types\/product"}],"version-history":[{"count":1,"href":"https:\/\/skinstudio.ee\/lt\/wp-json\/wp\/v2\/product\/55594\/revisions"}],"predecessor-version":[{"id":86888,"href":"https:\/\/skinstudio.ee\/lt\/wp-json\/wp\/v2\/product\/55594\/revisions\/86888"}],"wp:featuredmedia":[{"embeddable":true,"href":"https:\/\/skinstudio.ee\/lt\/wp-json\/wp\/v2\/media\/55595"}],"wp:attachment":[{"href":"https:\/\/skinstudio.ee\/lt\/wp-json\/wp\/v2\/media?parent=55594"}],"wp:term":[{"taxonomy":"pwb-brand","embeddable":true,"href":"https:\/\/skinstudio.ee\/lt\/wp-json\/wp\/v2\/pwb-brand?post=55594"},{"taxonomy":"product_brand","embeddable":true,"href":"https:\/\/skinstudio.ee\/lt\/wp-json\/wp\/v2\/product_brand?post=55594"},{"taxonomy":"product_cat","embeddable":true,"href":"https:\/\/skinstudio.ee\/lt\/wp-json\/wp\/v2\/product_cat?post=55594"},{"taxonomy":"product_tag","embeddable":true,"href":"https:\/\/skinstudio.ee\/lt\/wp-json\/wp\/v2\/product_tag?post=55594"},{"taxonomy":"giftcard-category","embeddable":true,"href":"https:\/\/skinstudio.ee\/lt\/wp-json\/wp\/v2\/giftcard-category?post=55594"}],"curies":[{"name":"wp","href":"https:\/\/api.w.org\/{rel}","templated":true}]}}