{"id":55601,"date":"2023-05-24T17:56:35","date_gmt":"2023-05-24T17:56:35","guid":{"rendered":"https:\/\/skinstudio.ee\/?post_type=product&#038;p=55601"},"modified":"2026-03-19T13:32:06","modified_gmt":"2026-03-19T13:32:06","slug":"eclipse-spf-50","status":"publish","type":"product","link":"https:\/\/skinstudio.ee\/lt\/catalog\/is-clinical\/eclipse-spf-50\/","title":{"rendered":"Eclipse SPF 50+"},"content":{"rendered":"<p data-start=\"1579\" data-end=\"1840\"><strong data-start=\"1579\" data-end=\"1614\">Eclipse SPF 50+ nuo iS Clinical<\/strong> yra auk\u0161tos apsaugos saul\u0117s kremas, skirtas kasdieniam naudojimui ir ilgesniam buvimui saul\u0117je. Formul\u0117 sujungia pa\u017eangius fizinius filtrus ir antioksidantus, u\u017etikrindama patikim\u0105 apsaug\u0105 ir i\u0161laikydama sveik\u0105 odos i\u0161vaizd\u0105.<\/p>\n<p data-start=\"1842\" data-end=\"2091\">Lengva tekst\u016bra greitai \u012fsigeria ir nepalieka riebumo poj\u016b\u010dio, tod\u0117l puikiai tinka kasdieniam naudojimui. Produktas padeda apsaugoti od\u0105 nuo UVA\/UVB spinduli\u0173 bei prisideda prie apsaugos nuo aplinkos veiksni\u0173, skatinan\u010di\u0173 prie\u0161laikin\u012f odos sen\u0117jim\u0105.<\/p>\n<p data-start=\"2093\" data-end=\"2275\">Produktas yra dviej\u0173 versij\u0173: skaidrios klasikin\u0117s formul\u0117s ir tonuotos versijos <strong data-start=\"2174\" data-end=\"2194\">PerfecTint Beige<\/strong>, kuri padeda suvienodinti odos ton\u0105 ir suteikia nat\u016braliai i\u0161puosel\u0117t\u0105 i\u0161vaizd\u0105.<\/p>\n<p data-start=\"2277\" data-end=\"2368\">Atspari vandeniui formul\u0117 tinkama tiek kasdieniam naudojimui, tiek aktyviam laikui saul\u0117je.<\/p>\n<p data-start=\"2370\" data-end=\"2404\"><strong data-start=\"2370\" data-end=\"2404\">Aktyvi\u0173j\u0173 komponent\u0173 poveikis:<\/strong><\/p>\n<ul data-start=\"2406\" data-end=\"2573\">\n<li data-section-id=\"ed0tfx\" data-start=\"2406\" data-end=\"2463\">\n<p data-start=\"2408\" data-end=\"2463\"><strong data-start=\"2408\" data-end=\"2428\">Titanium Dioxide<\/strong>: u\u017etikrina saugi\u0105 fizin\u0119 apsaug\u0105<\/p>\n<\/li>\n<li data-section-id=\"1eeicrv\" data-start=\"2464\" data-end=\"2522\">\n<p data-start=\"2466\" data-end=\"2522\"><strong data-start=\"2466\" data-end=\"2480\">Zinc Oxide<\/strong>: saugo nuo UVA\/UVB, tinka jautriai odai<\/p>\n<\/li>\n<li data-section-id=\"lug1m2\" data-start=\"2523\" data-end=\"2573\">\n<p data-start=\"2525\" data-end=\"2573\"><strong data-start=\"2525\" data-end=\"2538\">Vitamin E<\/strong>: suteikia antioksidacin\u0119 apsaug\u0105<\/p>\n<\/li>\n<\/ul>\n<p data-start=\"2575\" data-end=\"2649\"><strong data-start=\"2575\" data-end=\"2605\">Kam tinka Eclipse SPF 50+:<\/strong> visiems odos tipams, \u012fskaitant jautri\u0105 od\u0105.<\/p>\n<p data-start=\"2651\" data-end=\"2667\"><strong data-start=\"2651\" data-end=\"2661\">T\u016bris:<\/strong> 100 g<\/p>\n","protected":false},"excerpt":{"rendered":"<p data-start=\"2727\" data-end=\"2755\">Apsauginis kremas nuo saul\u0117s<\/p>\n<h2 data-start=\"2757\" data-end=\"2798\"><strong data-start=\"2757\" data-end=\"2798\">IS CLINICAL &#8211; Eclipse SPF 50+ Savyb\u0117s<\/strong><\/h2>\n<p data-start=\"2800\" data-end=\"2976\">\u2714\ufe0f U\u017etikrina auk\u0161to lygio SPF 50+ apsaug\u0105<br data-start=\"2841\" data-end=\"2844\" \/>\u2714\ufe0f Saugo nuo UVA ir UVB spinduli\u0173<br data-start=\"2877\" data-end=\"2880\" \/>\u2714\ufe0f Padeda i\u0161vengti fotosen\u0117jimo<br data-start=\"2911\" data-end=\"2914\" \/>\u2714\ufe0f Lengva, neriebi tekst\u016bra<br data-start=\"2941\" data-end=\"2944\" \/>\u2714\ufe0f Tinka kasdieniam naudojimui<\/p>\n","protected":false},"featured_media":55602,"template":"","meta":[],"pwb-brand":[1180],"product_brand":[],"product_cat":[732],"product_tag":[],"giftcard-category":[],"class_list":{"0":"post-55601","1":"product","2":"type-product","3":"status-publish","4":"has-post-thumbnail","6":"pwb-brand-is-clinical","7":"product_cat-spf-apsauga","9":"first","10":"instock","11":"taxable","12":"shipping-taxable","13":"purchasable","14":"product-type-variable"},"acf":[],"brands":[{"id":1180,"name":"IS CLINICAL","slug":"is-clinical"}],"_links":{"self":[{"href":"https:\/\/skinstudio.ee\/lt\/wp-json\/wp\/v2\/product\/55601","targetHints":{"allow":["GET"]}}],"collection":[{"href":"https:\/\/skinstudio.ee\/lt\/wp-json\/wp\/v2\/product"}],"about":[{"href":"https:\/\/skinstudio.ee\/lt\/wp-json\/wp\/v2\/types\/product"}],"version-history":[{"count":1,"href":"https:\/\/skinstudio.ee\/lt\/wp-json\/wp\/v2\/product\/55601\/revisions"}],"predecessor-version":[{"id":87004,"href":"https:\/\/skinstudio.ee\/lt\/wp-json\/wp\/v2\/product\/55601\/revisions\/87004"}],"wp:featuredmedia":[{"embeddable":true,"href":"https:\/\/skinstudio.ee\/lt\/wp-json\/wp\/v2\/media\/55602"}],"wp:attachment":[{"href":"https:\/\/skinstudio.ee\/lt\/wp-json\/wp\/v2\/media?parent=55601"}],"wp:term":[{"taxonomy":"pwb-brand","embeddable":true,"href":"https:\/\/skinstudio.ee\/lt\/wp-json\/wp\/v2\/pwb-brand?post=55601"},{"taxonomy":"product_brand","embeddable":true,"href":"https:\/\/skinstudio.ee\/lt\/wp-json\/wp\/v2\/product_brand?post=55601"},{"taxonomy":"product_cat","embeddable":true,"href":"https:\/\/skinstudio.ee\/lt\/wp-json\/wp\/v2\/product_cat?post=55601"},{"taxonomy":"product_tag","embeddable":true,"href":"https:\/\/skinstudio.ee\/lt\/wp-json\/wp\/v2\/product_tag?post=55601"},{"taxonomy":"giftcard-category","embeddable":true,"href":"https:\/\/skinstudio.ee\/lt\/wp-json\/wp\/v2\/giftcard-category?post=55601"}],"curies":[{"name":"wp","href":"https:\/\/api.w.org\/{rel}","templated":true}]}}