{"id":55610,"date":"2023-05-24T17:56:35","date_gmt":"2023-05-24T17:56:35","guid":{"rendered":"https:\/\/skinstudio.ee\/?post_type=product&#038;p=55610"},"modified":"2026-03-19T14:29:53","modified_gmt":"2026-03-19T14:29:53","slug":"extreme-protect-spf-40","status":"publish","type":"product","link":"https:\/\/skinstudio.ee\/lt\/catalog\/is-clinical\/extreme-protect-spf-40\/","title":{"rendered":"Extreme Protect SPF 40"},"content":{"rendered":"<p data-start=\"1839\" data-end=\"2171\"><strong data-start=\"1839\" data-end=\"1881\">Extreme Protect SPF 40 nuo iS Clinical<\/strong> yra inovatyvus plataus spektro apsauginis kremas nuo saul\u0117s, kuris sujungia efektyvi\u0105 fizin\u0119 apsaug\u0105 ir stipr\u0173 antioksidacin\u012f poveik\u012f. Formul\u0117je naudojama patentuota <strong data-start=\"2048\" data-end=\"2077\">Extremozyme\u00ae technologija<\/strong>, padedanti apsaugoti od\u0105 ir palaikyti jos sveik\u0105 b\u016bkl\u0119 kasdienio aplinkos poveikio s\u0105lygomis.<\/p>\n<p data-start=\"2173\" data-end=\"2345\">Sud\u0117tyje yra mikronizuoti skaidr\u016bs fiziniai filtrai &#8211; cinko oksidas ir titano dioksidas, u\u017etikrinantys patikim\u0105 apsaug\u0105 nuo UVA\/UVB spinduli\u0173 be sunkumo ar balto sluoksnio.<\/p>\n<p data-start=\"2347\" data-end=\"2563\">Kremas ne tik apsaugo od\u0105, bet ir padeda i\u0161laikyti jos dr\u0117gm\u0117s balans\u0105, suteikdamas komforto, glotnumo ir pri\u017ei\u016br\u0117tos odos i\u0161vaizd\u0105. Reguliarus naudojimas padeda suma\u017einti veiksni\u0173, skatinan\u010di\u0173 fotosen\u0117jim\u0105, poveik\u012f.<\/p>\n<p data-start=\"2565\" data-end=\"2728\">Produktas yra dviej\u0173 versij\u0173: skaidrios klasikin\u0117s formul\u0117s ir tonuotos versijos <strong data-start=\"2646\" data-end=\"2660\">PerfecTint<\/strong>, kuri padeda suvienodinti odos ton\u0105 ir suteikia nat\u016bral\u0173 \u0161vyt\u0117jim\u0105.<\/p>\n<p data-start=\"2730\" data-end=\"2817\">Tinka kasdieniam naudojimui, \u012fskaitant jautri\u0105 od\u0105, taip pat ilgesniam buvimui saul\u0117je.<\/p>\n<p data-start=\"2819\" data-end=\"2853\"><strong data-start=\"2819\" data-end=\"2853\">Aktyvi\u0173j\u0173 komponent\u0173 poveikis:<\/strong><\/p>\n<ul data-start=\"2855\" data-end=\"3045\">\n<li data-section-id=\"gwjbwq\" data-start=\"2855\" data-end=\"2920\">\n<p data-start=\"2857\" data-end=\"2920\"><strong data-start=\"2857\" data-end=\"2877\">Titanium Dioxide:<\/strong>\u00a0saugus plataus spektro fizinis filtras<\/p>\n<\/li>\n<li data-section-id=\"8lp2rn\" data-start=\"2921\" data-end=\"2984\">\n<p data-start=\"2923\" data-end=\"2984\"><strong data-start=\"2923\" data-end=\"2937\">Zinc Oxide:<\/strong>\u00a0apsaugo nuo UVA\/UVB ir tinka jautriai odai<\/p>\n<\/li>\n<li data-section-id=\"1cvebm4\" data-start=\"2985\" data-end=\"3045\">\n<p data-start=\"2987\" data-end=\"3045\"><strong data-start=\"2987\" data-end=\"3000\">Vitamin E:<\/strong>\u00a0antioksidantas, padedantis apsaugoti od\u0105<\/p>\n<\/li>\n<\/ul>\n<p data-start=\"3047\" data-end=\"3128\"><strong data-start=\"3047\" data-end=\"3084\">Kam tinka Extreme Protect SPF 40:<\/strong> visiems odos tipams, \u012fskaitant jautri\u0105 od\u0105.<\/p>\n<p data-start=\"3130\" data-end=\"3146\"><strong data-start=\"3130\" data-end=\"3140\">T\u016bris:<\/strong> 100 g<\/p>\n","protected":false},"excerpt":{"rendered":"<p data-start=\"3206\" data-end=\"3234\">Apsauginis kremas nuo saul\u0117s<\/p>\n<h2 data-start=\"3236\" data-end=\"3284\"><strong data-start=\"3236\" data-end=\"3284\">IS CLINICAL &#8211; Extreme Protect SPF 40 Savyb\u0117s<\/strong><\/h2>\n<p data-start=\"3286\" data-end=\"3464\">\u2714\ufe0f U\u017etikrina patikim\u0105 SPF 40 apsaug\u0105<br data-start=\"3322\" data-end=\"3325\" \/>\u2714\ufe0f Saugo nuo UVA ir UVB spinduli\u0173<br data-start=\"3358\" data-end=\"3361\" \/>\u2714\ufe0f Padeda i\u0161vengti fotosen\u0117jimo<br data-start=\"3392\" data-end=\"3395\" \/>\u2714\ufe0f Palaiko odos dr\u0117gm\u0119 ir komfort\u0105<br data-start=\"3429\" data-end=\"3432\" \/>\u2714\ufe0f Tinka kasdieniam naudojimui<\/p>\n","protected":false},"featured_media":63265,"template":"","meta":[],"pwb-brand":[1180],"product_brand":[],"product_cat":[738,732],"product_tag":[],"giftcard-category":[],"class_list":{"0":"post-55610","1":"product","2":"type-product","3":"status-publish","4":"has-post-thumbnail","6":"pwb-brand-is-clinical","7":"product_cat-drekinimas","8":"product_cat-spf-apsauga","10":"first","11":"instock","12":"taxable","13":"shipping-taxable","14":"purchasable","15":"product-type-variable"},"acf":[],"brands":[{"id":1180,"name":"IS CLINICAL","slug":"is-clinical"}],"_links":{"self":[{"href":"https:\/\/skinstudio.ee\/lt\/wp-json\/wp\/v2\/product\/55610","targetHints":{"allow":["GET"]}}],"collection":[{"href":"https:\/\/skinstudio.ee\/lt\/wp-json\/wp\/v2\/product"}],"about":[{"href":"https:\/\/skinstudio.ee\/lt\/wp-json\/wp\/v2\/types\/product"}],"version-history":[{"count":2,"href":"https:\/\/skinstudio.ee\/lt\/wp-json\/wp\/v2\/product\/55610\/revisions"}],"predecessor-version":[{"id":87040,"href":"https:\/\/skinstudio.ee\/lt\/wp-json\/wp\/v2\/product\/55610\/revisions\/87040"}],"wp:featuredmedia":[{"embeddable":true,"href":"https:\/\/skinstudio.ee\/lt\/wp-json\/wp\/v2\/media\/63265"}],"wp:attachment":[{"href":"https:\/\/skinstudio.ee\/lt\/wp-json\/wp\/v2\/media?parent=55610"}],"wp:term":[{"taxonomy":"pwb-brand","embeddable":true,"href":"https:\/\/skinstudio.ee\/lt\/wp-json\/wp\/v2\/pwb-brand?post=55610"},{"taxonomy":"product_brand","embeddable":true,"href":"https:\/\/skinstudio.ee\/lt\/wp-json\/wp\/v2\/product_brand?post=55610"},{"taxonomy":"product_cat","embeddable":true,"href":"https:\/\/skinstudio.ee\/lt\/wp-json\/wp\/v2\/product_cat?post=55610"},{"taxonomy":"product_tag","embeddable":true,"href":"https:\/\/skinstudio.ee\/lt\/wp-json\/wp\/v2\/product_tag?post=55610"},{"taxonomy":"giftcard-category","embeddable":true,"href":"https:\/\/skinstudio.ee\/lt\/wp-json\/wp\/v2\/giftcard-category?post=55610"}],"curies":[{"name":"wp","href":"https:\/\/api.w.org\/{rel}","templated":true}]}}