{"id":55619,"date":"2023-05-24T17:56:35","date_gmt":"2023-05-24T17:56:35","guid":{"rendered":"https:\/\/skinstudio.ee\/?post_type=product&#038;p=55619"},"modified":"2026-02-18T11:20:06","modified_gmt":"2026-02-18T11:20:06","slug":"sheald-recovery-balm","status":"publish","type":"product","link":"https:\/\/skinstudio.ee\/lt\/catalog\/is-clinical\/sheald-recovery-balm\/","title":{"rendered":"SHEALD Recovery Balm"},"content":{"rendered":"<p data-start=\"4271\" data-end=\"4537\"><strong data-start=\"4271\" data-end=\"4312\">SHEALD Recovery Balm nuo iS CLINICAL\u00ae<\/strong> &#8211; atkuriamasis balzamas, skirtas intensyviai pa\u017eeistos odos prie\u017ei\u016brai po agresyvi\u0173 proced\u016br\u0173 ir aplinkos poveikio. Formul\u0117 padeda suma\u017einti diskomfort\u0105, palaiko atsistatymo procesus ir padeda atkurti odos apsaugin\u012f barjer\u0105.<\/p>\n<p data-start=\"4539\" data-end=\"4791\">Balzamas suteikia gil\u0173 dr\u0117kinim\u0105 ir mink\u0161tinim\u0105, padeda palaikyti optimal\u0173 dr\u0117gm\u0117s lyg\u012f ir skatina greitesn\u012f odos atsistatym\u0105. Aktyv\u016bs komponentai padeda ma\u017einti dirginim\u0105 ir palaiko audini\u0173 regeneracij\u0105, gerindami odos i\u0161vaizd\u0105 po invazini\u0173 proced\u016br\u0173.<\/p>\n<p data-start=\"4793\" data-end=\"4818\"><strong data-start=\"4793\" data-end=\"4818\">Aktyv\u016bs ingredientai:<\/strong><\/p>\n<ul data-start=\"4820\" data-end=\"5103\">\n<li data-start=\"4820\" data-end=\"4961\">\n<p data-start=\"4822\" data-end=\"4961\"><strong data-start=\"4822\" data-end=\"4899\">Ceramides Complex (Ceramide NP, AP, EOP + Cholesterol + Phytosphingosine)<\/strong> &#8211; atkuria lipidin\u012f barjer\u0105 ir stiprina apsaugines funkcijas<\/p>\n<\/li>\n<li data-start=\"4962\" data-end=\"5029\">\n<p data-start=\"4964\" data-end=\"5029\"><strong data-start=\"4964\" data-end=\"4991\">Beta-Glucan + Panthenol<\/strong> &#8211; ramina od\u0105 ir palaiko atsistatym\u0105<\/p>\n<\/li>\n<li data-start=\"5030\" data-end=\"5103\">\n<p data-start=\"5032\" data-end=\"5103\"><strong data-start=\"5032\" data-end=\"5054\">Sodium Hyaluronate<\/strong> &#8211; intensyviai dr\u0117kina ir padeda i\u0161laikyti dr\u0117gm\u0119<\/p>\n<\/li>\n<\/ul>\n<p data-start=\"5105\" data-end=\"5204\"><strong data-start=\"5105\" data-end=\"5119\">Kam tinka:<\/strong> labai sausai, jautriai, sudirgusiai ir pa\u017eeistai odai; ypa\u010d po kosmetini\u0173 proced\u016br\u0173.<\/p>\n<p data-start=\"5206\" data-end=\"5228\"><strong data-start=\"5206\" data-end=\"5216\">T\u016bris:<\/strong> 15 g \/ 60 g<\/p>\n","protected":false},"excerpt":{"rendered":"<p data-start=\"5320\" data-end=\"5341\">Atkuriamasis balzamas<\/p>\n<h2 data-start=\"5343\" data-end=\"5389\"><strong data-start=\"5343\" data-end=\"5389\">IS CLINICAL &#8211; SHEALD Recovery Balm Savyb\u0117s<\/strong><\/h2>\n<p data-start=\"5391\" data-end=\"5592\">\u2714\ufe0f Intensyviai atkuria od\u0105 po proced\u016br\u0173<br data-start=\"5430\" data-end=\"5433\" \/>\u2714\ufe0f Ramina dirginim\u0105 ir ma\u017eina diskomfort\u0105<br data-start=\"5474\" data-end=\"5477\" \/>\u2714\ufe0f Stiprina apsaugin\u012f odos barjer\u0105<br data-start=\"5511\" data-end=\"5514\" \/>\u2714\ufe0f Mink\u0161tina ir ma\u017eina sausum\u0105<br data-start=\"5544\" data-end=\"5547\" \/>\u2714\ufe0f Tinka profesionaliai atkuriamai prie\u017ei\u016brai<\/p>\n<p data-start=\"1957\" data-end=\"2011\">\n","protected":false},"featured_media":63280,"template":"","meta":[],"pwb-brand":[1180],"product_brand":[],"product_cat":[738,746,740,754],"product_tag":[],"giftcard-category":[],"class_list":{"0":"post-55619","1":"product","2":"type-product","3":"status-publish","4":"has-post-thumbnail","6":"pwb-brand-is-clinical","7":"product_cat-drekinimas","8":"product_cat-jautriai-odai","9":"product_cat-sausai-odai","10":"product_cat-travel-size-lt","11":"pa_suurus-15g-lt","12":"pa_suurus-60g-lt","14":"first","15":"instock","16":"taxable","17":"shipping-taxable","18":"purchasable","19":"product-type-variable"},"acf":[],"brands":[{"id":1180,"name":"IS CLINICAL","slug":"is-clinical"}],"_links":{"self":[{"href":"https:\/\/skinstudio.ee\/lt\/wp-json\/wp\/v2\/product\/55619","targetHints":{"allow":["GET"]}}],"collection":[{"href":"https:\/\/skinstudio.ee\/lt\/wp-json\/wp\/v2\/product"}],"about":[{"href":"https:\/\/skinstudio.ee\/lt\/wp-json\/wp\/v2\/types\/product"}],"version-history":[{"count":1,"href":"https:\/\/skinstudio.ee\/lt\/wp-json\/wp\/v2\/product\/55619\/revisions"}],"predecessor-version":[{"id":81744,"href":"https:\/\/skinstudio.ee\/lt\/wp-json\/wp\/v2\/product\/55619\/revisions\/81744"}],"wp:featuredmedia":[{"embeddable":true,"href":"https:\/\/skinstudio.ee\/lt\/wp-json\/wp\/v2\/media\/63280"}],"wp:attachment":[{"href":"https:\/\/skinstudio.ee\/lt\/wp-json\/wp\/v2\/media?parent=55619"}],"wp:term":[{"taxonomy":"pwb-brand","embeddable":true,"href":"https:\/\/skinstudio.ee\/lt\/wp-json\/wp\/v2\/pwb-brand?post=55619"},{"taxonomy":"product_brand","embeddable":true,"href":"https:\/\/skinstudio.ee\/lt\/wp-json\/wp\/v2\/product_brand?post=55619"},{"taxonomy":"product_cat","embeddable":true,"href":"https:\/\/skinstudio.ee\/lt\/wp-json\/wp\/v2\/product_cat?post=55619"},{"taxonomy":"product_tag","embeddable":true,"href":"https:\/\/skinstudio.ee\/lt\/wp-json\/wp\/v2\/product_tag?post=55619"},{"taxonomy":"giftcard-category","embeddable":true,"href":"https:\/\/skinstudio.ee\/lt\/wp-json\/wp\/v2\/giftcard-category?post=55619"}],"curies":[{"name":"wp","href":"https:\/\/api.w.org\/{rel}","templated":true}]}}