{"id":55636,"date":"2023-05-24T17:56:34","date_gmt":"2023-05-24T17:56:34","guid":{"rendered":"https:\/\/skinstudio.ee\/?post_type=product&#038;p=55636"},"modified":"2026-01-22T15:04:09","modified_gmt":"2026-01-22T15:04:09","slug":"pure-calm-trial-kit","status":"publish","type":"product","link":"https:\/\/skinstudio.ee\/lt\/catalog\/is-clinical\/pure-calm-trial-kit\/","title":{"rendered":"Pure Calm Trial Kit"},"content":{"rendered":"<p data-start=\"2955\" data-end=\"3206\">Rinkinyje yra:<br data-start=\"2976\" data-end=\"2979\" \/>\u0160velni valantis prausiklis <strong data-start=\"3006\" data-end=\"3027\">Cleansing Complex<\/strong>, 2&#215;2 ml<br data-start=\"3035\" data-end=\"3038\" \/>Atkuriamasis serumas <strong data-start=\"3059\" data-end=\"3086\">Pro-Heal Serum Advance+<\/strong>, 3.75 ml<br data-start=\"3095\" data-end=\"3098\" \/>Raminamasis serumas <strong data-start=\"3118\" data-end=\"3138\">Hydra-Cool Serum<\/strong>, 3.75 ml<br data-start=\"3147\" data-end=\"3150\" \/>Apsauginis kremas nuo saul\u0117s <strong data-start=\"3179\" data-end=\"3198\">Eclipse SPF 50+<\/strong>, 10 g<\/p>\n<p data-start=\"3208\" data-end=\"3512\"><strong data-start=\"3208\" data-end=\"3229\">Cleansing Complex<\/strong> \u2013 puiki prie\u017ei\u016bros priemon\u0117 vis\u0173 tip\u0173 odai, nepriklausomai nuo am\u017eiaus. Reguliarus naudojimas padeda i\u0161vengti spuog\u0173 atsiradimo. <strong data-start=\"3359\" data-end=\"3380\">Cleansing Complex<\/strong> yra ne tik veiksmingas kasdieniam valymui, bet ir svarbus etapas ruo\u0161iant od\u0105 tolesnei prie\u017ei\u016brai su <strong data-start=\"3482\" data-end=\"3498\">iS CLINICAL\u00ae<\/strong> produktais.<\/p>\n<p data-start=\"3514\" data-end=\"3790\"><strong data-start=\"3514\" data-end=\"3541\">Pro-Heal Serum Advance+<\/strong> sud\u0117tyje yra L-askorbo r\u016bg\u0161tis (patobulinta vitamino C forma), alyvmed\u017ei\u0173 lap\u0173 ekstraktas ir vitaminai E bei A, kurie suteikia i\u0161skirtin\u0119 antioksidacin\u0119 apsaug\u0105 ir skatina gijimo procesus. Efektyvus gydant ro\u017ein\u0119, akn\u0119 ir tinkamas brand\u017eiai odai.<\/p>\n<p data-start=\"3792\" data-end=\"4184\"><strong data-start=\"3792\" data-end=\"3812\">Hydra-Cool Serum<\/strong> gaivinan\u010dios formul\u0117s sud\u0117tyje yra veiksming\u0173 augalini\u0173 antioksidant\u0173 ir bioelement\u0173. Greitai ramina od\u0105 po saul\u0117s nudegim\u0173 ar skutimosi, ma\u017eina sudirgim\u0105 ir u\u017edegim\u0105 esant aknei. Dr\u0117kinamasis serumas palaiko odos dr\u0117gm\u0117s balans\u0105, suma\u017eina rauk\u0161leles, nie\u017e\u0117jim\u0105 ir \u0161erpetojim\u0105, pagreitina regeneracij\u0105. Tinka vis\u0173 tip\u0173 odai, gali b\u016bti naudojamas tiek moter\u0173, tiek vyr\u0173.<\/p>\n<p data-start=\"4186\" data-end=\"4489\"><strong data-start=\"4186\" data-end=\"4205\">Eclipse SPF 50+<\/strong> \u2013 apsauginis kremas nuo saul\u0117s, skirtas kasdieniam naudojimui ir ilgalaikiam buvimui saul\u0117je. Sud\u0117tyje yra unikalus moksli\u0161kai patobulint\u0173 fizini\u0173 filtr\u0173 ir gryno vitamino E derinys. Antioksidantais praturtinta formul\u0117 suteikia auk\u0161\u010diausio lygio vandeniui atspari\u0105 UVA\/UVB apsaug\u0105.<\/p>\n<p data-start=\"4491\" data-end=\"5043\">\n","protected":false},"excerpt":{"rendered":"<p data-start=\"5045\" data-end=\"5112\"><span style=\"color: #ff0000;\"><strong>*U\u017esakant rinkin\u012f, pristatymo laikas gali b\u016bti 3\u20135 darbo dienos.<\/strong><\/span><\/p>\n<p data-start=\"5114\" data-end=\"5343\">Pure Calm Trial Kit \u2013 raminamasis rinkinys jautriai odai su kuperoz\u0117s ir ro\u017ein\u0117s po\u017eymiais i\u0161 iS CLINICAL, kuris ma\u017eina u\u017edegim\u0105 ir paraudim\u0105, dr\u0117kina bei ramina od\u0105, suteikdamas jai sveikesn\u0119 ir jaunatvi\u0161kesn\u0119 i\u0161vaizd\u0105<\/p>\n<h2 data-start=\"5345\" data-end=\"5653\"><strong data-start=\"5345\" data-end=\"5390\">IS CLINICAL &#8211; Pure Calm Trial Kit savyb\u0117s<\/strong><\/h2>\n<p data-start=\"5345\" data-end=\"5653\">\u2714\ufe0f Mini rinkinys odos raminimui ir atk\u016brimui<br data-start=\"5437\" data-end=\"5440\" \/>\u2714\ufe0f Ma\u017eina sudirgimus ir paraudimus<br data-start=\"5474\" data-end=\"5477\" \/>\u2714\ufe0f Stiprina apsaugin\u012f odos barjer\u0105 ir giliai dr\u0117kina<br data-start=\"5529\" data-end=\"5532\" \/>\u2714\ufe0f Tinka jautriai ir reaktyviai odai<br data-start=\"5568\" data-end=\"5571\" \/>\u2714\ufe0f Patogus formatas kelion\u0117ms ir bandymui prie\u0161 \u012fsigyjant pilno dyd\u017eio produktus<\/p>\n","protected":false},"featured_media":63320,"template":"","meta":[],"pwb-brand":[1180],"product_brand":[],"product_cat":[765,756,754],"product_tag":[],"giftcard-category":[],"class_list":{"0":"post-55636","1":"product","2":"type-product","3":"status-publish","4":"has-post-thumbnail","6":"pwb-brand-is-clinical","7":"product_cat-dovanu-ideja","8":"product_cat-rinkinys","9":"product_cat-travel-size-lt","11":"first","12":"instock","13":"taxable","14":"shipping-taxable","15":"purchasable","16":"product-type-simple"},"acf":[],"brands":[{"id":1180,"name":"IS CLINICAL","slug":"is-clinical"}],"_links":{"self":[{"href":"https:\/\/skinstudio.ee\/lt\/wp-json\/wp\/v2\/product\/55636","targetHints":{"allow":["GET"]}}],"collection":[{"href":"https:\/\/skinstudio.ee\/lt\/wp-json\/wp\/v2\/product"}],"about":[{"href":"https:\/\/skinstudio.ee\/lt\/wp-json\/wp\/v2\/types\/product"}],"version-history":[{"count":0,"href":"https:\/\/skinstudio.ee\/lt\/wp-json\/wp\/v2\/product\/55636\/revisions"}],"wp:featuredmedia":[{"embeddable":true,"href":"https:\/\/skinstudio.ee\/lt\/wp-json\/wp\/v2\/media\/63320"}],"wp:attachment":[{"href":"https:\/\/skinstudio.ee\/lt\/wp-json\/wp\/v2\/media?parent=55636"}],"wp:term":[{"taxonomy":"pwb-brand","embeddable":true,"href":"https:\/\/skinstudio.ee\/lt\/wp-json\/wp\/v2\/pwb-brand?post=55636"},{"taxonomy":"product_brand","embeddable":true,"href":"https:\/\/skinstudio.ee\/lt\/wp-json\/wp\/v2\/product_brand?post=55636"},{"taxonomy":"product_cat","embeddable":true,"href":"https:\/\/skinstudio.ee\/lt\/wp-json\/wp\/v2\/product_cat?post=55636"},{"taxonomy":"product_tag","embeddable":true,"href":"https:\/\/skinstudio.ee\/lt\/wp-json\/wp\/v2\/product_tag?post=55636"},{"taxonomy":"giftcard-category","embeddable":true,"href":"https:\/\/skinstudio.ee\/lt\/wp-json\/wp\/v2\/giftcard-category?post=55636"}],"curies":[{"name":"wp","href":"https:\/\/api.w.org\/{rel}","templated":true}]}}