{"id":55643,"date":"2023-05-24T17:56:35","date_gmt":"2023-05-24T17:56:35","guid":{"rendered":"https:\/\/skinstudio.ee\/?post_type=product&#038;p=55643"},"modified":"2026-03-19T11:47:15","modified_gmt":"2026-03-19T11:47:15","slug":"extreme-protect-spf-30","status":"publish","type":"product","link":"https:\/\/skinstudio.ee\/lt\/catalog\/is-clinical\/extreme-protect-spf-30\/","title":{"rendered":"Extreme Protect SPF 30"},"content":{"rendered":"<p data-start=\"1783\" data-end=\"2077\"><strong data-start=\"1783\" data-end=\"1825\">Extreme Protect SPF 30 nuo iS Clinical<\/strong> &#8211; tai daugiafunkcinis apsauginis kremas nuo saul\u0117s, kuris u\u017etikrina patikim\u0105 apsaug\u0105 nuo UVA\/UVB spinduli\u0173 ir tuo pa\u010diu suteikia ry\u0161k\u0173 odos prie\u017ei\u016bros efekt\u0105. Formul\u0117 sukurta palaikyti odos sveikat\u0105, dr\u0117kinti ir apsaugoti nuo prie\u0161laikinio sen\u0117jimo.<\/p>\n<p data-start=\"2079\" data-end=\"2333\">Kremas ne tik apsaugo od\u0105 nuo saul\u0117s poveikio, bet ir aktyviai gerina jos b\u016bkl\u0119: padeda i\u0161lyginti tekst\u016br\u0105, tod\u0117l oda tampa mink\u0161tesn\u0117, lygesn\u0117 ir labiau pri\u017ei\u016br\u0117ta. Lengva tekst\u016bra patogiai pasiskirsto, neapsunkina odos ir tinka kasdieniam naudojimui.<\/p>\n<p data-start=\"2335\" data-end=\"2611\">Formul\u0117 sud\u0117tyje turi patentuot\u0105 Extremozymes\u00ae technologij\u0105 ir antioksidant\u0173 kompleks\u0105, kurie padeda apsaugoti od\u0105 nuo oksidacinio streso, palaiko jos atsistatym\u0105 ir padeda i\u0161laikyti elastingum\u0105. Oda atrodo sveikesn\u0117, labiau sudr\u0117kinta ir geriau apsaugota visos dienos metu.<\/p>\n<p data-start=\"2613\" data-end=\"2648\"><strong data-start=\"2613\" data-end=\"2646\">Aktyvi\u0173 ingredient\u0173 poveikis:<\/strong><\/p>\n<ul data-start=\"2649\" data-end=\"2940\">\n<li data-section-id=\"3rnj8x\" data-start=\"2649\" data-end=\"2714\">\n<p data-start=\"2651\" data-end=\"2714\"><strong data-start=\"2651\" data-end=\"2668\">Extremozymes\u00ae<\/strong>: padeda apsaugoti od\u0105 nuo aplinkos poveikio<\/p>\n<\/li>\n<li data-section-id=\"rct5gq\" data-start=\"2715\" data-end=\"2784\">\n<p data-start=\"2717\" data-end=\"2784\"><strong data-start=\"2717\" data-end=\"2731\">Zinc Oxide<\/strong>: u\u017etikrina fizin\u0119 apsaug\u0105 nuo UVA ir UVB spinduli\u0173<\/p>\n<\/li>\n<li data-section-id=\"fll9zj\" data-start=\"2785\" data-end=\"2858\">\n<p data-start=\"2787\" data-end=\"2858\"><strong data-start=\"2787\" data-end=\"2808\">Centella Asiatica<\/strong>: suteikia antioksidacin\u012f ir atstatom\u0105j\u012f poveik\u012f<\/p>\n<\/li>\n<li data-section-id=\"60pvbw\" data-start=\"2859\" data-end=\"2940\">\n<p data-start=\"2861\" data-end=\"2940\"><strong data-start=\"2861\" data-end=\"2883\">Olive Leaf Extract<\/strong>: mink\u0161tina od\u0105 ir saugo nuo laisv\u0173j\u0173 radikal\u0173 poveikio<\/p>\n<\/li>\n<\/ul>\n<p data-start=\"2942\" data-end=\"3064\"><strong data-start=\"2942\" data-end=\"2978\">Kam tinka Extreme Protect SPF 30<\/strong>: vis\u0173 tip\u0173 odai, \u012fskaitant jautri\u0105, kasdienei apsaugai ir fotosen\u0117jimo prevencijai.<\/p>\n<p data-start=\"3066\" data-end=\"3084\"><strong data-start=\"3066\" data-end=\"3082\">T\u016bris: 100 g<\/strong><\/p>\n","protected":false},"excerpt":{"rendered":"<p data-start=\"3128\" data-end=\"3158\">Apsauginis kremas nuo saul\u0117s<\/p>\n<h2 data-start=\"3160\" data-end=\"3208\"><strong data-start=\"3160\" data-end=\"3208\">iS Clinical &#8211; Extreme Protect SPF 30 Savyb\u0117s<\/strong><\/h2>\n<p data-start=\"3210\" data-end=\"3432\">\u2714\ufe0f U\u017etikrina plataus spektro SPF 30 apsaug\u0105<br data-start=\"3253\" data-end=\"3256\" \/>\u2714\ufe0f Dr\u0117kina ir padeda i\u0161vengti fotosen\u0117jimo<br data-start=\"3298\" data-end=\"3301\" \/>\u2714\ufe0f Saugo nuo laisv\u0173j\u0173 radikal\u0173 ir aplinkos poveikio<br data-start=\"3352\" data-end=\"3355\" \/>\u2714\ufe0f Gerina odos elastingum\u0105 ir bendr\u0105 b\u016bkl\u0119<br data-start=\"3397\" data-end=\"3400\" \/>\u2714\ufe0f Tinka kasdieniam naudojimui<\/p>\n","protected":false},"featured_media":63260,"template":"","meta":[],"pwb-brand":[1180],"product_brand":[],"product_cat":[732],"product_tag":[],"giftcard-category":[],"class_list":{"0":"post-55643","1":"product","2":"type-product","3":"status-publish","4":"has-post-thumbnail","6":"pwb-brand-is-clinical","7":"product_cat-spf-apsauga","9":"first","10":"instock","11":"taxable","12":"shipping-taxable","13":"purchasable","14":"product-type-simple"},"acf":[],"brands":[{"id":1180,"name":"IS CLINICAL","slug":"is-clinical"}],"_links":{"self":[{"href":"https:\/\/skinstudio.ee\/lt\/wp-json\/wp\/v2\/product\/55643","targetHints":{"allow":["GET"]}}],"collection":[{"href":"https:\/\/skinstudio.ee\/lt\/wp-json\/wp\/v2\/product"}],"about":[{"href":"https:\/\/skinstudio.ee\/lt\/wp-json\/wp\/v2\/types\/product"}],"version-history":[{"count":1,"href":"https:\/\/skinstudio.ee\/lt\/wp-json\/wp\/v2\/product\/55643\/revisions"}],"predecessor-version":[{"id":86897,"href":"https:\/\/skinstudio.ee\/lt\/wp-json\/wp\/v2\/product\/55643\/revisions\/86897"}],"wp:featuredmedia":[{"embeddable":true,"href":"https:\/\/skinstudio.ee\/lt\/wp-json\/wp\/v2\/media\/63260"}],"wp:attachment":[{"href":"https:\/\/skinstudio.ee\/lt\/wp-json\/wp\/v2\/media?parent=55643"}],"wp:term":[{"taxonomy":"pwb-brand","embeddable":true,"href":"https:\/\/skinstudio.ee\/lt\/wp-json\/wp\/v2\/pwb-brand?post=55643"},{"taxonomy":"product_brand","embeddable":true,"href":"https:\/\/skinstudio.ee\/lt\/wp-json\/wp\/v2\/product_brand?post=55643"},{"taxonomy":"product_cat","embeddable":true,"href":"https:\/\/skinstudio.ee\/lt\/wp-json\/wp\/v2\/product_cat?post=55643"},{"taxonomy":"product_tag","embeddable":true,"href":"https:\/\/skinstudio.ee\/lt\/wp-json\/wp\/v2\/product_tag?post=55643"},{"taxonomy":"giftcard-category","embeddable":true,"href":"https:\/\/skinstudio.ee\/lt\/wp-json\/wp\/v2\/giftcard-category?post=55643"}],"curies":[{"name":"wp","href":"https:\/\/api.w.org\/{rel}","templated":true}]}}