{"id":55649,"date":"2023-05-24T17:56:34","date_gmt":"2023-05-24T17:56:34","guid":{"rendered":"https:\/\/skinstudio.ee\/?post_type=product&#038;p=55649"},"modified":"2026-03-19T12:23:34","modified_gmt":"2026-03-19T12:23:34","slug":"hydra-intensive-cooling-masque","status":"publish","type":"product","link":"https:\/\/skinstudio.ee\/lt\/catalog\/is-clinical\/hydra-intensive-cooling-masque\/","title":{"rendered":"Hydra-Intensive Cooling Masque"},"content":{"rendered":"<p data-start=\"4709\" data-end=\"5000\"><strong data-start=\"4709\" data-end=\"4759\">Hydra-Intensive Cooling Masque nuo iS Clinical<\/strong> yra gaivinanti dr\u0117kinamoji kauk\u0117 su ry\u0161kiu v\u0117sinamuoju efektu, skirta odos komfortui atkurti ir jos bendrai b\u016bklei pagerinti. Formul\u0117 sujungia augalinius antioksidantus ir hialurono r\u016bg\u0161t\u012f, u\u017etikrindama intensyv\u0173 dr\u0117kinim\u0105 ir gaivos poj\u016bt\u012f.<\/p>\n<p data-start=\"5002\" data-end=\"5187\">Kauk\u0117 padeda greitai nuraminti od\u0105, suma\u017einti diskomfort\u0105 ir atkurti jos mink\u0161tum\u0105 bei elastingum\u0105. Ji palaiko dr\u0117gm\u0117s balans\u0105, ma\u017eina sausum\u0105 ir daro od\u0105 lygesn\u0119 bei labiau pri\u017ei\u016br\u0117t\u0105.<\/p>\n<p data-start=\"5189\" data-end=\"5392\">Produktas puikiai tinka odos atstatymui po i\u0161orini\u0173 veiksni\u0173 poveikio, pad\u0117damas odai atrodyti gaivesnei, tolygesnei ir \u0161vytin\u010diai. Po naudojimo oda jau\u010diasi sudr\u0117kinta, nuraminta ir vizualiai sveikesn\u0117.<\/p>\n<p data-start=\"5394\" data-end=\"5428\"><strong data-start=\"5394\" data-end=\"5428\">Aktyvi\u0173j\u0173 komponent\u0173 poveikis:<\/strong><\/p>\n<ul data-start=\"5430\" data-end=\"5706\">\n<li data-section-id=\"1k044vk\" data-start=\"5430\" data-end=\"5503\">\n<p data-start=\"5432\" data-end=\"5503\"><strong data-start=\"5432\" data-end=\"5453\">Hialurono r\u016bg\u0161tis<\/strong>: intensyviai dr\u0117kina ir padeda i\u0161laikyti dr\u0117gm\u0119<\/p>\n<\/li>\n<li data-section-id=\"sumiqf\" data-start=\"5504\" data-end=\"5563\">\n<p data-start=\"5506\" data-end=\"5563\"><strong data-start=\"5506\" data-end=\"5527\">Aloe Leaf Extract<\/strong>: ramina od\u0105 ir ma\u017eina sudirginim\u0105<\/p>\n<\/li>\n<li data-section-id=\"rzw8ce\" data-start=\"5564\" data-end=\"5630\">\n<p data-start=\"5566\" data-end=\"5630\"><strong data-start=\"5566\" data-end=\"5588\">Japanese Green Tea<\/strong>: antioksidacinis ir raminantis poveikis<\/p>\n<\/li>\n<li data-section-id=\"bs5fxf\" data-start=\"5631\" data-end=\"5706\">\n<p data-start=\"5633\" data-end=\"5706\"><strong data-start=\"5633\" data-end=\"5650\">Resveratrolis<\/strong>: palaiko odos sveikat\u0105 ir saugo nuo i\u0161orini\u0173 veiksni\u0173<\/p>\n<\/li>\n<\/ul>\n<p data-start=\"5708\" data-end=\"5812\"><strong data-start=\"5708\" data-end=\"5753\">Kam tinka Hydra-Intensive Cooling Masque:<\/strong> vis\u0173 tip\u0173 odai, ypa\u010d sausai, jautriai ir sudirgusiai odai.<\/p>\n<p data-start=\"5814\" data-end=\"5830\"><strong data-start=\"5814\" data-end=\"5824\">T\u016bris:<\/strong> 120 g<\/p>\n","protected":false},"excerpt":{"rendered":"<p data-start=\"5919\" data-end=\"5936\">Dr\u0117kinamoji kauk\u0117<\/p>\n<h2 data-start=\"5938\" data-end=\"5994\"><strong data-start=\"5938\" data-end=\"5994\">IS CLINICAL &#8211; Hydra-Intensive Cooling Masque Savyb\u0117s<\/strong><\/h2>\n<p data-start=\"5996\" data-end=\"6173\">\u2714\ufe0f I\u0161kart dr\u0117kina ir atgaivina od\u0105<br data-start=\"6030\" data-end=\"6033\" \/>\u2714\ufe0f V\u0117sina ir ramina od\u0105<br data-start=\"6056\" data-end=\"6059\" \/>\u2714\ufe0f Ma\u017eina sudirginim\u0105 ir paraudim\u0105<br data-start=\"6093\" data-end=\"6096\" \/>\u2714\ufe0f Mink\u0161tina ir didina odos elastingum\u0105<br data-start=\"6135\" data-end=\"6138\" \/>\u2714\ufe0f Suteikia odai sveik\u0105 \u0161vyt\u0117jim\u0105<\/p>\n","protected":false},"featured_media":63365,"template":"","meta":[],"pwb-brand":[1180],"product_brand":[],"product_cat":[738,726,750,748],"product_tag":[],"giftcard-category":[],"class_list":{"0":"post-55649","1":"product","2":"type-product","3":"status-publish","4":"has-post-thumbnail","6":"pwb-brand-is-clinical","7":"product_cat-drekinimas","8":"product_cat-maskas-lt","9":"product_cat-senstanti-oda","10":"product_cat-taukainai-adai-lt","12":"first","13":"instock","14":"taxable","15":"shipping-taxable","16":"purchasable","17":"product-type-simple"},"acf":[],"brands":[{"id":1180,"name":"IS CLINICAL","slug":"is-clinical"}],"_links":{"self":[{"href":"https:\/\/skinstudio.ee\/lt\/wp-json\/wp\/v2\/product\/55649","targetHints":{"allow":["GET"]}}],"collection":[{"href":"https:\/\/skinstudio.ee\/lt\/wp-json\/wp\/v2\/product"}],"about":[{"href":"https:\/\/skinstudio.ee\/lt\/wp-json\/wp\/v2\/types\/product"}],"version-history":[{"count":1,"href":"https:\/\/skinstudio.ee\/lt\/wp-json\/wp\/v2\/product\/55649\/revisions"}],"predecessor-version":[{"id":86926,"href":"https:\/\/skinstudio.ee\/lt\/wp-json\/wp\/v2\/product\/55649\/revisions\/86926"}],"wp:featuredmedia":[{"embeddable":true,"href":"https:\/\/skinstudio.ee\/lt\/wp-json\/wp\/v2\/media\/63365"}],"wp:attachment":[{"href":"https:\/\/skinstudio.ee\/lt\/wp-json\/wp\/v2\/media?parent=55649"}],"wp:term":[{"taxonomy":"pwb-brand","embeddable":true,"href":"https:\/\/skinstudio.ee\/lt\/wp-json\/wp\/v2\/pwb-brand?post=55649"},{"taxonomy":"product_brand","embeddable":true,"href":"https:\/\/skinstudio.ee\/lt\/wp-json\/wp\/v2\/product_brand?post=55649"},{"taxonomy":"product_cat","embeddable":true,"href":"https:\/\/skinstudio.ee\/lt\/wp-json\/wp\/v2\/product_cat?post=55649"},{"taxonomy":"product_tag","embeddable":true,"href":"https:\/\/skinstudio.ee\/lt\/wp-json\/wp\/v2\/product_tag?post=55649"},{"taxonomy":"giftcard-category","embeddable":true,"href":"https:\/\/skinstudio.ee\/lt\/wp-json\/wp\/v2\/giftcard-category?post=55649"}],"curies":[{"name":"wp","href":"https:\/\/api.w.org\/{rel}","templated":true}]}}