{"id":55658,"date":"2023-05-24T17:56:34","date_gmt":"2023-05-24T17:56:34","guid":{"rendered":"https:\/\/skinstudio.ee\/?post_type=product&#038;p=55658"},"modified":"2026-03-19T11:54:14","modified_gmt":"2026-03-19T11:54:14","slug":"youth-lip-elixir","status":"publish","type":"product","link":"https:\/\/skinstudio.ee\/lt\/catalog\/is-clinical\/youth-lip-elixir\/","title":{"rendered":"Youth Lip Elixir"},"content":{"rendered":"<p data-start=\"1767\" data-end=\"2038\"><strong data-start=\"1767\" data-end=\"1803\">Youth Lip Elixir nuo iS Clinical<\/strong> &#8211; tai prabangus prie\u0161rauk\u0161linis l\u016bp\u0173 eliksyras, kuris u\u017etikrina intensyv\u0173 dr\u0117kinim\u0105, glotninam\u0105j\u012f efekt\u0105 ir vizualiai padidina l\u016bp\u0173 apimt\u012f. Formul\u0117 sukurta atkurti l\u016bp\u0173 od\u0105, pagerinti jos tekst\u016br\u0105 ir apsaugoti nuo i\u0161orini\u0173 veiksni\u0173.<\/p>\n<p data-start=\"2040\" data-end=\"2281\">Priemon\u0117 akimirksniu sumink\u0161tina l\u016bpas, pa\u0161alina sausumo poj\u016bt\u012f ir padaro jas lygesnes bei labiau pri\u017ei\u016br\u0117tas. Reguliariai naudojant, l\u016bpos atrodo pilnesn\u0117s, tankesn\u0117s ir vizualiai jaunesn\u0117s, o j\u0173 pavir\u0161ius tampa tolygesnis ir mink\u0161tesnis.<\/p>\n<p data-start=\"2283\" data-end=\"2638\">Inovatyvi formul\u0117 turi peptid\u0173, itin u\u017epildan\u010di\u0173 hialurono r\u016bg\u0161ties sfer\u0173 ir augalini\u0173 ekstrakt\u0173, kurie giliai dr\u0117kina ir padeda padidinti l\u016bp\u0173 apimt\u012f. Taip pat antioksidant\u0173 kompleksas (vitaminai C, E ir B5), taukmed\u017eio sviestas ir kakavos sviestas padeda apsaugoti ir atkurti l\u016bp\u0173 od\u0105. Extremozymes technologija padeda apsaugoti nuo aplinkos poveikio.<\/p>\n<p data-start=\"2640\" data-end=\"2675\"><strong data-start=\"2640\" data-end=\"2673\">Aktyvi\u0173 ingredient\u0173 poveikis:<\/strong><\/p>\n<ul data-start=\"2676\" data-end=\"2965\">\n<li data-section-id=\"fresaj\" data-start=\"2676\" data-end=\"2745\">\n<p data-start=\"2678\" data-end=\"2745\"><strong data-start=\"2678\" data-end=\"2694\">Extremozymes<\/strong>: padeda apsaugoti l\u016bp\u0173 od\u0105 nuo aplinkos poveikio<\/p>\n<\/li>\n<li data-section-id=\"1gwivd2\" data-start=\"2746\" data-end=\"2819\">\n<p data-start=\"2748\" data-end=\"2819\"><strong data-start=\"2748\" data-end=\"2767\">Hyaluronic Acid<\/strong>: u\u017etikrina intensyv\u0173 dr\u0117kinim\u0105 ir apimties efekt\u0105<\/p>\n<\/li>\n<li data-section-id=\"1662k8\" data-start=\"2820\" data-end=\"2903\">\n<p data-start=\"2822\" data-end=\"2903\"><strong data-start=\"2822\" data-end=\"2835\">Vitamin C<\/strong>: padeda apsaugoti nuo i\u0161orini\u0173 veiksni\u0173 ir pagerina l\u016bp\u0173 i\u0161vaizd\u0105<\/p>\n<\/li>\n<li data-section-id=\"9dp1qe\" data-start=\"2904\" data-end=\"2965\">\n<p data-start=\"2906\" data-end=\"2965\"><strong data-start=\"2906\" data-end=\"2919\">Vitamin E<\/strong>: maitina ir suteikia antioksidacin\u0119 apsaug\u0105<\/p>\n<\/li>\n<\/ul>\n<p data-start=\"2967\" data-end=\"3078\"><strong data-start=\"2967\" data-end=\"2997\">Kam tinka Youth Lip Elixir<\/strong>: vis\u0173 tip\u0173 l\u016bpoms, ypa\u010d esant sausumui, dehidratacijai ir apimties praradimui.<\/p>\n<p data-start=\"3080\" data-end=\"3098\"><strong data-start=\"3080\" data-end=\"3096\">T\u016bris: 3,5 g<\/strong><\/p>\n","protected":false},"excerpt":{"rendered":"<p data-start=\"3150\" data-end=\"3182\">Prie\u0161rauk\u0161linis l\u016bp\u0173 eliksyras<\/p>\n<h2 data-start=\"3184\" data-end=\"3226\"><strong data-start=\"3184\" data-end=\"3226\">iS Clinical &#8211; Youth Lip Elixir Savyb\u0117s<\/strong><\/h2>\n<p data-start=\"3228\" data-end=\"3450\">\u2714\ufe0f Intensyviai dr\u0117kina ir mink\u0161tina l\u016bpas<br data-start=\"3269\" data-end=\"3272\" \/>\u2714\ufe0f Lygina smulkias linijas ir didina apimt\u012f<br data-start=\"3315\" data-end=\"3318\" \/>\u2714\ufe0f Saugo nuo sausumo ir i\u0161orini\u0173 veiksni\u0173<br data-start=\"3359\" data-end=\"3362\" \/>\u2714\ufe0f Maitina ir padeda atkurti l\u016bpas<br data-start=\"3396\" data-end=\"3399\" \/>\u2714\ufe0f Suteikia l\u016bpoms glotni\u0105 ir pri\u017ei\u016br\u0117t\u0105 i\u0161vaizd\u0105<\/p>\n","protected":false},"featured_media":55659,"template":"","meta":[],"pwb-brand":[1180],"product_brand":[],"product_cat":[738,760,740,750],"product_tag":[],"giftcard-category":[],"class_list":{"0":"post-55658","1":"product","2":"type-product","3":"status-publish","4":"has-post-thumbnail","6":"pwb-brand-is-clinical","7":"product_cat-drekinimas","8":"product_cat-lupu-prieziura","9":"product_cat-sausai-odai","10":"product_cat-senstanti-oda","12":"first","13":"instock","14":"taxable","15":"shipping-taxable","16":"purchasable","17":"product-type-simple"},"acf":[],"brands":[{"id":1180,"name":"IS CLINICAL","slug":"is-clinical"}],"_links":{"self":[{"href":"https:\/\/skinstudio.ee\/lt\/wp-json\/wp\/v2\/product\/55658","targetHints":{"allow":["GET"]}}],"collection":[{"href":"https:\/\/skinstudio.ee\/lt\/wp-json\/wp\/v2\/product"}],"about":[{"href":"https:\/\/skinstudio.ee\/lt\/wp-json\/wp\/v2\/types\/product"}],"version-history":[{"count":1,"href":"https:\/\/skinstudio.ee\/lt\/wp-json\/wp\/v2\/product\/55658\/revisions"}],"predecessor-version":[{"id":86908,"href":"https:\/\/skinstudio.ee\/lt\/wp-json\/wp\/v2\/product\/55658\/revisions\/86908"}],"wp:featuredmedia":[{"embeddable":true,"href":"https:\/\/skinstudio.ee\/lt\/wp-json\/wp\/v2\/media\/55659"}],"wp:attachment":[{"href":"https:\/\/skinstudio.ee\/lt\/wp-json\/wp\/v2\/media?parent=55658"}],"wp:term":[{"taxonomy":"pwb-brand","embeddable":true,"href":"https:\/\/skinstudio.ee\/lt\/wp-json\/wp\/v2\/pwb-brand?post=55658"},{"taxonomy":"product_brand","embeddable":true,"href":"https:\/\/skinstudio.ee\/lt\/wp-json\/wp\/v2\/product_brand?post=55658"},{"taxonomy":"product_cat","embeddable":true,"href":"https:\/\/skinstudio.ee\/lt\/wp-json\/wp\/v2\/product_cat?post=55658"},{"taxonomy":"product_tag","embeddable":true,"href":"https:\/\/skinstudio.ee\/lt\/wp-json\/wp\/v2\/product_tag?post=55658"},{"taxonomy":"giftcard-category","embeddable":true,"href":"https:\/\/skinstudio.ee\/lt\/wp-json\/wp\/v2\/giftcard-category?post=55658"}],"curies":[{"name":"wp","href":"https:\/\/api.w.org\/{rel}","templated":true}]}}