{"id":55664,"date":"2023-05-24T17:56:34","date_gmt":"2023-05-24T17:56:34","guid":{"rendered":"https:\/\/skinstudio.ee\/?post_type=product&#038;p=55664"},"modified":"2026-03-19T12:27:47","modified_gmt":"2026-03-19T12:27:47","slug":"body-complex","status":"publish","type":"product","link":"https:\/\/skinstudio.ee\/lt\/catalog\/is-clinical\/body-complex\/","title":{"rendered":"Body Complex"},"content":{"rendered":"<div class=\"flex flex-col text-sm pb-25\">\n<section class=\"text-token-text-primary w-full focus:outline-none [--shadow-height:45px] has-data-writing-block:pointer-events-none has-data-writing-block:-mt-(--shadow-height) has-data-writing-block:pt-(--shadow-height) [&amp;:has([data-writing-block])&gt;*]:pointer-events-auto scroll-mt-[calc(var(--header-height)+min(200px,max(70px,20svh)))]\" dir=\"auto\" data-turn-id=\"request-WEB:51985bab-1f8a-4c82-95a0-33ee9dee65bb-115\" data-testid=\"conversation-turn-36\" data-scroll-anchor=\"true\" data-turn=\"assistant\">\n<div class=\"text-base my-auto mx-auto pb-10 [--thread-content-margin:var(--thread-content-margin-xs,calc(var(--spacing)*4))] @w-sm\/main:[--thread-content-margin:var(--thread-content-margin-sm,calc(var(--spacing)*6))] @w-lg\/main:[--thread-content-margin:var(--thread-content-margin-lg,calc(var(--spacing)*16))] px-(--thread-content-margin)\">\n<div class=\"[--thread-content-max-width:40rem] @w-lg\/main:[--thread-content-max-width:48rem] mx-auto max-w-(--thread-content-max-width) flex-1 group\/turn-messages focus-visible:outline-hidden relative flex w-full min-w-0 flex-col agent-turn\">\n<div class=\"flex max-w-full flex-col gap-4 grow\">\n<div class=\"min-h-8 text-message relative flex w-full flex-col items-end gap-2 text-start break-words whitespace-normal outline-none keyboard-focused:focus-ring [.text-message+&amp;]:mt-1\" dir=\"auto\" tabindex=\"0\" data-message-author-role=\"assistant\" data-message-id=\"1d15fb96-8c71-44f0-bc50-048d92595d63\" data-message-model-slug=\"gpt-5-3\" data-turn-start-message=\"true\">\n<div class=\"flex w-full flex-col gap-1 empty:hidden\">\n<div class=\"markdown prose dark:prose-invert w-full wrap-break-word light markdown-new-styling\">\n<p data-start=\"1580\" data-end=\"1859\"><strong data-start=\"1580\" data-end=\"1612\">Body Complex nuo iS Clinical<\/strong> yra dr\u0117kinamasis k\u016bno kremas su atkuriamuoju poveikiu, padedantis pagerinti odos b\u016bkl\u0119 ir i\u0161laikyti jos komfort\u0105. Formul\u0117 sujungia dr\u0117kinan\u010dius komponentus ir antioksidantus, kurie padeda palaikyti odos mink\u0161tum\u0105, glotnum\u0105 ir pri\u017ei\u016br\u0117t\u0105 i\u0161vaizd\u0105.<\/p>\n<p data-start=\"1861\" data-end=\"2067\">Kremas padeda suma\u017einti sausum\u0105, daro od\u0105 mink\u0161tesn\u0119 ir elastingesn\u0119, taip pat prisideda prie tolygesn\u0117s odos tekst\u016bros. Reguliariai naudojant oda atrodo lygesn\u0117, labiau subalansuota ir vizualiai sveikesn\u0117.<\/p>\n<p data-start=\"2069\" data-end=\"2249\">Produktas greitai susigeria, nepalieka riebaus blizgesio ar lipnumo poj\u016b\u010dio, suteikdamas komfort\u0105 visai dienai. Tinka kasdieniam naudojimui, taip pat jautriai ir labai sausai odai.<\/p>\n<p data-start=\"2251\" data-end=\"2285\"><strong data-start=\"2251\" data-end=\"2285\">Aktyvi\u0173j\u0173 komponent\u0173 poveikis:<\/strong><\/p>\n<ul data-start=\"2287\" data-end=\"2557\">\n<li data-section-id=\"1k044vk\" data-start=\"2287\" data-end=\"2360\">\n<p data-start=\"2289\" data-end=\"2360\"><strong data-start=\"2289\" data-end=\"2310\">Hialurono r\u016bg\u0161tis<\/strong>: intensyviai dr\u0117kina ir padeda i\u0161laikyti dr\u0117gm\u0119<\/p>\n<\/li>\n<li data-section-id=\"1662zet\" data-start=\"2361\" data-end=\"2427\">\n<p data-start=\"2363\" data-end=\"2427\"><strong data-start=\"2363\" data-end=\"2384\">Aloe Leaf Extract<\/strong>: ramina od\u0105 ir palaiko jos atsinaujinim\u0105<\/p>\n<\/li>\n<li data-section-id=\"pirbjt\" data-start=\"2428\" data-end=\"2495\">\n<p data-start=\"2430\" data-end=\"2495\"><strong data-start=\"2430\" data-end=\"2451\">Mixed Fruit Acids<\/strong>: \u0161velniai \u0161vei\u010dia ir lygina odos tekst\u016br\u0105<\/p>\n<\/li>\n<li data-section-id=\"1lx1i77\" data-start=\"2496\" data-end=\"2557\">\n<p data-start=\"2498\" data-end=\"2557\"><strong data-start=\"2498\" data-end=\"2519\">White Willow Bark<\/strong>: valo ir skatina odos atsinaujinim\u0105<\/p>\n<\/li>\n<\/ul>\n<p data-start=\"2559\" data-end=\"2644\"><strong data-start=\"2559\" data-end=\"2586\">Kam tinka Body Complex:<\/strong> vis\u0173 tip\u0173 odai, \u012fskaitant saus\u0105, jautri\u0105 ir pa\u017eeist\u0105 od\u0105.<\/p>\n<p data-start=\"2646\" data-end=\"2662\"><strong data-start=\"2646\" data-end=\"2656\">T\u016bris:<\/strong> 180 g<\/p>\n<\/div>\n<\/div>\n<\/div>\n<\/div>\n<\/div>\n<\/div>\n<\/section>\n<\/div>\n","protected":false},"excerpt":{"rendered":"<p data-start=\"2802\" data-end=\"2813\">K\u016bno kremas<\/p>\n<h2 data-start=\"2815\" data-end=\"2853\"><strong data-start=\"2815\" data-end=\"2853\">IS CLINICAL &#8211; Body Complex Savyb\u0117s<\/strong><\/h2>\n<p data-start=\"2855\" data-end=\"3041\">\u2714\ufe0f I\u0161kart dr\u0117kina ir mink\u0161tina od\u0105<br data-start=\"2889\" data-end=\"2892\" \/>\u2714\ufe0f Dar\u043e od\u0105 lygesn\u0119 ir elastingesn\u0119<br data-start=\"2927\" data-end=\"2930\" \/>\u2714\ufe0f Padeda apsaugoti nuo i\u0161orini\u0173 veiksni\u0173<br data-start=\"2971\" data-end=\"2974\" \/>\u2714\ufe0f Ramina ir ma\u017eina diskomfort\u0105<br data-start=\"3005\" data-end=\"3008\" \/>\u2714\ufe0f Greitai susigeria be lipnumo<\/p>\n","protected":false},"featured_media":55665,"template":"","meta":[],"pwb-brand":[1180],"product_brand":[],"product_cat":[738,758],"product_tag":[],"giftcard-category":[],"class_list":{"0":"post-55664","1":"product","2":"type-product","3":"status-publish","4":"has-post-thumbnail","6":"pwb-brand-is-clinical","7":"product_cat-drekinimas","8":"product_cat-kuno-prieziura","10":"first","11":"instock","12":"taxable","13":"shipping-taxable","14":"purchasable","15":"product-type-simple"},"acf":[],"brands":[{"id":1180,"name":"IS CLINICAL","slug":"is-clinical"}],"_links":{"self":[{"href":"https:\/\/skinstudio.ee\/lt\/wp-json\/wp\/v2\/product\/55664","targetHints":{"allow":["GET"]}}],"collection":[{"href":"https:\/\/skinstudio.ee\/lt\/wp-json\/wp\/v2\/product"}],"about":[{"href":"https:\/\/skinstudio.ee\/lt\/wp-json\/wp\/v2\/types\/product"}],"version-history":[{"count":1,"href":"https:\/\/skinstudio.ee\/lt\/wp-json\/wp\/v2\/product\/55664\/revisions"}],"predecessor-version":[{"id":86931,"href":"https:\/\/skinstudio.ee\/lt\/wp-json\/wp\/v2\/product\/55664\/revisions\/86931"}],"wp:featuredmedia":[{"embeddable":true,"href":"https:\/\/skinstudio.ee\/lt\/wp-json\/wp\/v2\/media\/55665"}],"wp:attachment":[{"href":"https:\/\/skinstudio.ee\/lt\/wp-json\/wp\/v2\/media?parent=55664"}],"wp:term":[{"taxonomy":"pwb-brand","embeddable":true,"href":"https:\/\/skinstudio.ee\/lt\/wp-json\/wp\/v2\/pwb-brand?post=55664"},{"taxonomy":"product_brand","embeddable":true,"href":"https:\/\/skinstudio.ee\/lt\/wp-json\/wp\/v2\/product_brand?post=55664"},{"taxonomy":"product_cat","embeddable":true,"href":"https:\/\/skinstudio.ee\/lt\/wp-json\/wp\/v2\/product_cat?post=55664"},{"taxonomy":"product_tag","embeddable":true,"href":"https:\/\/skinstudio.ee\/lt\/wp-json\/wp\/v2\/product_tag?post=55664"},{"taxonomy":"giftcard-category","embeddable":true,"href":"https:\/\/skinstudio.ee\/lt\/wp-json\/wp\/v2\/giftcard-category?post=55664"}],"curies":[{"name":"wp","href":"https:\/\/api.w.org\/{rel}","templated":true}]}}