{"id":55671,"date":"2023-05-24T17:56:34","date_gmt":"2023-05-24T17:56:34","guid":{"rendered":"https:\/\/skinstudio.ee\/?post_type=product&#038;p=55671"},"modified":"2026-03-19T11:50:43","modified_gmt":"2026-03-19T11:50:43","slug":"youth-complex","status":"publish","type":"product","link":"https:\/\/skinstudio.ee\/lt\/catalog\/is-clinical\/youth-complex\/","title":{"rendered":"Youth Complex"},"content":{"rendered":"<p data-start=\"1754\" data-end=\"2036\"><strong data-start=\"1754\" data-end=\"1787\">Youth Complex nuo iS Clinical<\/strong> &#8211; tai atjauninantis veido kremas, skirtas rauk\u0161li\u0173 ma\u017einimui, odos tekst\u016bros i\u0161lyginimui ir elastingumo atk\u016brimui. Formul\u0117 veikia keliomis kryptimis vienu metu, suteikdama tiek momentin\u012f vizualin\u012f efekt\u0105, tiek kaupiam\u0105j\u012f prie\u0161rauk\u0161lin\u012f rezultat\u0105.<\/p>\n<p data-start=\"2038\" data-end=\"2283\">Kremas padeda greitai u\u017epildyti rauk\u0161les ir i\u0161lyginti odos pavir\u0161i\u0173, tod\u0117l oda tampa tolygesn\u0117 ir labiau pri\u017ei\u016br\u0117ta jau po pirm\u0173j\u0173 naudojim\u0173. Reguliariai naudojant, priemon\u0117 skatina odos atsinaujinim\u0105, gerina tekst\u016br\u0105 ir suvienodina odos ton\u0105.<\/p>\n<p data-start=\"2285\" data-end=\"2497\">Formul\u0117 u\u017etikrina kontroliuojam\u0105 eksfoliacij\u0105, skatina kolageno ir elastino gamyb\u0105 bei palaiko optimal\u0173 dr\u0117gm\u0117s lyg\u012f. Oda tampa tankesn\u0117, elastingesn\u0117 ir vizualiai jaunesn\u0117, \u012fgauna gaivi\u0105 ir \u0161vytin\u010di\u0105 i\u0161vaizd\u0105.<\/p>\n<p data-start=\"2499\" data-end=\"2534\"><strong data-start=\"2499\" data-end=\"2532\">Aktyvi\u0173 ingredient\u0173 poveikis:<\/strong><\/p>\n<ul data-start=\"2535\" data-end=\"2872\">\n<li data-section-id=\"icqgt3\" data-start=\"2535\" data-end=\"2630\">\n<p data-start=\"2537\" data-end=\"2630\"><strong data-start=\"2537\" data-end=\"2575\">Tripeptide-1 (Copper Tripeptide-1)<\/strong>: padeda ma\u017einti rauk\u0161les ir gerinti odos elastingum\u0105<\/p>\n<\/li>\n<li data-section-id=\"1f2rht7\" data-start=\"2631\" data-end=\"2718\">\n<p data-start=\"2633\" data-end=\"2718\"><strong data-start=\"2633\" data-end=\"2652\">Hyaluronic Acid<\/strong>: u\u017etikrina intensyv\u0173 dr\u0117kinim\u0105 ir padeda i\u0161laikyti dr\u0117gm\u0119 odoje<\/p>\n<\/li>\n<li data-section-id=\"jvov1e\" data-start=\"2719\" data-end=\"2805\">\n<p data-start=\"2721\" data-end=\"2805\"><strong data-start=\"2721\" data-end=\"2742\">Mixed Fruit Acids<\/strong>: suteikia \u0161veln\u0173 atnaujinim\u0105 ir padeda lyginti odos tekst\u016br\u0105<\/p>\n<\/li>\n<li data-section-id=\"yiwlg5\" data-start=\"2806\" data-end=\"2872\">\n<p data-start=\"2808\" data-end=\"2872\"><strong data-start=\"2808\" data-end=\"2829\">White Willow Bark<\/strong>: padeda eksfolijuoti od\u0105 ir valyti poras<\/p>\n<\/li>\n<\/ul>\n<p data-start=\"2874\" data-end=\"2982\"><strong data-start=\"2874\" data-end=\"2901\">Kam tinka Youth Complex<\/strong>: vis\u0173 tip\u0173 odai, \u012fskaitant brand\u017ei\u0105 od\u0105 ir od\u0105 su matomais sen\u0117jimo po\u017eymiais.<\/p>\n<p data-start=\"2984\" data-end=\"3001\"><strong data-start=\"2984\" data-end=\"2999\">T\u016bris: 30 g<\/strong><\/p>\n","protected":false},"excerpt":{"rendered":"<p data-start=\"3099\" data-end=\"3127\">Atjauninantis veido kremas<\/p>\n<h2 data-start=\"3129\" data-end=\"3168\"><strong data-start=\"3129\" data-end=\"3168\">iS Clinical &#8211; Youth Complex Savyb\u0117s<\/strong><\/h2>\n<p data-start=\"3170\" data-end=\"3390\">\u2714\ufe0f Akimirksniu i\u0161lygina od\u0105 ir ma\u017eina rauk\u0161les<br data-start=\"3216\" data-end=\"3219\" \/>\u2714\ufe0f Skatina kolageno ir elastino gamyb\u0105<br data-start=\"3257\" data-end=\"3260\" \/>\u2714\ufe0f Giliai dr\u0117kina ir gerina odos tekst\u016br\u0105<br data-start=\"3301\" data-end=\"3304\" \/>\u2714\ufe0f Suteikia ry\u0161k\u0173 prie\u0161rauk\u0161lin\u012f efekt\u0105<br data-start=\"3343\" data-end=\"3346\" \/>\u2714\ufe0f Padaro od\u0105 lygesn\u0119 ir labiau pri\u017ei\u016br\u0117t\u0105<\/p>\n","protected":false},"featured_media":55673,"template":"","meta":[],"pwb-brand":[1180],"product_brand":[],"product_cat":[738,746,752,740,750],"product_tag":[],"giftcard-category":[],"class_list":{"0":"post-55671","1":"product","2":"type-product","3":"status-publish","4":"has-post-thumbnail","6":"pwb-brand-is-clinical","7":"product_cat-drekinimas","8":"product_cat-jautriai-odai","9":"product_cat-pigmentacija-lt","10":"product_cat-sausai-odai","11":"product_cat-senstanti-oda","13":"first","14":"instock","15":"taxable","16":"shipping-taxable","17":"purchasable","18":"product-type-simple"},"acf":[],"brands":[{"id":1180,"name":"IS CLINICAL","slug":"is-clinical"}],"_links":{"self":[{"href":"https:\/\/skinstudio.ee\/lt\/wp-json\/wp\/v2\/product\/55671","targetHints":{"allow":["GET"]}}],"collection":[{"href":"https:\/\/skinstudio.ee\/lt\/wp-json\/wp\/v2\/product"}],"about":[{"href":"https:\/\/skinstudio.ee\/lt\/wp-json\/wp\/v2\/types\/product"}],"version-history":[{"count":1,"href":"https:\/\/skinstudio.ee\/lt\/wp-json\/wp\/v2\/product\/55671\/revisions"}],"predecessor-version":[{"id":86902,"href":"https:\/\/skinstudio.ee\/lt\/wp-json\/wp\/v2\/product\/55671\/revisions\/86902"}],"wp:featuredmedia":[{"embeddable":true,"href":"https:\/\/skinstudio.ee\/lt\/wp-json\/wp\/v2\/media\/55673"}],"wp:attachment":[{"href":"https:\/\/skinstudio.ee\/lt\/wp-json\/wp\/v2\/media?parent=55671"}],"wp:term":[{"taxonomy":"pwb-brand","embeddable":true,"href":"https:\/\/skinstudio.ee\/lt\/wp-json\/wp\/v2\/pwb-brand?post=55671"},{"taxonomy":"product_brand","embeddable":true,"href":"https:\/\/skinstudio.ee\/lt\/wp-json\/wp\/v2\/product_brand?post=55671"},{"taxonomy":"product_cat","embeddable":true,"href":"https:\/\/skinstudio.ee\/lt\/wp-json\/wp\/v2\/product_cat?post=55671"},{"taxonomy":"product_tag","embeddable":true,"href":"https:\/\/skinstudio.ee\/lt\/wp-json\/wp\/v2\/product_tag?post=55671"},{"taxonomy":"giftcard-category","embeddable":true,"href":"https:\/\/skinstudio.ee\/lt\/wp-json\/wp\/v2\/giftcard-category?post=55671"}],"curies":[{"name":"wp","href":"https:\/\/api.w.org\/{rel}","templated":true}]}}