{"id":55680,"date":"2023-05-24T17:56:34","date_gmt":"2023-05-24T17:56:34","guid":{"rendered":"https:\/\/skinstudio.ee\/?post_type=product&#038;p=55680"},"modified":"2026-02-18T11:13:32","modified_gmt":"2026-02-18T11:13:32","slug":"youth-body-serum","status":"publish","type":"product","link":"https:\/\/skinstudio.ee\/lt\/catalog\/is-clinical\/youth-body-serum\/","title":{"rendered":"Youth Body Serum"},"content":{"rendered":"<p data-start=\"4387\" data-end=\"4663\"><strong data-start=\"4387\" data-end=\"4424\">Youth Body Serum nuo iS CLINICAL\u00ae<\/strong> &#8211; jauninamasis k\u016bno serumas su patentuota Extremozymes\u00ae technologija, skirtas intensyviam dr\u0117kinimui, antioksidacinei apsaugai ir bendros odos b\u016bkl\u0117s gerinimui. Itin lengva pur\u0161kiama formul\u0117 greitai susigeria ir nepalieka lipnumo poj\u016b\u010dio.<\/p>\n<p data-start=\"4665\" data-end=\"4902\">Aktyvus kompleksas padeda palaikyti dr\u0117gm\u0117s lyg\u012f, gerina odos elastingum\u0105 ir saugo nuo aplinkos veiksni\u0173. Antioksidant\u0173 ir augalini\u0173 ekstrakt\u0173 derinys padeda neutralizuoti laisvuosius radikalus, gerina tekst\u016br\u0105 ir suteikia odai glotnumo.<\/p>\n<p data-start=\"4904\" data-end=\"5013\">Extremozymes\u00ae technologija palaiko nat\u016bralius odos atsistatymo procesus ir padeda i\u0161laikyti sveik\u0105 odos ton\u0105.<\/p>\n<p data-start=\"5015\" data-end=\"5040\"><strong data-start=\"5015\" data-end=\"5040\">Aktyv\u016bs ingredientai:<\/strong><\/p>\n<ul data-start=\"5042\" data-end=\"5347\">\n<li data-start=\"5042\" data-end=\"5198\">\n<p data-start=\"5044\" data-end=\"5198\"><strong data-start=\"5044\" data-end=\"5138\">Extremozymes\u00ae Technology (Watermelon Extract + Eriodictyon Californicum + Blue Microalgae)<\/strong> &#8211; antioksidacin\u0117 apsauga ir l\u0105steli\u0173 atsparumo palaikymas<\/p>\n<\/li>\n<li data-start=\"5199\" data-end=\"5271\">\n<p data-start=\"5201\" data-end=\"5271\"><strong data-start=\"5201\" data-end=\"5223\">Sodium Hyaluronate<\/strong> &#8211; intensyvus dr\u0117kinimas ir dr\u0117gm\u0117s i\u0161laikymas<\/p>\n<\/li>\n<li data-start=\"5272\" data-end=\"5347\">\n<p data-start=\"5274\" data-end=\"5347\"><strong data-start=\"5274\" data-end=\"5300\">Panthenol (Vitamin B5)<\/strong> &#8211; palaiko atsistatym\u0105 ir stiprina odos barjer\u0105<\/p>\n<\/li>\n<\/ul>\n<p data-start=\"5349\" data-end=\"5374\"><strong data-start=\"5349\" data-end=\"5359\">T\u016bris:<\/strong> 15 ml \/ 200 ml<\/p>\n","protected":false},"excerpt":{"rendered":"<p data-start=\"5449\" data-end=\"5503\">Jauninantis k\u016bno serumas<\/p>\n<h2 data-start=\"5505\" data-end=\"5547\"><strong data-start=\"5505\" data-end=\"5547\">IS CLINICAL &#8211; Youth Body Serum Savyb\u0117s<\/strong><\/h2>\n<p data-start=\"5549\" data-end=\"5737\">\u2714\ufe0f Intensyviai dr\u0117kina ir gerina komfort\u0105<br data-start=\"5590\" data-end=\"5593\" \/>\u2714\ufe0f Suteikia antioksidacin\u0119 k\u016bno apsaug\u0105<br data-start=\"5632\" data-end=\"5635\" \/>\u2714\ufe0f Gerina odos glotnum\u0105 ir tekst\u016br\u0105<br data-start=\"5670\" data-end=\"5673\" \/>\u2714\ufe0f Greitai susigeria be lipnumo<br data-start=\"5704\" data-end=\"5707\" \/>\u2714\ufe0f Tinka kasdieniam naudojimui<\/p>\n<p data-start=\"4858\" data-end=\"4909\">\n","protected":false},"featured_media":63240,"template":"","meta":[],"pwb-brand":[1180],"product_brand":[],"product_cat":[738,758,740,750,724,754],"product_tag":[],"giftcard-category":[],"class_list":{"0":"post-55680","1":"product","2":"type-product","3":"status-publish","4":"has-post-thumbnail","6":"pwb-brand-is-clinical","7":"product_cat-drekinimas","8":"product_cat-kuno-prieziura","9":"product_cat-sausai-odai","10":"product_cat-senstanti-oda","11":"product_cat-serumai","12":"product_cat-travel-size-lt","13":"pa_suurus-15ml-lt","14":"pa_suurus-200ml-lt","16":"first","17":"instock","18":"taxable","19":"shipping-taxable","20":"purchasable","21":"product-type-variable"},"acf":[],"brands":[{"id":1180,"name":"IS CLINICAL","slug":"is-clinical"}],"_links":{"self":[{"href":"https:\/\/skinstudio.ee\/lt\/wp-json\/wp\/v2\/product\/55680","targetHints":{"allow":["GET"]}}],"collection":[{"href":"https:\/\/skinstudio.ee\/lt\/wp-json\/wp\/v2\/product"}],"about":[{"href":"https:\/\/skinstudio.ee\/lt\/wp-json\/wp\/v2\/types\/product"}],"version-history":[{"count":1,"href":"https:\/\/skinstudio.ee\/lt\/wp-json\/wp\/v2\/product\/55680\/revisions"}],"predecessor-version":[{"id":81717,"href":"https:\/\/skinstudio.ee\/lt\/wp-json\/wp\/v2\/product\/55680\/revisions\/81717"}],"wp:featuredmedia":[{"embeddable":true,"href":"https:\/\/skinstudio.ee\/lt\/wp-json\/wp\/v2\/media\/63240"}],"wp:attachment":[{"href":"https:\/\/skinstudio.ee\/lt\/wp-json\/wp\/v2\/media?parent=55680"}],"wp:term":[{"taxonomy":"pwb-brand","embeddable":true,"href":"https:\/\/skinstudio.ee\/lt\/wp-json\/wp\/v2\/pwb-brand?post=55680"},{"taxonomy":"product_brand","embeddable":true,"href":"https:\/\/skinstudio.ee\/lt\/wp-json\/wp\/v2\/product_brand?post=55680"},{"taxonomy":"product_cat","embeddable":true,"href":"https:\/\/skinstudio.ee\/lt\/wp-json\/wp\/v2\/product_cat?post=55680"},{"taxonomy":"product_tag","embeddable":true,"href":"https:\/\/skinstudio.ee\/lt\/wp-json\/wp\/v2\/product_tag?post=55680"},{"taxonomy":"giftcard-category","embeddable":true,"href":"https:\/\/skinstudio.ee\/lt\/wp-json\/wp\/v2\/giftcard-category?post=55680"}],"curies":[{"name":"wp","href":"https:\/\/api.w.org\/{rel}","templated":true}]}}