{"id":55687,"date":"2023-05-24T17:56:34","date_gmt":"2023-05-24T17:56:34","guid":{"rendered":"https:\/\/skinstudio.ee\/?post_type=product&#038;p=55687"},"modified":"2026-03-19T12:19:57","modified_gmt":"2026-03-19T12:19:57","slug":"tri-active-exfoliating-masque","status":"publish","type":"product","link":"https:\/\/skinstudio.ee\/lt\/catalog\/is-clinical\/tri-active-exfoliating-masque\/","title":{"rendered":"Tri-Active Exfoliating Masque"},"content":{"rendered":"<p data-start=\"1889\" data-end=\"2185\"><strong data-start=\"1889\" data-end=\"1938\">Tri-Active Exfoliating Masque nuo iS Clinical<\/strong> yra intensyvi daugialypio poveikio \u0161vei\u010diamoji kauk\u0117-\u0161veitiklis, skirta odos atnaujinimui, por\u0173 valymui ir tekst\u016bros i\u0161lyginimui. Formul\u0117 sujungia mechanin\u012f, fermentin\u012f ir r\u016bg\u0161tin\u012f \u0161veitim\u0105, u\u017etikrindama matom\u0105 rezultat\u0105 jau po pirmojo naudojimo.<\/p>\n<p data-start=\"2187\" data-end=\"2403\">Produktas efektyviai pa\u0161alina negyvas odos l\u0105steles, padeda i\u0161valyti poras ir padaro odos pavir\u0161i\u0173 lygesn\u012f bei tolygesn\u012f. Oda tampa gaivesn\u0117, mink\u0161tesn\u0117 ir vizualiai atnaujinta, o jos tonas \u2014 tolygesnis ir \u0161vytintis.<\/p>\n<p data-start=\"2405\" data-end=\"2636\">Kauk\u0117 taip pat padeda suma\u017einti odos papilk\u0117jim\u0105, suteikia jai labiau pri\u017ei\u016br\u0117t\u0105 i\u0161vaizd\u0105 ir palaiko \u0161varos bei komforto poj\u016bt\u012f. Reguliariai naudojant oda atrodo lygesn\u0117, tolygesn\u0117 ir \u0161vytinti, o jos bendra b\u016bkl\u0117 pastebimai ger\u0117ja.<\/p>\n<p data-start=\"2638\" data-end=\"2672\"><strong data-start=\"2638\" data-end=\"2672\">Aktyvi\u0173j\u0173 komponent\u0173 poveikis:<\/strong><\/p>\n<ul data-start=\"2674\" data-end=\"2954\">\n<li data-section-id=\"ljbt0r\" data-start=\"2674\" data-end=\"2753\">\n<p data-start=\"2676\" data-end=\"2753\"><strong data-start=\"2676\" data-end=\"2696\">Papaya fermentai<\/strong>: tirpdo negyvas odos l\u0105steles ir skatina atsinaujinim\u0105<\/p>\n<\/li>\n<li data-section-id=\"1febxag\" data-start=\"2754\" data-end=\"2811\">\n<p data-start=\"2756\" data-end=\"2811\"><strong data-start=\"2756\" data-end=\"2776\">Salicilo r\u016bg\u0161tis<\/strong>: valo poras ir ma\u017eina ne\u0161varumus<\/p>\n<\/li>\n<li data-section-id=\"11wxcqq\" data-start=\"2812\" data-end=\"2878\">\n<p data-start=\"2814\" data-end=\"2878\"><strong data-start=\"2814\" data-end=\"2840\">Brazilian Blood Orange<\/strong>: antioksidacin\u0117 apsauga ir gaivumas<\/p>\n<\/li>\n<li data-section-id=\"1rg6miv\" data-start=\"2879\" data-end=\"2954\">\n<p data-start=\"2881\" data-end=\"2954\"><strong data-start=\"2881\" data-end=\"2895\">Copper PCA<\/strong>: balansuoja sebumo i\u0161siskyrim\u0105 ir palaiko odos stangrum\u0105<\/p>\n<\/li>\n<\/ul>\n<p data-start=\"2956\" data-end=\"3044\"><strong data-start=\"2956\" data-end=\"3000\">Kam tinka Tri-Active Exfoliating Masque:<\/strong> vis\u0173 tip\u0173 odai, i\u0161skyrus labai jautri\u0105 od\u0105.<\/p>\n<p data-start=\"3046\" data-end=\"3062\"><strong data-start=\"3046\" data-end=\"3056\">T\u016bris:<\/strong> 120 g<\/p>\n<p data-start=\"3064\" data-end=\"3309\">\n","protected":false},"excerpt":{"rendered":"<p data-start=\"3311\" data-end=\"3339\">\u0160vei\u010diamoji kauk\u0117-\u0161veitiklis<\/p>\n<h2 data-start=\"3341\" data-end=\"3396\"><strong data-start=\"3341\" data-end=\"3396\">IS CLINICAL &#8211; Tri-Active Exfoliating Masque Savyb\u0117s<\/strong><\/h2>\n<p data-start=\"3398\" data-end=\"3595\">\u2714\ufe0f I\u0161kart atnaujina ir atgaivina od\u0105<br data-start=\"3434\" data-end=\"3437\" \/>\u2714\ufe0f Pastebimai i\u0161lygina odos pavir\u0161i\u0173<br data-start=\"3473\" data-end=\"3476\" \/>\u2714\ufe0f Valo poras ir ma\u017eina ne\u0161varumus<br data-start=\"3510\" data-end=\"3513\" \/>\u2714\ufe0f Suvienodina ton\u0105 ir suteikia \u0161vyt\u0117jimo<br data-start=\"3554\" data-end=\"3557\" \/>\u2714\ufe0f Mink\u0161tina ir gerina odos i\u0161vaizd\u0105<\/p>\n","protected":false},"featured_media":63370,"template":"","meta":[],"pwb-brand":[1180],"product_brand":[],"product_cat":[742,744,746,726,752,740,750,720,748],"product_tag":[],"giftcard-category":[],"class_list":{"0":"post-55687","1":"product","2":"type-product","3":"status-publish","4":"has-post-thumbnail","6":"pwb-brand-is-clinical","7":"product_cat-berimai","8":"product_cat-issipletusios-poros","9":"product_cat-jautriai-odai","10":"product_cat-maskas-lt","11":"product_cat-pigmentacija-lt","12":"product_cat-sausai-odai","13":"product_cat-senstanti-oda","14":"product_cat-sveitikliai-ir-pilingai","15":"product_cat-taukainai-adai-lt","17":"first","18":"instock","19":"taxable","20":"shipping-taxable","21":"purchasable","22":"product-type-simple"},"acf":[],"brands":[{"id":1180,"name":"IS CLINICAL","slug":"is-clinical"}],"_links":{"self":[{"href":"https:\/\/skinstudio.ee\/lt\/wp-json\/wp\/v2\/product\/55687","targetHints":{"allow":["GET"]}}],"collection":[{"href":"https:\/\/skinstudio.ee\/lt\/wp-json\/wp\/v2\/product"}],"about":[{"href":"https:\/\/skinstudio.ee\/lt\/wp-json\/wp\/v2\/types\/product"}],"version-history":[{"count":1,"href":"https:\/\/skinstudio.ee\/lt\/wp-json\/wp\/v2\/product\/55687\/revisions"}],"predecessor-version":[{"id":86920,"href":"https:\/\/skinstudio.ee\/lt\/wp-json\/wp\/v2\/product\/55687\/revisions\/86920"}],"wp:featuredmedia":[{"embeddable":true,"href":"https:\/\/skinstudio.ee\/lt\/wp-json\/wp\/v2\/media\/63370"}],"wp:attachment":[{"href":"https:\/\/skinstudio.ee\/lt\/wp-json\/wp\/v2\/media?parent=55687"}],"wp:term":[{"taxonomy":"pwb-brand","embeddable":true,"href":"https:\/\/skinstudio.ee\/lt\/wp-json\/wp\/v2\/pwb-brand?post=55687"},{"taxonomy":"product_brand","embeddable":true,"href":"https:\/\/skinstudio.ee\/lt\/wp-json\/wp\/v2\/product_brand?post=55687"},{"taxonomy":"product_cat","embeddable":true,"href":"https:\/\/skinstudio.ee\/lt\/wp-json\/wp\/v2\/product_cat?post=55687"},{"taxonomy":"product_tag","embeddable":true,"href":"https:\/\/skinstudio.ee\/lt\/wp-json\/wp\/v2\/product_tag?post=55687"},{"taxonomy":"giftcard-category","embeddable":true,"href":"https:\/\/skinstudio.ee\/lt\/wp-json\/wp\/v2\/giftcard-category?post=55687"}],"curies":[{"name":"wp","href":"https:\/\/api.w.org\/{rel}","templated":true}]}}