{"id":55694,"date":"2023-05-24T17:56:34","date_gmt":"2023-05-24T17:56:34","guid":{"rendered":"https:\/\/skinstudio.ee\/?post_type=product&#038;p=55694"},"modified":"2026-03-19T12:04:14","modified_gmt":"2026-03-19T12:04:14","slug":"lip-polish","status":"publish","type":"product","link":"https:\/\/skinstudio.ee\/lt\/catalog\/is-clinical\/lip-polish\/","title":{"rendered":"Lip Polish"},"content":{"rendered":"<p data-start=\"1569\" data-end=\"1842\"><strong data-start=\"1569\" data-end=\"1599\">Lip Polish nuo iS Clinical<\/strong> &#8211; tai \u0161velnus ir efektyvus l\u016bp\u0173 \u0161veitiklis, kuris sujungia delika\u010di\u0105 eksfoliacij\u0105 su intensyvia prie\u017ei\u016bra. Formul\u0117 su antioksidantais ir maitinan\u010diais aliejais skirta atnaujinti l\u016bp\u0173 od\u0105, pagerinti jos tekst\u016br\u0105 ir atkurti nat\u016bral\u0173 \u0161velnum\u0105.<\/p>\n<p data-start=\"1844\" data-end=\"2030\">\u0160veitiklis padeda pa\u0161alinti negyvas odos l\u0105steles, tod\u0117l l\u016bp\u0173 pavir\u0161ius tampa lygesnis ir tolygesnis. Jau po pirmo naudojimo l\u016bpos tampa mink\u0161tesn\u0117s, labiau sudr\u0117kintos ir pri\u017ei\u016br\u0117tos.<\/p>\n<p data-start=\"2032\" data-end=\"2254\">Formul\u0117 praturtinta vitaminais C ir E bei augaliniais aliejais, kurie maitina ir saugo l\u016bp\u0173 od\u0105, palaiko komfort\u0105 ir padeda i\u0161vengti sausumo. Reguliarus naudojimas padeda i\u0161laikyti l\u016bpas glotnias, mink\u0161tas ir \u0161vytin\u010dias.<\/p>\n<p data-start=\"2256\" data-end=\"2291\"><strong data-start=\"2256\" data-end=\"2289\">Aktyvi\u0173 ingredient\u0173 poveikis:<\/strong><\/p>\n<ul data-start=\"2292\" data-end=\"2544\">\n<li data-section-id=\"1n8c3rc\" data-start=\"2292\" data-end=\"2340\">\n<p data-start=\"2294\" data-end=\"2340\"><strong data-start=\"2294\" data-end=\"2310\">Cocoa Butter<\/strong>: maitina ir mink\u0161tina l\u016bpas<\/p>\n<\/li>\n<li data-section-id=\"lu90x8\" data-start=\"2341\" data-end=\"2400\">\n<p data-start=\"2343\" data-end=\"2400\"><strong data-start=\"2343\" data-end=\"2352\">Sugar<\/strong>: suteikia \u0161velni\u0105 eksfoliacij\u0105 ir atnaujinim\u0105<\/p>\n<\/li>\n<li data-section-id=\"1oy7eax\" data-start=\"2401\" data-end=\"2482\">\n<p data-start=\"2403\" data-end=\"2482\"><strong data-start=\"2403\" data-end=\"2416\">Vitamin C<\/strong>: padeda apsaugoti nuo i\u0161orini\u0173 veiksni\u0173 ir gerina l\u016bp\u0173 i\u0161vaizd\u0105<\/p>\n<\/li>\n<li data-section-id=\"ocyycd\" data-start=\"2483\" data-end=\"2544\">\n<p data-start=\"2485\" data-end=\"2544\"><strong data-start=\"2485\" data-end=\"2498\">Vitamin E<\/strong>: dr\u0117kina ir suteikia antioksidacin\u0119 apsaug\u0105<\/p>\n<\/li>\n<\/ul>\n<p data-start=\"2546\" data-end=\"2630\"><strong data-start=\"2546\" data-end=\"2570\">Kam tinka Lip Polish<\/strong>: vis\u0173 tip\u0173 l\u016bpoms, ypa\u010d esant sausumui ir pleiskanojimui.<\/p>\n<p data-start=\"2632\" data-end=\"2649\"><strong data-start=\"2632\" data-end=\"2647\">T\u016bris: 15 g<\/strong><\/p>\n","protected":false},"excerpt":{"rendered":"<p data-start=\"2823\" data-end=\"2840\">L\u016bp\u0173 \u0161veitiklis<\/p>\n<h2 data-start=\"2842\" data-end=\"2878\"><strong data-start=\"2842\" data-end=\"2878\">iS Clinical &#8211; Lip Polish Savyb\u0117s<\/strong><\/h2>\n<p data-start=\"2880\" data-end=\"3092\">\u2714\ufe0f \u0160velniai eksfolijuoja ir atnaujina l\u016bp\u0173 od\u0105<br data-start=\"2926\" data-end=\"2929\" \/>\u2714\ufe0f Padaro l\u016bpas lygesnes ir labiau pri\u017ei\u016br\u0117tas<br data-start=\"2975\" data-end=\"2978\" \/>\u2714\ufe0f Paruo\u0161ia l\u016bpas makia\u017eo aplikacijai<br data-start=\"3015\" data-end=\"3018\" \/>\u2714\ufe0f Maitina ir saugo l\u016bpas<br data-start=\"3043\" data-end=\"3046\" \/>\u2714\ufe0f Suteikia \u0161velnumo ir nat\u016bralaus \u0161vyt\u0117jimo<\/p>\n","protected":false},"featured_media":86615,"template":"","meta":[],"pwb-brand":[1180],"product_brand":[],"product_cat":[760,750,720],"product_tag":[],"giftcard-category":[],"class_list":{"0":"post-55694","1":"product","2":"type-product","3":"status-publish","4":"has-post-thumbnail","6":"pwb-brand-is-clinical","7":"product_cat-lupu-prieziura","8":"product_cat-senstanti-oda","9":"product_cat-sveitikliai-ir-pilingai","11":"first","12":"instock","13":"taxable","14":"shipping-taxable","15":"purchasable","16":"product-type-simple"},"acf":[],"brands":[{"id":1180,"name":"IS CLINICAL","slug":"is-clinical"}],"_links":{"self":[{"href":"https:\/\/skinstudio.ee\/lt\/wp-json\/wp\/v2\/product\/55694","targetHints":{"allow":["GET"]}}],"collection":[{"href":"https:\/\/skinstudio.ee\/lt\/wp-json\/wp\/v2\/product"}],"about":[{"href":"https:\/\/skinstudio.ee\/lt\/wp-json\/wp\/v2\/types\/product"}],"version-history":[{"count":1,"href":"https:\/\/skinstudio.ee\/lt\/wp-json\/wp\/v2\/product\/55694\/revisions"}],"predecessor-version":[{"id":86913,"href":"https:\/\/skinstudio.ee\/lt\/wp-json\/wp\/v2\/product\/55694\/revisions\/86913"}],"wp:featuredmedia":[{"embeddable":true,"href":"https:\/\/skinstudio.ee\/lt\/wp-json\/wp\/v2\/media\/86615"}],"wp:attachment":[{"href":"https:\/\/skinstudio.ee\/lt\/wp-json\/wp\/v2\/media?parent=55694"}],"wp:term":[{"taxonomy":"pwb-brand","embeddable":true,"href":"https:\/\/skinstudio.ee\/lt\/wp-json\/wp\/v2\/pwb-brand?post=55694"},{"taxonomy":"product_brand","embeddable":true,"href":"https:\/\/skinstudio.ee\/lt\/wp-json\/wp\/v2\/product_brand?post=55694"},{"taxonomy":"product_cat","embeddable":true,"href":"https:\/\/skinstudio.ee\/lt\/wp-json\/wp\/v2\/product_cat?post=55694"},{"taxonomy":"product_tag","embeddable":true,"href":"https:\/\/skinstudio.ee\/lt\/wp-json\/wp\/v2\/product_tag?post=55694"},{"taxonomy":"giftcard-category","embeddable":true,"href":"https:\/\/skinstudio.ee\/lt\/wp-json\/wp\/v2\/giftcard-category?post=55694"}],"curies":[{"name":"wp","href":"https:\/\/api.w.org\/{rel}","templated":true}]}}