{"id":55704,"date":"2023-05-24T17:56:27","date_gmt":"2023-05-24T17:56:27","guid":{"rendered":"https:\/\/skinstudio.ee\/?post_type=product&#038;p=55704"},"modified":"2026-03-19T12:33:28","modified_gmt":"2026-03-19T12:33:28","slug":"pro-heal-serum-advance","status":"publish","type":"product","link":"https:\/\/skinstudio.ee\/lt\/catalog\/is-clinical\/pro-heal-serum-advance\/","title":{"rendered":"Pro-Heal Serum Advance+"},"content":{"rendered":"<p data-start=\"1929\" data-end=\"2258\"><strong data-start=\"1929\" data-end=\"1972\">Pro-Heal Serum Advance+ nuo iS Clinical<\/strong> yra auk\u0161to efektyvumo antioksidacinis serumas su atkuriamuoju poveikiu, skirtas jautriai, reaktyviai ir senstan\u010diai odai. Formul\u0117 sujungia pa\u017eangi\u0105 L-askorbo r\u016bg\u0161ties (vitamino C) form\u0105, vitaminus A ir E bei alyvuogi\u0173 lap\u0173 ekstrakt\u0105, u\u017etikrindama visapusi\u0161k\u0105 odos apsaug\u0105 ir palaikym\u0105.<\/p>\n<p data-start=\"2260\" data-end=\"2452\">Serumas padeda suma\u017einti odos reaktyvum\u0105, paraudim\u0105 ir palaiko odos atsinaujinimo procesus. Jis gerina bendr\u0105 odos i\u0161vaizd\u0105, padarydamas j\u0105 ramesn\u0119, labiau subalansuot\u0105 ir vizualiai tolygesn\u0119.<\/p>\n<p data-start=\"2454\" data-end=\"2658\">Formul\u0117 padeda apsaugoti od\u0105 nuo i\u0161orini\u0173 aplinkos veiksni\u0173 ir palaiko sveik\u0105 jos i\u0161vaizd\u0105. Reguliariai naudojant oda atrodo lygesn\u0117, gaivesn\u0117 ir labiau pri\u017ei\u016br\u0117ta, o veido tonas \u2014 \u0161varesnis ir \u0161vytintis.<\/p>\n<p data-start=\"2660\" data-end=\"2694\"><strong data-start=\"2660\" data-end=\"2694\">Aktyvi\u0173j\u0173 komponent\u0173 poveikis:<\/strong><\/p>\n<ul data-start=\"2696\" data-end=\"3044\">\n<li data-section-id=\"1060mrz\" data-start=\"2696\" data-end=\"2816\">\n<p data-start=\"2698\" data-end=\"2816\"><strong data-start=\"2698\" data-end=\"2740\">ADVANCE+ Vitamin C (L-askorbo r\u016bg\u0161tis)<\/strong>: suteikia stipri\u0105 antioksidacin\u0119 apsaug\u0105 ir padeda suvienodinti odos ton\u0105<\/p>\n<\/li>\n<li data-section-id=\"1blpzbw\" data-start=\"2817\" data-end=\"2902\">\n<p data-start=\"2819\" data-end=\"2902\"><strong data-start=\"2819\" data-end=\"2848\">Alyvuogi\u0173 lap\u0173 ekstraktas<\/strong>: ma\u017eina netobulum\u0173 i\u0161vaizd\u0105 ir palaiko odos balans\u0105<\/p>\n<\/li>\n<li data-section-id=\"s81l4\" data-start=\"2903\" data-end=\"2969\">\n<p data-start=\"2905\" data-end=\"2969\"><strong data-start=\"2905\" data-end=\"2920\">Vitaminas A<\/strong>: gerina odos tekst\u016br\u0105 ir skatina atsinaujinim\u0105<\/p>\n<\/li>\n<li data-section-id=\"1n9ac1f\" data-start=\"2970\" data-end=\"3044\">\n<p data-start=\"2972\" data-end=\"3044\"><strong data-start=\"2972\" data-end=\"2987\">Vitaminas E<\/strong>: maitina od\u0105 ir stiprina apsaug\u0105 nuo i\u0161orini\u0173 veiksni\u0173<\/p>\n<\/li>\n<\/ul>\n<p data-start=\"3046\" data-end=\"3188\"><strong data-start=\"3046\" data-end=\"3084\">Kam tinka Pro-Heal Serum Advance+:<\/strong> vis\u0173 tip\u0173 odai, ypa\u010d jautriai, probleminei, linkusiai \u012f paraudimus ir sen\u0117jimo po\u017eymius turin\u010diai odai.<\/p>\n<p data-start=\"3190\" data-end=\"3224\"><strong data-start=\"3190\" data-end=\"3200\">T\u016bris:<\/strong> 3,75 ml \/ 15 ml \/ 30 ml<\/p>\n","protected":false},"excerpt":{"rendered":"<p data-start=\"3417\" data-end=\"3437\">Atkuriamasis serumas<\/p>\n<h2 data-start=\"3439\" data-end=\"3488\"><strong data-start=\"3439\" data-end=\"3488\">IS CLINICAL &#8211; Pro-Heal Serum Advance+ Savyb\u0117s<\/strong><\/h2>\n<p data-start=\"3490\" data-end=\"3679\">\u2714\ufe0f Suteikia stipri\u0105 antioksidacin\u0119 apsaug\u0105<br data-start=\"3532\" data-end=\"3535\" \/>\u2714\ufe0f Ramina ir ma\u017eina odos reaktyvum\u0105<br data-start=\"3570\" data-end=\"3573\" \/>\u2714\ufe0f Gerina odos \u0161varum\u0105 ir balans\u0105<br data-start=\"3606\" data-end=\"3609\" \/>\u2714\ufe0f Lygina odos tekst\u016br\u0105<br data-start=\"3632\" data-end=\"3635\" \/>\u2714\ufe0f Suteikia gaivesn\u0119 ir \u0161vytin\u010di\u0105 i\u0161vaizd\u0105<\/p>\n","protected":false},"featured_media":63375,"template":"","meta":[],"pwb-brand":[1180],"product_brand":[],"product_cat":[742,746,752,740,750,724,748,728,730],"product_tag":[],"giftcard-category":[],"class_list":{"0":"post-55704","1":"product","2":"type-product","3":"status-publish","4":"has-post-thumbnail","6":"pwb-brand-is-clinical","7":"product_cat-berimai","8":"product_cat-jautriai-odai","9":"product_cat-pigmentacija-lt","10":"product_cat-sausai-odai","11":"product_cat-senstanti-oda","12":"product_cat-serumai","13":"product_cat-taukainai-adai-lt","14":"product_cat-vitaminas-a-retinolis","15":"product_cat-vitaminas-c","16":"pa_suurus-15ml-lt","17":"pa_suurus-375-ml-lt","18":"pa_suurus-30ml-lt","20":"first","21":"instock","22":"taxable","23":"shipping-taxable","24":"purchasable","25":"product-type-variable"},"acf":[],"brands":[{"id":1180,"name":"IS CLINICAL","slug":"is-clinical"}],"_links":{"self":[{"href":"https:\/\/skinstudio.ee\/lt\/wp-json\/wp\/v2\/product\/55704","targetHints":{"allow":["GET"]}}],"collection":[{"href":"https:\/\/skinstudio.ee\/lt\/wp-json\/wp\/v2\/product"}],"about":[{"href":"https:\/\/skinstudio.ee\/lt\/wp-json\/wp\/v2\/types\/product"}],"version-history":[{"count":1,"href":"https:\/\/skinstudio.ee\/lt\/wp-json\/wp\/v2\/product\/55704\/revisions"}],"predecessor-version":[{"id":86937,"href":"https:\/\/skinstudio.ee\/lt\/wp-json\/wp\/v2\/product\/55704\/revisions\/86937"}],"wp:featuredmedia":[{"embeddable":true,"href":"https:\/\/skinstudio.ee\/lt\/wp-json\/wp\/v2\/media\/63375"}],"wp:attachment":[{"href":"https:\/\/skinstudio.ee\/lt\/wp-json\/wp\/v2\/media?parent=55704"}],"wp:term":[{"taxonomy":"pwb-brand","embeddable":true,"href":"https:\/\/skinstudio.ee\/lt\/wp-json\/wp\/v2\/pwb-brand?post=55704"},{"taxonomy":"product_brand","embeddable":true,"href":"https:\/\/skinstudio.ee\/lt\/wp-json\/wp\/v2\/product_brand?post=55704"},{"taxonomy":"product_cat","embeddable":true,"href":"https:\/\/skinstudio.ee\/lt\/wp-json\/wp\/v2\/product_cat?post=55704"},{"taxonomy":"product_tag","embeddable":true,"href":"https:\/\/skinstudio.ee\/lt\/wp-json\/wp\/v2\/product_tag?post=55704"},{"taxonomy":"giftcard-category","embeddable":true,"href":"https:\/\/skinstudio.ee\/lt\/wp-json\/wp\/v2\/giftcard-category?post=55704"}],"curies":[{"name":"wp","href":"https:\/\/api.w.org\/{rel}","templated":true}]}}