{"id":55716,"date":"2023-05-24T17:56:27","date_gmt":"2023-05-24T17:56:27","guid":{"rendered":"https:\/\/skinstudio.ee\/?post_type=product&#038;p=55716"},"modified":"2026-03-19T12:36:50","modified_gmt":"2026-03-19T12:36:50","slug":"super-serum-advance","status":"publish","type":"product","link":"https:\/\/skinstudio.ee\/lt\/catalog\/is-clinical\/super-serum-advance\/","title":{"rendered":"Super Serum Advance+"},"content":{"rendered":"<p data-start=\"1969\" data-end=\"2320\"><strong data-start=\"1969\" data-end=\"2009\">Super Serum Advance+ nuo iS Clinical<\/strong> yra klini\u0161kai pa\u017eangus antioksidacinis serumas su ry\u0161kiu sen\u0117jim\u0105 ma\u017einan\u010diu poveikiu, skirtas odos kokybei gerinti, tonui suvienodinti ir stangrumui palaikyti. Formul\u0117 sujungia stabilizuot\u0105 L-askorbo r\u016bg\u0161t\u012f ir Copper Tripeptide-1, sustiprindama atjauninant\u012f poveik\u012f ir palaikydama odos atsinaujinimo procesus.<\/p>\n<p data-start=\"2322\" data-end=\"2527\">Serumas padeda pagerinti bendr\u0105 odos i\u0161vaizd\u0105, padarydamas j\u0105 lygesn\u0119, tolygesn\u0119 ir vizualiai stangresn\u0119. Jis padeda suma\u017einti rauk\u0161li\u0173 matomum\u0105 ir palaiko odos elastingum\u0105, tuo pa\u010diu gerindamas odos ton\u0105.<\/p>\n<p data-start=\"2529\" data-end=\"2758\">Formul\u0117 papildyta augaliniais antioksidantais, kurie padeda pasiekti \u0161varesn\u012f ir \u0161vytint\u012f odos atspalv\u012f, ma\u017einant pigmentacijos ir netolygaus tono po\u017eymius. Reguliariai naudojant oda atrodo gaivesn\u0117, lygesn\u0117 ir labiau pri\u017ei\u016br\u0117ta.<\/p>\n<p data-start=\"2760\" data-end=\"2794\"><strong data-start=\"2760\" data-end=\"2794\">Aktyvi\u0173j\u0173 komponent\u0173 poveikis:<\/strong><\/p>\n<ul data-start=\"2796\" data-end=\"3148\">\n<li data-section-id=\"1060mrz\" data-start=\"2796\" data-end=\"2916\">\n<p data-start=\"2798\" data-end=\"2916\"><strong data-start=\"2798\" data-end=\"2840\">ADVANCE+ Vitamin C (L-askorbo r\u016bg\u0161tis)<\/strong>: suteikia stipri\u0105 antioksidacin\u0119 apsaug\u0105 ir padeda suvienodinti odos ton\u0105<\/p>\n<\/li>\n<li data-section-id=\"1iytq2m\" data-start=\"2917\" data-end=\"3004\">\n<p data-start=\"2919\" data-end=\"3004\"><strong data-start=\"2919\" data-end=\"2942\">Copper Tripeptide-1<\/strong>: palaiko odos stangrum\u0105 ir padeda ma\u017einti rauk\u0161li\u0173 matomum\u0105<\/p>\n<\/li>\n<li data-section-id=\"1hmzt1y\" data-start=\"3005\" data-end=\"3078\">\n<p data-start=\"3007\" data-end=\"3078\"><strong data-start=\"3007\" data-end=\"3028\">Centella Asiatica<\/strong>: suteikia antioksidacin\u012f ir atkuriam\u0105j\u012f poveik\u012f<\/p>\n<\/li>\n<li data-section-id=\"1wcby64\" data-start=\"3079\" data-end=\"3148\">\n<p data-start=\"3081\" data-end=\"3148\"><strong data-start=\"3081\" data-end=\"3101\">Mushroom Extract<\/strong>: padeda \u0161viesinti od\u0105 ir gerina jos i\u0161vaizd\u0105<\/p>\n<\/li>\n<\/ul>\n<p data-start=\"3150\" data-end=\"3257\"><strong data-start=\"3150\" data-end=\"3185\">Kam tinka Super Serum Advance+:<\/strong> vis\u0173 tip\u0173 odai, \u012fskaitant brand\u017ei\u0105, jautri\u0105 ir linkusi\u0105 \u012f pigmentacij\u0105.<\/p>\n<p data-start=\"3259\" data-end=\"3293\"><strong data-start=\"3259\" data-end=\"3269\">T\u016bris:<\/strong> 3,75 ml \/ 15 ml \/ 30 ml<\/p>\n","protected":false},"excerpt":{"rendered":"<p data-start=\"3486\" data-end=\"3523\">Antioksidacinis serumas su vitaminu C<\/p>\n<h2 data-start=\"3525\" data-end=\"3571\"><strong data-start=\"3525\" data-end=\"3571\">IS CLINICAL &#8211; Super Serum Advance+ Savyb\u0117s<\/strong><\/h2>\n<p data-start=\"3573\" data-end=\"3772\">\u2714\ufe0f Suteikia stipri\u0105 antioksidacin\u0119 apsaug\u0105<br data-start=\"3615\" data-end=\"3618\" \/>\u2714\ufe0f Palaiko odos stangrum\u0105 ir tank\u012f<br data-start=\"3652\" data-end=\"3655\" \/>\u2714\ufe0f Padeda ma\u017einti rauk\u0161li\u0173 matomum\u0105<br data-start=\"3690\" data-end=\"3693\" \/>\u2714\ufe0f Suvienodina ton\u0105 ir \u0161viesina od\u0105<br data-start=\"3728\" data-end=\"3731\" \/>\u2714\ufe0f Oda tampa lygesn\u0117 ir labiau \u0161vytinti<\/p>\n","protected":false},"featured_media":55717,"template":"","meta":[],"pwb-brand":[1180],"product_brand":[],"product_cat":[742,738,744,746,752,740,750,724,748,730],"product_tag":[],"giftcard-category":[],"class_list":{"0":"post-55716","1":"product","2":"type-product","3":"status-publish","4":"has-post-thumbnail","6":"pwb-brand-is-clinical","7":"product_cat-berimai","8":"product_cat-drekinimas","9":"product_cat-issipletusios-poros","10":"product_cat-jautriai-odai","11":"product_cat-pigmentacija-lt","12":"product_cat-sausai-odai","13":"product_cat-senstanti-oda","14":"product_cat-serumai","15":"product_cat-taukainai-adai-lt","16":"product_cat-vitaminas-c","17":"pa_suurus-15ml-lt","18":"pa_suurus-375ml-lt","19":"pa_suurus-30ml-lt","21":"first","22":"instock","23":"taxable","24":"shipping-taxable","25":"purchasable","26":"product-type-variable"},"acf":[],"brands":[{"id":1180,"name":"IS CLINICAL","slug":"is-clinical"}],"_links":{"self":[{"href":"https:\/\/skinstudio.ee\/lt\/wp-json\/wp\/v2\/product\/55716","targetHints":{"allow":["GET"]}}],"collection":[{"href":"https:\/\/skinstudio.ee\/lt\/wp-json\/wp\/v2\/product"}],"about":[{"href":"https:\/\/skinstudio.ee\/lt\/wp-json\/wp\/v2\/types\/product"}],"version-history":[{"count":1,"href":"https:\/\/skinstudio.ee\/lt\/wp-json\/wp\/v2\/product\/55716\/revisions"}],"predecessor-version":[{"id":86942,"href":"https:\/\/skinstudio.ee\/lt\/wp-json\/wp\/v2\/product\/55716\/revisions\/86942"}],"wp:featuredmedia":[{"embeddable":true,"href":"https:\/\/skinstudio.ee\/lt\/wp-json\/wp\/v2\/media\/55717"}],"wp:attachment":[{"href":"https:\/\/skinstudio.ee\/lt\/wp-json\/wp\/v2\/media?parent=55716"}],"wp:term":[{"taxonomy":"pwb-brand","embeddable":true,"href":"https:\/\/skinstudio.ee\/lt\/wp-json\/wp\/v2\/pwb-brand?post=55716"},{"taxonomy":"product_brand","embeddable":true,"href":"https:\/\/skinstudio.ee\/lt\/wp-json\/wp\/v2\/product_brand?post=55716"},{"taxonomy":"product_cat","embeddable":true,"href":"https:\/\/skinstudio.ee\/lt\/wp-json\/wp\/v2\/product_cat?post=55716"},{"taxonomy":"product_tag","embeddable":true,"href":"https:\/\/skinstudio.ee\/lt\/wp-json\/wp\/v2\/product_tag?post=55716"},{"taxonomy":"giftcard-category","embeddable":true,"href":"https:\/\/skinstudio.ee\/lt\/wp-json\/wp\/v2\/giftcard-category?post=55716"}],"curies":[{"name":"wp","href":"https:\/\/api.w.org\/{rel}","templated":true}]}}