{"id":55727,"date":"2023-05-24T17:56:27","date_gmt":"2023-05-24T17:56:27","guid":{"rendered":"https:\/\/skinstudio.ee\/?post_type=product&#038;p=55727"},"modified":"2026-03-19T12:40:50","modified_gmt":"2026-03-19T12:40:50","slug":"poly-vitamin-serum","status":"publish","type":"product","link":"https:\/\/skinstudio.ee\/lt\/catalog\/is-clinical\/poly-vitamin-serum\/","title":{"rendered":"Poly-Vitamin Serum"},"content":{"rendered":"<p data-start=\"4887\" data-end=\"5149\"><strong data-start=\"4887\" data-end=\"4925\">Poly-Vitamin Serum nuo iS Clinical<\/strong> yra intensyvus atkuriamasis serumas, skirtas pagerinti bendr\u0105 odos b\u016bkl\u0119, suvienodinti ton\u0105 ir palaikyti sveik\u0105 i\u0161vaizd\u0105. Formul\u0117 sujungia vitaminus, bionutrientus ir antioksidantus, u\u017etikrindama visapusi\u0161k\u0105 odos prie\u017ei\u016br\u0105.<\/p>\n<p data-start=\"5151\" data-end=\"5354\">Serumas padeda pagerinti odos tekst\u016br\u0105, daro j\u0105 lygesn\u0119 ir tolygesn\u0119, taip pat palaiko subalansuot\u0105 odos ton\u0105. Jis skatina atsinaujinimo procesus, pad\u0117damas odai atrodyti gaivesnei ir labiau pri\u017ei\u016br\u0117tai.<\/p>\n<p data-start=\"5356\" data-end=\"5536\">Formul\u0117 intensyviai dr\u0117kina, ma\u017eina sausumo poj\u016bt\u012f ir padeda i\u0161laikyti odos vientisum\u0105 bei balans\u0105. Reguliariai naudojant oda tampa mink\u0161tesn\u0117, elastingesn\u0117 ir vizualiai sveikesn\u0117.<\/p>\n<p data-start=\"5538\" data-end=\"5572\"><strong data-start=\"5538\" data-end=\"5572\">Aktyvi\u0173j\u0173 komponent\u0173 poveikis:<\/strong><\/p>\n<ul data-start=\"5574\" data-end=\"5854\">\n<li data-section-id=\"1k044vk\" data-start=\"5574\" data-end=\"5647\">\n<p data-start=\"5576\" data-end=\"5647\"><strong data-start=\"5576\" data-end=\"5597\">Hialurono r\u016bg\u0161tis<\/strong>: intensyviai dr\u0117kina ir padeda i\u0161laikyti dr\u0117gm\u0119<\/p>\n<\/li>\n<li data-section-id=\"koqur8\" data-start=\"5648\" data-end=\"5714\">\n<p data-start=\"5650\" data-end=\"5714\"><strong data-start=\"5650\" data-end=\"5677\">Sugarcane Extract (AHA)<\/strong>: \u0161velniai \u0161vei\u010dia ir atnaujina od\u0105<\/p>\n<\/li>\n<li data-section-id=\"gfacdu\" data-start=\"5715\" data-end=\"5781\">\n<p data-start=\"5717\" data-end=\"5781\"><strong data-start=\"5717\" data-end=\"5732\">Vitaminas A<\/strong>: palaiko odos atsinaujinim\u0105 ir gerina tekst\u016br\u0105<\/p>\n<\/li>\n<li data-section-id=\"h0o5ls\" data-start=\"5782\" data-end=\"5854\">\n<p data-start=\"5784\" data-end=\"5854\"><strong data-start=\"5784\" data-end=\"5814\">Vitaminas B (Niacinamidas)<\/strong>: padeda gerinti odos b\u016bkl\u0119 ir balans\u0105<\/p>\n<\/li>\n<\/ul>\n<p data-start=\"5856\" data-end=\"5953\"><strong data-start=\"5856\" data-end=\"5889\">Kam tinka Poly-Vitamin Serum:<\/strong> vis\u0173 tip\u0173 odai, ypa\u010d sausai, papilk\u0117jusiai ir pavargusiai odai.<\/p>\n<p data-start=\"5955\" data-end=\"5979\"><strong data-start=\"5955\" data-end=\"5965\">T\u016bris:<\/strong> 15 ml \/ 30 ml<\/p>\n<p data-start=\"5981\" data-end=\"6162\">\n","protected":false},"excerpt":{"rendered":"<p data-start=\"6164\" data-end=\"6201\">Atkuriamasis multivitamininis serumas<\/p>\n<h2 data-start=\"6203\" data-end=\"6247\"><strong data-start=\"6203\" data-end=\"6247\">IS CLINICAL &#8211; Poly-Vitamin Serum Savyb\u0117s<\/strong><\/h2>\n<p data-start=\"6249\" data-end=\"6423\">\u2714\ufe0f Atkuria ir maitina od\u0105<br data-start=\"6274\" data-end=\"6277\" \/>\u2714\ufe0f Palaiko atsinaujinim\u0105 ir regeneracij\u0105<br data-start=\"6317\" data-end=\"6320\" \/>\u2714\ufe0f Gerina odos ton\u0105 ir tekst\u016br\u0105<br data-start=\"6351\" data-end=\"6354\" \/>\u2714\ufe0f Ma\u017eina sausum\u0105 ir diskomfort\u0105<br data-start=\"6386\" data-end=\"6389\" \/>\u2714\ufe0f Oda tampa lygesn\u0117 ir \u0161vytinti<\/p>\n","protected":false},"featured_media":86700,"template":"","meta":[],"pwb-brand":[1180],"product_brand":[],"product_cat":[742,744,752,750,724,748],"product_tag":[],"giftcard-category":[],"class_list":{"0":"post-55727","1":"product","2":"type-product","3":"status-publish","4":"has-post-thumbnail","6":"pwb-brand-is-clinical","7":"product_cat-berimai","8":"product_cat-issipletusios-poros","9":"product_cat-pigmentacija-lt","10":"product_cat-senstanti-oda","11":"product_cat-serumai","12":"product_cat-taukainai-adai-lt","13":"pa_suurus-15ml-lt","14":"pa_suurus-375-ml-lt","15":"pa_suurus-30ml-lt","17":"first","18":"instock","19":"taxable","20":"shipping-taxable","21":"purchasable","22":"product-type-variable"},"acf":[],"brands":[{"id":1180,"name":"IS CLINICAL","slug":"is-clinical"}],"_links":{"self":[{"href":"https:\/\/skinstudio.ee\/lt\/wp-json\/wp\/v2\/product\/55727","targetHints":{"allow":["GET"]}}],"collection":[{"href":"https:\/\/skinstudio.ee\/lt\/wp-json\/wp\/v2\/product"}],"about":[{"href":"https:\/\/skinstudio.ee\/lt\/wp-json\/wp\/v2\/types\/product"}],"version-history":[{"count":1,"href":"https:\/\/skinstudio.ee\/lt\/wp-json\/wp\/v2\/product\/55727\/revisions"}],"predecessor-version":[{"id":86947,"href":"https:\/\/skinstudio.ee\/lt\/wp-json\/wp\/v2\/product\/55727\/revisions\/86947"}],"wp:featuredmedia":[{"embeddable":true,"href":"https:\/\/skinstudio.ee\/lt\/wp-json\/wp\/v2\/media\/86700"}],"wp:attachment":[{"href":"https:\/\/skinstudio.ee\/lt\/wp-json\/wp\/v2\/media?parent=55727"}],"wp:term":[{"taxonomy":"pwb-brand","embeddable":true,"href":"https:\/\/skinstudio.ee\/lt\/wp-json\/wp\/v2\/pwb-brand?post=55727"},{"taxonomy":"product_brand","embeddable":true,"href":"https:\/\/skinstudio.ee\/lt\/wp-json\/wp\/v2\/product_brand?post=55727"},{"taxonomy":"product_cat","embeddable":true,"href":"https:\/\/skinstudio.ee\/lt\/wp-json\/wp\/v2\/product_cat?post=55727"},{"taxonomy":"product_tag","embeddable":true,"href":"https:\/\/skinstudio.ee\/lt\/wp-json\/wp\/v2\/product_tag?post=55727"},{"taxonomy":"giftcard-category","embeddable":true,"href":"https:\/\/skinstudio.ee\/lt\/wp-json\/wp\/v2\/giftcard-category?post=55727"}],"curies":[{"name":"wp","href":"https:\/\/api.w.org\/{rel}","templated":true}]}}