{"id":55738,"date":"2023-05-24T17:56:27","date_gmt":"2023-05-24T17:56:27","guid":{"rendered":"https:\/\/skinstudio.ee\/?post_type=product&#038;p=55738"},"modified":"2026-03-19T12:52:36","modified_gmt":"2026-03-19T12:52:36","slug":"c-eye-serum-advance","status":"publish","type":"product","link":"https:\/\/skinstudio.ee\/lt\/catalog\/is-clinical\/c-eye-serum-advance\/","title":{"rendered":"C Eye Serum Advance+"},"content":{"rendered":"<p data-start=\"1760\" data-end=\"2028\"><strong data-start=\"1760\" data-end=\"1800\">C Eye Serum Advance+ nuo iS Clinical<\/strong> yra auk\u0161to efektyvumo serumas jautriai paaki\u0173 zonai su ry\u0161kiu antioksidaciniu ir atkuriamuoju poveikiu. Formul\u0117 sukurta siekiant suma\u017einti nuovargio po\u017eymius, pagerinti odos ton\u0105 ir suteikti gaivesn\u0119 bei pri\u017ei\u016br\u0117tesn\u0119 i\u0161vaizd\u0105.<\/p>\n<p data-start=\"2030\" data-end=\"2259\">Serumas padeda suma\u017einti paburkim\u0105 ir tamsi\u0173 ratil\u0173 matomum\u0105, tod\u0117l paaki\u0173 oda atrodo lygesn\u0117 ir tolygesn\u0117. Jis padeda ma\u017einti smulki\u0173 rauk\u0161li\u0173 matomum\u0105 ir gerina odos tekst\u016br\u0105, suteikdamas \u017evilgsniui labiau pails\u0117jusi\u0105 i\u0161vaizd\u0105.<\/p>\n<p data-start=\"2261\" data-end=\"2457\">Formul\u0117 suteikia antioksidacin\u0119 apsaug\u0105, padeda odai susidoroti su kasdieniais aplinkos veiksniais ir palaiko subalansuot\u0105 i\u0161vaizd\u0105. Reguliariai naudojant oda atrodo gaivesn\u0117, lygesn\u0117 ir \u0161vytinti.<\/p>\n<p data-start=\"2459\" data-end=\"2493\"><strong data-start=\"2459\" data-end=\"2493\">Aktyvi\u0173j\u0173 komponent\u0173 poveikis:<\/strong><\/p>\n<ul data-start=\"2495\" data-end=\"2811\">\n<li data-section-id=\"1ioaqlz\" data-start=\"2495\" data-end=\"2598\">\n<p data-start=\"2497\" data-end=\"2598\"><strong data-start=\"2497\" data-end=\"2539\">ADVANCE+ Vitamin C (L-askorbo r\u016bg\u0161tis)<\/strong>: suteikia antioksidacin\u0119 apsaug\u0105 ir padeda \u0161viesinti od\u0105<\/p>\n<\/li>\n<li data-section-id=\"1iytq2m\" data-start=\"2599\" data-end=\"2686\">\n<p data-start=\"2601\" data-end=\"2686\"><strong data-start=\"2601\" data-end=\"2624\">Copper Tripeptide-1<\/strong>: palaiko odos stangrum\u0105 ir padeda ma\u017einti rauk\u0161li\u0173 matomum\u0105<\/p>\n<\/li>\n<li data-section-id=\"1ym2ory\" data-start=\"2687\" data-end=\"2747\">\n<p data-start=\"2689\" data-end=\"2747\"><strong data-start=\"2689\" data-end=\"2710\">Hialurono r\u016bg\u0161tis<\/strong>: intensyviai dr\u0117kina ir lygina od\u0105<\/p>\n<\/li>\n<li data-section-id=\"1v1dvte\" data-start=\"2748\" data-end=\"2811\">\n<p data-start=\"2750\" data-end=\"2811\"><strong data-start=\"2750\" data-end=\"2766\">Zinc Sulfate<\/strong>: suteikia apsaugin\u012f ir atkuriam\u0105j\u012f poveik\u012f<\/p>\n<\/li>\n<\/ul>\n<p data-start=\"2813\" data-end=\"2895\"><strong data-start=\"2813\" data-end=\"2848\">Kam tinka C Eye Serum Advance+:<\/strong> vis\u0173 tip\u0173 odai, \u012fskaitant jautri\u0105 paaki\u0173 zon\u0105.<\/p>\n<p data-start=\"2897\" data-end=\"2923\"><strong data-start=\"2897\" data-end=\"2907\">T\u016bris:<\/strong> 3,75 ml \/ 15 ml<\/p>\n","protected":false},"excerpt":{"rendered":"<p data-start=\"3136\" data-end=\"3164\">Paaki\u0173 serumas su vitaminu C<\/p>\n<h2 data-start=\"3166\" data-end=\"3212\"><strong data-start=\"3166\" data-end=\"3212\">IS CLINICAL &#8211; C Eye Serum Advance+ Savyb\u0117s<\/strong><\/h2>\n<p data-start=\"3214\" data-end=\"3396\">\u2714\ufe0f \u0160viesina tamsius ratilus po akimis<br data-start=\"3251\" data-end=\"3254\" \/>\u2714\ufe0f Ma\u017eina paburkim\u0105 ir nuovargio po\u017eymius<br data-start=\"3295\" data-end=\"3298\" \/>\u2714\ufe0f Lygina smulkias rauk\u0161les<br data-start=\"3325\" data-end=\"3328\" \/>\u2714\ufe0f Suteikia antioksidacin\u0119 apsaug\u0105<br data-start=\"3362\" data-end=\"3365\" \/>\u2714\ufe0f Tinka jautriai paaki\u0173 odai<\/p>\n","protected":false},"featured_media":55740,"template":"","meta":[],"pwb-brand":[1180],"product_brand":[],"product_cat":[734,752,750,724,730],"product_tag":[],"giftcard-category":[],"class_list":{"0":"post-55738","1":"product","2":"type-product","3":"status-publish","4":"has-post-thumbnail","6":"pwb-brand-is-clinical","7":"product_cat-oda-aplink-akis","8":"product_cat-pigmentacija-lt","9":"product_cat-senstanti-oda","10":"product_cat-serumai","11":"product_cat-vitaminas-c","12":"pa_suurus-15ml-lt","13":"pa_suurus-375-ml-lt","15":"first","16":"instock","17":"taxable","18":"shipping-taxable","19":"purchasable","20":"product-type-variable"},"acf":[],"brands":[{"id":1180,"name":"IS CLINICAL","slug":"is-clinical"}],"_links":{"self":[{"href":"https:\/\/skinstudio.ee\/lt\/wp-json\/wp\/v2\/product\/55738","targetHints":{"allow":["GET"]}}],"collection":[{"href":"https:\/\/skinstudio.ee\/lt\/wp-json\/wp\/v2\/product"}],"about":[{"href":"https:\/\/skinstudio.ee\/lt\/wp-json\/wp\/v2\/types\/product"}],"version-history":[{"count":1,"href":"https:\/\/skinstudio.ee\/lt\/wp-json\/wp\/v2\/product\/55738\/revisions"}],"predecessor-version":[{"id":86952,"href":"https:\/\/skinstudio.ee\/lt\/wp-json\/wp\/v2\/product\/55738\/revisions\/86952"}],"wp:featuredmedia":[{"embeddable":true,"href":"https:\/\/skinstudio.ee\/lt\/wp-json\/wp\/v2\/media\/55740"}],"wp:attachment":[{"href":"https:\/\/skinstudio.ee\/lt\/wp-json\/wp\/v2\/media?parent=55738"}],"wp:term":[{"taxonomy":"pwb-brand","embeddable":true,"href":"https:\/\/skinstudio.ee\/lt\/wp-json\/wp\/v2\/pwb-brand?post=55738"},{"taxonomy":"product_brand","embeddable":true,"href":"https:\/\/skinstudio.ee\/lt\/wp-json\/wp\/v2\/product_brand?post=55738"},{"taxonomy":"product_cat","embeddable":true,"href":"https:\/\/skinstudio.ee\/lt\/wp-json\/wp\/v2\/product_cat?post=55738"},{"taxonomy":"product_tag","embeddable":true,"href":"https:\/\/skinstudio.ee\/lt\/wp-json\/wp\/v2\/product_tag?post=55738"},{"taxonomy":"giftcard-category","embeddable":true,"href":"https:\/\/skinstudio.ee\/lt\/wp-json\/wp\/v2\/giftcard-category?post=55738"}],"curies":[{"name":"wp","href":"https:\/\/api.w.org\/{rel}","templated":true}]}}