{"id":55752,"date":"2023-05-24T17:56:27","date_gmt":"2023-05-24T17:56:27","guid":{"rendered":"https:\/\/skinstudio.ee\/?post_type=product&#038;p=55752"},"modified":"2026-03-19T12:56:03","modified_gmt":"2026-03-19T12:56:03","slug":"neckperfect-complex","status":"publish","type":"product","link":"https:\/\/skinstudio.ee\/lt\/catalog\/is-clinical\/neckperfect-complex\/","title":{"rendered":"NeckPerfect Complex"},"content":{"rendered":"<p data-start=\"4848\" data-end=\"5143\"><strong data-start=\"4848\" data-end=\"4887\">NeckPerfect Complex nuo iS Clinical<\/strong> yra intensyvus anti-age kremas kaklo ir dekolt\u0117 zonai, skirtas pagerinti odos stangrum\u0105, lygum\u0105 ir bendr\u0105 tonus\u0105. Formul\u0117 sujungia augalinius ekstraktus, hialurono r\u016bg\u0161t\u012f ir funkcines med\u017eiagas, u\u017etikrindama \u0161velni\u0105, bet efektyvi\u0105 prie\u017ei\u016br\u0105 jautriai odai.<\/p>\n<p data-start=\"5145\" data-end=\"5339\">Kremas padeda pagerinti odos i\u0161vaizd\u0105, suteikia jai daugiau stangrumo, lygumo ir vizualiai pakelia od\u0105. Jis padeda suma\u017einti rauk\u0161li\u0173 matomum\u0105 ir pagerina odos tekst\u016br\u0105 kaklo ir dekolt\u0117 srityje.<\/p>\n<p data-start=\"5341\" data-end=\"5537\">Formul\u0117 padeda palaikyti optimal\u0173 dr\u0117gm\u0117s lyg\u012f, saugo od\u0105 nuo i\u0161orini\u0173 veiksni\u0173 ir suteikia pri\u017ei\u016br\u0117t\u0105 bei subalansuot\u0105 i\u0161vaizd\u0105. Reguliariai naudojant oda atrodo lygesn\u0117, stangresn\u0117 ir tolygesn\u0117.<\/p>\n<p data-start=\"5539\" data-end=\"5573\"><strong data-start=\"5539\" data-end=\"5573\">Aktyvi\u0173j\u0173 komponent\u0173 poveikis:<\/strong><\/p>\n<ul data-start=\"5575\" data-end=\"5849\">\n<li data-section-id=\"14bwbtc\" data-start=\"5575\" data-end=\"5643\">\n<p data-start=\"5577\" data-end=\"5643\"><strong data-start=\"5577\" data-end=\"5599\">Acacia Senegal Gum<\/strong>: padeda lyginti ir didinti odos stangrum\u0105<\/p>\n<\/li>\n<li data-section-id=\"1k044vk\" data-start=\"5644\" data-end=\"5717\">\n<p data-start=\"5646\" data-end=\"5717\"><strong data-start=\"5646\" data-end=\"5667\">Hialurono r\u016bg\u0161tis<\/strong>: intensyviai dr\u0117kina ir padeda i\u0161laikyti dr\u0117gm\u0119<\/p>\n<\/li>\n<li data-section-id=\"1h1c9od\" data-start=\"5718\" data-end=\"5789\">\n<p data-start=\"5720\" data-end=\"5789\"><strong data-start=\"5720\" data-end=\"5744\">Vaisi\u0173 r\u016bg\u0161tys (AHA)<\/strong>: \u0161velniai atnaujina od\u0105 ir gerina tekst\u016br\u0105<\/p>\n<\/li>\n<li data-section-id=\"1wj5ya8\" data-start=\"5790\" data-end=\"5849\">\n<p data-start=\"5792\" data-end=\"5849\"><strong data-start=\"5792\" data-end=\"5815\">Kvinojos ekstraktas<\/strong>: palaiko odos apsaugin\u012f barjer\u0105<\/p>\n<\/li>\n<\/ul>\n<p data-start=\"5851\" data-end=\"5947\"><strong data-start=\"5851\" data-end=\"5885\">Kam tinka NeckPerfect Complex:<\/strong> vis\u0173 tip\u0173 odai, ypa\u010d brand\u017eiai ir stangrum\u0105 praradusiai odai.<\/p>\n<p data-start=\"5949\" data-end=\"5964\"><strong data-start=\"5949\" data-end=\"5959\">T\u016bris:<\/strong> 50 g<\/p>\n<p data-start=\"5966\" data-end=\"6061\">\n","protected":false},"excerpt":{"rendered":"<p data-start=\"6063\" data-end=\"6107\">Intensyvus anti-age kremas kaklui ir dekolt\u0117<\/p>\n<h2 data-start=\"6109\" data-end=\"6154\"><strong data-start=\"6109\" data-end=\"6154\">IS CLINICAL &#8211; NeckPerfect Complex Savyb\u0117s<\/strong><\/h2>\n<p data-start=\"6156\" data-end=\"6335\">\u2714\ufe0f Stangrina kaklo ir dekolt\u0117 od\u0105<br data-start=\"6189\" data-end=\"6192\" \/>\u2714\ufe0f Ma\u017eina rauk\u0161li\u0173 matomum\u0105<br data-start=\"6219\" data-end=\"6222\" \/>\u2714\ufe0f Gerina elastingum\u0105 ir tonus\u0105<br data-start=\"6253\" data-end=\"6256\" \/>\u2714\ufe0f Palaiko apsaug\u0105 nuo i\u0161orini\u0173 veiksni\u0173<br data-start=\"6296\" data-end=\"6299\" \/>\u2714\ufe0f Oda tampa lygesn\u0117 ir pri\u017ei\u016br\u0117ta<\/p>\n","protected":false},"featured_media":63310,"template":"","meta":[],"pwb-brand":[1180],"product_brand":[],"product_cat":[736,758,750],"product_tag":[],"giftcard-category":[],"class_list":{"0":"post-55752","1":"product","2":"type-product","3":"status-publish","4":"has-post-thumbnail","6":"pwb-brand-is-clinical","7":"product_cat-dekolte-sritis","8":"product_cat-kuno-prieziura","9":"product_cat-senstanti-oda","11":"first","12":"instock","13":"taxable","14":"shipping-taxable","15":"purchasable","16":"product-type-simple"},"acf":[],"brands":[{"id":1180,"name":"IS CLINICAL","slug":"is-clinical"}],"_links":{"self":[{"href":"https:\/\/skinstudio.ee\/lt\/wp-json\/wp\/v2\/product\/55752","targetHints":{"allow":["GET"]}}],"collection":[{"href":"https:\/\/skinstudio.ee\/lt\/wp-json\/wp\/v2\/product"}],"about":[{"href":"https:\/\/skinstudio.ee\/lt\/wp-json\/wp\/v2\/types\/product"}],"version-history":[{"count":1,"href":"https:\/\/skinstudio.ee\/lt\/wp-json\/wp\/v2\/product\/55752\/revisions"}],"predecessor-version":[{"id":86957,"href":"https:\/\/skinstudio.ee\/lt\/wp-json\/wp\/v2\/product\/55752\/revisions\/86957"}],"wp:featuredmedia":[{"embeddable":true,"href":"https:\/\/skinstudio.ee\/lt\/wp-json\/wp\/v2\/media\/63310"}],"wp:attachment":[{"href":"https:\/\/skinstudio.ee\/lt\/wp-json\/wp\/v2\/media?parent=55752"}],"wp:term":[{"taxonomy":"pwb-brand","embeddable":true,"href":"https:\/\/skinstudio.ee\/lt\/wp-json\/wp\/v2\/pwb-brand?post=55752"},{"taxonomy":"product_brand","embeddable":true,"href":"https:\/\/skinstudio.ee\/lt\/wp-json\/wp\/v2\/product_brand?post=55752"},{"taxonomy":"product_cat","embeddable":true,"href":"https:\/\/skinstudio.ee\/lt\/wp-json\/wp\/v2\/product_cat?post=55752"},{"taxonomy":"product_tag","embeddable":true,"href":"https:\/\/skinstudio.ee\/lt\/wp-json\/wp\/v2\/product_tag?post=55752"},{"taxonomy":"giftcard-category","embeddable":true,"href":"https:\/\/skinstudio.ee\/lt\/wp-json\/wp\/v2\/giftcard-category?post=55752"}],"curies":[{"name":"wp","href":"https:\/\/api.w.org\/{rel}","templated":true}]}}