{"id":55765,"date":"2023-05-24T17:56:27","date_gmt":"2023-05-24T17:56:27","guid":{"rendered":"https:\/\/skinstudio.ee\/?post_type=product&#038;p=55765"},"modified":"2026-03-19T13:05:01","modified_gmt":"2026-03-19T13:05:01","slug":"youth-eye-complex","status":"publish","type":"product","link":"https:\/\/skinstudio.ee\/lt\/catalog\/is-clinical\/youth-eye-complex\/","title":{"rendered":"Youth Eye Complex"},"content":{"rendered":"<p data-start=\"1608\" data-end=\"1897\"><strong data-start=\"1608\" data-end=\"1645\">Youth Eye Complex nuo iS Clinical<\/strong> yra anti-age kremas paaki\u0173 zonai, skirtas pagerinti odos tank\u012f, i\u0161lyginti smulkias rauk\u0161les ir suteikti gaivesn\u0119, pri\u017ei\u016br\u0117t\u0105 i\u0161vaizd\u0105. Formul\u0117 sujungia peptidus, augimo faktorius ir antioksidantus, u\u017etikrindama tikslin\u0119 prie\u017ei\u016br\u0105 jautriai paaki\u0173 odai.<\/p>\n<p data-start=\"1899\" data-end=\"2096\">Kremas padeda suma\u017einti \u201e\u017e\u0105sies kojeli\u0173\u201c matomum\u0105, tod\u0117l oda atrodo lygesn\u0117 ir stangresn\u0117. Jis taip pat ma\u017eina paburkim\u0105 ir tamsius ratilus, suteikdamas \u017evilgsniui gaivesn\u0119 ir pails\u0117jusi\u0105 i\u0161vaizd\u0105.<\/p>\n<p data-start=\"2098\" data-end=\"2274\">Formul\u0117 padeda palaikyti dr\u0117gm\u0117s balans\u0105, gerina odos tekst\u016br\u0105 ir suteikia tolygesn\u0119 bei subalansuot\u0105 i\u0161vaizd\u0105. Reguliariai naudojant oda tampa lygesn\u0117, stangresn\u0117 ir gaivesn\u0117.<\/p>\n<p data-start=\"2276\" data-end=\"2310\"><strong data-start=\"2276\" data-end=\"2310\">Aktyvi\u0173j\u0173 komponent\u0173 poveikis:<\/strong><\/p>\n<ul data-start=\"2312\" data-end=\"2544\">\n<li data-section-id=\"1qkzapo\" data-start=\"2312\" data-end=\"2382\">\n<p data-start=\"2314\" data-end=\"2382\"><strong data-start=\"2314\" data-end=\"2338\">Acetyl Octapeptide-3<\/strong>: padeda ma\u017einti smulki\u0173 rauk\u0161li\u0173 matomum\u0105<\/p>\n<\/li>\n<li data-section-id=\"1v8tkqt\" data-start=\"2383\" data-end=\"2434\">\n<p data-start=\"2385\" data-end=\"2434\"><strong data-start=\"2385\" data-end=\"2408\">Copper Tripeptide-1<\/strong>: palaiko odos stangrum\u0105<\/p>\n<\/li>\n<li data-section-id=\"1nyaxmo\" data-start=\"2435\" data-end=\"2491\">\n<p data-start=\"2437\" data-end=\"2491\"><strong data-start=\"2437\" data-end=\"2458\">Hialurono r\u016bg\u0161tis<\/strong>: intensyviai dr\u0117kina ir lygina<\/p>\n<\/li>\n<li data-section-id=\"a9fjne\" data-start=\"2492\" data-end=\"2544\">\n<p data-start=\"2494\" data-end=\"2544\"><strong data-start=\"2494\" data-end=\"2516\">Marine Extremozyme<\/strong>: padeda ma\u017einti paburkim\u0105<\/p>\n<\/li>\n<\/ul>\n<p data-start=\"2546\" data-end=\"2625\"><strong data-start=\"2546\" data-end=\"2578\">Kam tinka Youth Eye Complex:<\/strong> vis\u0173 tip\u0173 odai, \u012fskaitant jautri\u0105 ir brand\u017ei\u0105.<\/p>\n<p data-start=\"2627\" data-end=\"2642\"><strong data-start=\"2627\" data-end=\"2637\">T\u016bris:<\/strong> 15 g<\/p>\n","protected":false},"excerpt":{"rendered":"<p data-start=\"2767\" data-end=\"2802\">Intensyvus anti-age kremas paakiams<\/p>\n<h2 data-start=\"2804\" data-end=\"2847\"><strong data-start=\"2804\" data-end=\"2847\">IS CLINICAL &#8211; Youth Eye Complex Savyb\u0117s<\/strong><\/h2>\n<p data-start=\"2849\" data-end=\"3074\">\u2714\ufe0f I\u0161 karto lygina smulkias rauk\u0161les aplink akis<br data-start=\"2897\" data-end=\"2900\" \/>\u2714\ufe0f \u0160viesina tamsius ratilus ir sulygina ton\u0105<br data-start=\"2944\" data-end=\"2947\" \/>\u2714\ufe0f Ma\u017eina paburkim\u0105 ir nuovargio po\u017eymius<br data-start=\"2988\" data-end=\"2991\" \/>\u2714\ufe0f Stangrina ir stiprina jautri\u0105 od\u0105<br data-start=\"3027\" data-end=\"3030\" \/>\u2714\ufe0f Suteikia gaivesn\u012f ir atviresn\u012f \u017evilgsn\u012f<\/p>\n","protected":false},"featured_media":55766,"template":"","meta":[],"pwb-brand":[1180],"product_brand":[],"product_cat":[738,734,752,740,750],"product_tag":[],"giftcard-category":[],"class_list":{"0":"post-55765","1":"product","2":"type-product","3":"status-publish","4":"has-post-thumbnail","6":"pwb-brand-is-clinical","7":"product_cat-drekinimas","8":"product_cat-oda-aplink-akis","9":"product_cat-pigmentacija-lt","10":"product_cat-sausai-odai","11":"product_cat-senstanti-oda","13":"first","14":"instock","15":"taxable","16":"shipping-taxable","17":"purchasable","18":"product-type-simple"},"acf":[],"brands":[{"id":1180,"name":"IS CLINICAL","slug":"is-clinical"}],"_links":{"self":[{"href":"https:\/\/skinstudio.ee\/lt\/wp-json\/wp\/v2\/product\/55765","targetHints":{"allow":["GET"]}}],"collection":[{"href":"https:\/\/skinstudio.ee\/lt\/wp-json\/wp\/v2\/product"}],"about":[{"href":"https:\/\/skinstudio.ee\/lt\/wp-json\/wp\/v2\/types\/product"}],"version-history":[{"count":1,"href":"https:\/\/skinstudio.ee\/lt\/wp-json\/wp\/v2\/product\/55765\/revisions"}],"predecessor-version":[{"id":86967,"href":"https:\/\/skinstudio.ee\/lt\/wp-json\/wp\/v2\/product\/55765\/revisions\/86967"}],"wp:featuredmedia":[{"embeddable":true,"href":"https:\/\/skinstudio.ee\/lt\/wp-json\/wp\/v2\/media\/55766"}],"wp:attachment":[{"href":"https:\/\/skinstudio.ee\/lt\/wp-json\/wp\/v2\/media?parent=55765"}],"wp:term":[{"taxonomy":"pwb-brand","embeddable":true,"href":"https:\/\/skinstudio.ee\/lt\/wp-json\/wp\/v2\/pwb-brand?post=55765"},{"taxonomy":"product_brand","embeddable":true,"href":"https:\/\/skinstudio.ee\/lt\/wp-json\/wp\/v2\/product_brand?post=55765"},{"taxonomy":"product_cat","embeddable":true,"href":"https:\/\/skinstudio.ee\/lt\/wp-json\/wp\/v2\/product_cat?post=55765"},{"taxonomy":"product_tag","embeddable":true,"href":"https:\/\/skinstudio.ee\/lt\/wp-json\/wp\/v2\/product_tag?post=55765"},{"taxonomy":"giftcard-category","embeddable":true,"href":"https:\/\/skinstudio.ee\/lt\/wp-json\/wp\/v2\/giftcard-category?post=55765"}],"curies":[{"name":"wp","href":"https:\/\/api.w.org\/{rel}","templated":true}]}}