{"id":55771,"date":"2023-05-24T17:56:27","date_gmt":"2023-05-24T17:56:27","guid":{"rendered":"https:\/\/skinstudio.ee\/?post_type=product&#038;p=55771"},"modified":"2026-03-19T12:59:21","modified_gmt":"2026-03-19T12:59:21","slug":"firming-complex","status":"publish","type":"product","link":"https:\/\/skinstudio.ee\/lt\/catalog\/is-clinical\/firming-complex\/","title":{"rendered":"Firming Complex"},"content":{"rendered":"<p data-start=\"4685\" data-end=\"4972\"><strong data-start=\"4685\" data-end=\"4720\">Firming Complex nuo iS Clinical<\/strong> yra stangrinamasis kremas su matomu liftingo efektu, skirtas pagerinti odos elastingum\u0105, i\u0161lyginti tekst\u016br\u0105 ir suteikti odai daugiau \u0161vyt\u0117jimo. Formul\u0117 sujungia dr\u0117kinamuosius komponentus, r\u016bg\u0161tis ir antioksidantus, u\u017etikrindama kompleksin\u0119 prie\u017ei\u016br\u0105.<\/p>\n<p data-start=\"4974\" data-end=\"5158\">Kremas padeda vizualiai stangrinti od\u0105, suteikia jai daugiau lygumo ir tvirtumo bei ma\u017eina rauk\u0161li\u0173 matomum\u0105. Jis skatina odos atsinaujinim\u0105 ir padeda pasiekti tolygesn\u0119 odos i\u0161vaizd\u0105.<\/p>\n<p data-start=\"5160\" data-end=\"5332\">Formul\u0117 padeda palaikyti \u0161varias poras ir ma\u017eina netobulum\u0173 matomum\u0105, tod\u0117l oda atrodo labiau subalansuota. Reguliariai naudojant oda tampa lygesn\u0117, stangresn\u0117 ir \u0161vytinti.<\/p>\n<p data-start=\"5334\" data-end=\"5368\"><strong data-start=\"5334\" data-end=\"5368\">Aktyvi\u0173j\u0173 komponent\u0173 poveikis:<\/strong><\/p>\n<ul data-start=\"5370\" data-end=\"5655\">\n<li data-section-id=\"1k044vk\" data-start=\"5370\" data-end=\"5443\">\n<p data-start=\"5372\" data-end=\"5443\"><strong data-start=\"5372\" data-end=\"5393\">Hialurono r\u016bg\u0161tis<\/strong>: intensyviai dr\u0117kina ir padeda i\u0161laikyti dr\u0117gm\u0119<\/p>\n<\/li>\n<li data-section-id=\"dy73oa\" data-start=\"5444\" data-end=\"5514\">\n<p data-start=\"5446\" data-end=\"5514\"><strong data-start=\"5446\" data-end=\"5470\">Vaisi\u0173 r\u016bg\u0161tys (AHA)<\/strong>: \u0161velniai eksfolijuoja ir gerina tekst\u016br\u0105<\/p>\n<\/li>\n<li data-section-id=\"8cxagn\" data-start=\"5515\" data-end=\"5574\">\n<p data-start=\"5517\" data-end=\"5574\"><strong data-start=\"5517\" data-end=\"5544\">Vitaminas B (Panthenol)<\/strong>: palaiko odos atsinaujinim\u0105<\/p>\n<\/li>\n<li data-section-id=\"1sbcp4z\" data-start=\"5575\" data-end=\"5655\">\n<p data-start=\"5577\" data-end=\"5655\"><strong data-start=\"5577\" data-end=\"5609\">Baltojo gluosnio \u017eiev\u0117 (BHA)<\/strong>: padeda valyti poras ir ma\u017einti netobulumus<\/p>\n<\/li>\n<\/ul>\n<p data-start=\"5657\" data-end=\"5749\"><strong data-start=\"5657\" data-end=\"5687\">Kam tinka Firming Complex:<\/strong> vis\u0173 tip\u0173 odai, ypa\u010d brand\u017eiai ir stangrum\u0105 praradusiai odai.<\/p>\n<p data-start=\"5751\" data-end=\"5766\"><strong data-start=\"5751\" data-end=\"5761\">T\u016bris:<\/strong> 50 g<\/p>\n","protected":false},"excerpt":{"rendered":"<p data-start=\"5881\" data-end=\"5911\">Stangrinamasis liftingo kremas<\/p>\n<h2 data-start=\"5913\" data-end=\"5954\"><strong data-start=\"5913\" data-end=\"5954\">IS CLINICAL &#8211; Firming Complex Savyb\u0117s<\/strong><\/h2>\n<p data-start=\"5956\" data-end=\"6112\">\u2714\ufe0f Stangrina ir sutvirtina od\u0105<br data-start=\"5986\" data-end=\"5989\" \/>\u2714\ufe0f Lygina rauk\u0161les ir tekst\u016br\u0105<br data-start=\"6019\" data-end=\"6022\" \/>\u2714\ufe0f Gerina odos elastingum\u0105<br data-start=\"6048\" data-end=\"6051\" \/>\u2714\ufe0f Padeda i\u0161valyti poras<br data-start=\"6075\" data-end=\"6078\" \/>\u2714\ufe0f Oda tampa lygesn\u0117 ir \u0161vytinti<\/p>\n","protected":false},"featured_media":55772,"template":"","meta":[],"pwb-brand":[1180],"product_brand":[],"product_cat":[736,738,744,750,748],"product_tag":[],"giftcard-category":[],"class_list":{"0":"post-55771","1":"product","2":"type-product","3":"status-publish","4":"has-post-thumbnail","6":"pwb-brand-is-clinical","7":"product_cat-dekolte-sritis","8":"product_cat-drekinimas","9":"product_cat-issipletusios-poros","10":"product_cat-senstanti-oda","11":"product_cat-taukainai-adai-lt","13":"first","14":"instock","15":"taxable","16":"shipping-taxable","17":"purchasable","18":"product-type-simple"},"acf":[],"brands":[{"id":1180,"name":"IS CLINICAL","slug":"is-clinical"}],"_links":{"self":[{"href":"https:\/\/skinstudio.ee\/lt\/wp-json\/wp\/v2\/product\/55771","targetHints":{"allow":["GET"]}}],"collection":[{"href":"https:\/\/skinstudio.ee\/lt\/wp-json\/wp\/v2\/product"}],"about":[{"href":"https:\/\/skinstudio.ee\/lt\/wp-json\/wp\/v2\/types\/product"}],"version-history":[{"count":1,"href":"https:\/\/skinstudio.ee\/lt\/wp-json\/wp\/v2\/product\/55771\/revisions"}],"predecessor-version":[{"id":86962,"href":"https:\/\/skinstudio.ee\/lt\/wp-json\/wp\/v2\/product\/55771\/revisions\/86962"}],"wp:featuredmedia":[{"embeddable":true,"href":"https:\/\/skinstudio.ee\/lt\/wp-json\/wp\/v2\/media\/55772"}],"wp:attachment":[{"href":"https:\/\/skinstudio.ee\/lt\/wp-json\/wp\/v2\/media?parent=55771"}],"wp:term":[{"taxonomy":"pwb-brand","embeddable":true,"href":"https:\/\/skinstudio.ee\/lt\/wp-json\/wp\/v2\/pwb-brand?post=55771"},{"taxonomy":"product_brand","embeddable":true,"href":"https:\/\/skinstudio.ee\/lt\/wp-json\/wp\/v2\/product_brand?post=55771"},{"taxonomy":"product_cat","embeddable":true,"href":"https:\/\/skinstudio.ee\/lt\/wp-json\/wp\/v2\/product_cat?post=55771"},{"taxonomy":"product_tag","embeddable":true,"href":"https:\/\/skinstudio.ee\/lt\/wp-json\/wp\/v2\/product_tag?post=55771"},{"taxonomy":"giftcard-category","embeddable":true,"href":"https:\/\/skinstudio.ee\/lt\/wp-json\/wp\/v2\/giftcard-category?post=55771"}],"curies":[{"name":"wp","href":"https:\/\/api.w.org\/{rel}","templated":true}]}}