{"id":55781,"date":"2023-05-24T17:56:27","date_gmt":"2023-05-24T17:56:27","guid":{"rendered":"https:\/\/skinstudio.ee\/?post_type=product&#038;p=55781"},"modified":"2026-03-19T13:08:33","modified_gmt":"2026-03-19T13:08:33","slug":"youth-serum","status":"publish","type":"product","link":"https:\/\/skinstudio.ee\/lt\/catalog\/is-clinical\/youth-serum\/","title":{"rendered":"Youth Serum"},"content":{"rendered":"<p data-start=\"1545\" data-end=\"1816\"><strong data-start=\"1545\" data-end=\"1576\">Youth Serum nuo iS Clinical<\/strong> yra anti-age serumas su ekstremozimais, skirtas pagerinti odos stangrum\u0105, i\u0161lyginti rauk\u0161les ir suteikti jaunatvi\u0161kesn\u0119, \u0161vytin\u010di\u0105 i\u0161vaizd\u0105. Formul\u0117 sujungia peptidus, antioksidantus ir augimo faktorius, u\u017etikrindama kompleksin\u0119 prie\u017ei\u016br\u0105.<\/p>\n<p data-start=\"1818\" data-end=\"1980\">Serumas i\u0161 karto daro od\u0105 lygesn\u0119 ir stangresn\u0119, gerina tekst\u016br\u0105 ir sulygina odos ton\u0105. Jis padeda suma\u017einti rauk\u0161li\u0173 matomum\u0105 ir palaiko tankesn\u0119 odos strukt\u016br\u0105.<\/p>\n<p data-start=\"1982\" data-end=\"2167\">Formul\u0117 skatina odos atsinaujinim\u0105, stiprina apsaugines funkcijas ir padeda i\u0161laikyti subalansuot\u0105 bei pakelt\u0105 i\u0161vaizd\u0105. Reguliariai naudojant oda tampa lygesn\u0117, stangresn\u0117 ir \u0161vytinti.<\/p>\n<p data-start=\"2169\" data-end=\"2203\"><strong data-start=\"2169\" data-end=\"2203\">Aktyvi\u0173j\u0173 komponent\u0173 poveikis:<\/strong><\/p>\n<ul data-start=\"2205\" data-end=\"2490\">\n<li data-section-id=\"b8qrdj\" data-start=\"2205\" data-end=\"2284\">\n<p data-start=\"2207\" data-end=\"2284\"><strong data-start=\"2207\" data-end=\"2230\">Copper Tripeptide-1<\/strong>: palaiko odos stangrum\u0105 ir ma\u017eina rauk\u0161li\u0173 matomum\u0105<\/p>\n<\/li>\n<li data-section-id=\"11kahen\" data-start=\"2285\" data-end=\"2364\">\n<p data-start=\"2287\" data-end=\"2364\"><strong data-start=\"2287\" data-end=\"2308\">Centella Asiatica<\/strong>: suteikia antioksidacin\u0119 apsaug\u0105 ir gerina odos b\u016bkl\u0119<\/p>\n<\/li>\n<li data-section-id=\"1ju7881\" data-start=\"2365\" data-end=\"2429\">\n<p data-start=\"2367\" data-end=\"2429\"><strong data-start=\"2367\" data-end=\"2383\">Extremozymes<\/strong>: padeda apsaugoti od\u0105 nuo aplinkos veiksni\u0173<\/p>\n<\/li>\n<li data-section-id=\"2h8tps\" data-start=\"2430\" data-end=\"2490\">\n<p data-start=\"2432\" data-end=\"2490\"><strong data-start=\"2432\" data-end=\"2454\">Marine Extremozyme<\/strong>: padeda ma\u017einti sen\u0117jimo po\u017eymius<\/p>\n<\/li>\n<\/ul>\n<p data-start=\"2492\" data-end=\"2565\"><strong data-start=\"2492\" data-end=\"2518\">Kam tinka Youth Serum:<\/strong> vis\u0173 tip\u0173 odai, \u012fskaitant brand\u017ei\u0105 ir jautri\u0105.<\/p>\n<p data-start=\"2567\" data-end=\"2583\"><strong data-start=\"2567\" data-end=\"2577\">T\u016bris:<\/strong> 30 ml<\/p>\n","protected":false},"excerpt":{"rendered":"<p data-start=\"2694\" data-end=\"2710\">Anti-age serumas<\/p>\n<h2 data-start=\"2712\" data-end=\"2749\"><strong data-start=\"2712\" data-end=\"2749\">IS CLINICAL &#8211; Youth Serum Savyb\u0117s<\/strong><\/h2>\n<p data-start=\"2751\" data-end=\"2925\">\u2714\ufe0f I\u0161 karto stangrina ir lygina od\u0105<br data-start=\"2786\" data-end=\"2789\" \/>\u2714\ufe0f Ma\u017eina rauk\u0161li\u0173 matomum\u0105<br data-start=\"2816\" data-end=\"2819\" \/>\u2714\ufe0f Gerina odos tank\u012f ir stangrum\u0105<br data-start=\"2852\" data-end=\"2855\" \/>\u2714\ufe0f Suteikia odai \u0161vyt\u0117jimo ir gaivumo<br data-start=\"2892\" data-end=\"2895\" \/>\u2714\ufe0f Gerina bendr\u0105 odos kokyb\u0119<\/p>\n","protected":false},"featured_media":55782,"template":"","meta":[],"pwb-brand":[1180],"product_brand":[],"product_cat":[738,746,740,750,724,748],"product_tag":[],"giftcard-category":[],"class_list":{"0":"post-55781","1":"product","2":"type-product","3":"status-publish","4":"has-post-thumbnail","6":"pwb-brand-is-clinical","7":"product_cat-drekinimas","8":"product_cat-jautriai-odai","9":"product_cat-sausai-odai","10":"product_cat-senstanti-oda","11":"product_cat-serumai","12":"product_cat-taukainai-adai-lt","14":"first","15":"instock","16":"taxable","17":"shipping-taxable","18":"purchasable","19":"product-type-simple"},"acf":[],"brands":[{"id":1180,"name":"IS CLINICAL","slug":"is-clinical"}],"_links":{"self":[{"href":"https:\/\/skinstudio.ee\/lt\/wp-json\/wp\/v2\/product\/55781","targetHints":{"allow":["GET"]}}],"collection":[{"href":"https:\/\/skinstudio.ee\/lt\/wp-json\/wp\/v2\/product"}],"about":[{"href":"https:\/\/skinstudio.ee\/lt\/wp-json\/wp\/v2\/types\/product"}],"version-history":[{"count":1,"href":"https:\/\/skinstudio.ee\/lt\/wp-json\/wp\/v2\/product\/55781\/revisions"}],"predecessor-version":[{"id":86972,"href":"https:\/\/skinstudio.ee\/lt\/wp-json\/wp\/v2\/product\/55781\/revisions\/86972"}],"wp:featuredmedia":[{"embeddable":true,"href":"https:\/\/skinstudio.ee\/lt\/wp-json\/wp\/v2\/media\/55782"}],"wp:attachment":[{"href":"https:\/\/skinstudio.ee\/lt\/wp-json\/wp\/v2\/media?parent=55781"}],"wp:term":[{"taxonomy":"pwb-brand","embeddable":true,"href":"https:\/\/skinstudio.ee\/lt\/wp-json\/wp\/v2\/pwb-brand?post=55781"},{"taxonomy":"product_brand","embeddable":true,"href":"https:\/\/skinstudio.ee\/lt\/wp-json\/wp\/v2\/product_brand?post=55781"},{"taxonomy":"product_cat","embeddable":true,"href":"https:\/\/skinstudio.ee\/lt\/wp-json\/wp\/v2\/product_cat?post=55781"},{"taxonomy":"product_tag","embeddable":true,"href":"https:\/\/skinstudio.ee\/lt\/wp-json\/wp\/v2\/product_tag?post=55781"},{"taxonomy":"giftcard-category","embeddable":true,"href":"https:\/\/skinstudio.ee\/lt\/wp-json\/wp\/v2\/giftcard-category?post=55781"}],"curies":[{"name":"wp","href":"https:\/\/api.w.org\/{rel}","templated":true}]}}