{"id":55787,"date":"2023-05-24T17:56:26","date_gmt":"2023-05-24T17:56:26","guid":{"rendered":"https:\/\/skinstudio.ee\/?post_type=product&#038;p=55787"},"modified":"2026-03-19T13:21:35","modified_gmt":"2026-03-19T13:21:35","slug":"lip-duo","status":"publish","type":"product","link":"https:\/\/skinstudio.ee\/lt\/catalog\/is-clinical\/lip-duo\/","title":{"rendered":"Lip Duo"},"content":{"rendered":"<p data-start=\"1572\" data-end=\"1859\"><strong data-start=\"1572\" data-end=\"1599\">Lip Duo nuo iS Clinical<\/strong> yra dviej\u0173 etap\u0173 l\u016bp\u0173 prie\u017ei\u016bros rinkinys su anti-age efektu, skirtas \u0161veisti, atkurti ir vizualiai pagerinti l\u016bp\u0173 i\u0161vaizd\u0105. Rinkinys sujungia \u0161veln\u0173 \u0161veitikl\u012f ir intensyviai dr\u0117kinant\u012f eliksyr\u0105, suteikdamas lygesnes, mink\u0161tesnes ir vizualiai putlesnes l\u016bpas.<\/p>\n<p data-start=\"1861\" data-end=\"2028\">Prie\u017ei\u016bra prasideda nuo Lip Polish, kuris \u0161velniai pa\u0161alina negyvas odos l\u0105steles ir i\u0161lygina l\u016bp\u0173 pavir\u0161i\u0173. Jis mink\u0161tina l\u016bpas ir paruo\u0161ia jas tolimesnei prie\u017ei\u016brai.<\/p>\n<p data-start=\"2030\" data-end=\"2198\">Tuomet Youth Lip Elixir intensyviai dr\u0117kina, lygina ir mink\u0161tina l\u016bpas bei padeda joms atrodyti putlesn\u0117ms. Formul\u0117 gerina l\u016bp\u0173 tekst\u016br\u0105 ir suteikia nat\u016bral\u0173 \u0161vyt\u0117jim\u0105.<\/p>\n<p data-start=\"2200\" data-end=\"2329\">Reguliariai naudojant l\u016bpos tampa lygesn\u0117s, labiau sudr\u0117kintos ir vizualiai pilnesn\u0117s, \u012fgauna pri\u017ei\u016br\u0117t\u0105 ir i\u0161rai\u0161king\u0105 i\u0161vaizd\u0105.<\/p>\n<p data-start=\"2331\" data-end=\"2350\"><strong data-start=\"2331\" data-end=\"2350\">Rinkin\u012f sudaro:<\/strong><\/p>\n<ul data-start=\"2352\" data-end=\"2410\">\n<li data-section-id=\"1qp1w6j\" data-start=\"2352\" data-end=\"2377\">\n<p data-start=\"2354\" data-end=\"2377\"><strong data-start=\"2354\" data-end=\"2368\">Lip Polish<\/strong> &#8211; 15 g<\/p>\n<\/li>\n<li data-section-id=\"1l5ojh4\" data-start=\"2378\" data-end=\"2410\">\n<p data-start=\"2380\" data-end=\"2410\"><strong data-start=\"2380\" data-end=\"2400\">Youth Lip Elixir<\/strong> &#8211; 3,5 g<\/p>\n<\/li>\n<\/ul>\n<p data-start=\"2412\" data-end=\"2488\"><strong data-start=\"2412\" data-end=\"2434\">Kam tinka Lip Duo:<\/strong> vis\u0173 tip\u0173 l\u016bpoms, ypa\u010d sausoms ir nelygios tekst\u016bros.<\/p>\n","protected":false},"excerpt":{"rendered":"<p data-start=\"2755\" data-end=\"2788\">Anti-age l\u016bp\u0173 prie\u017ei\u016bros rinkinys<\/p>\n<h2 data-start=\"2790\" data-end=\"2823\"><strong data-start=\"2790\" data-end=\"2823\">IS CLINICAL &#8211; Lip Duo Savyb\u0117s<\/strong><\/h2>\n<p data-start=\"2825\" data-end=\"3027\">\u2714\ufe0f I\u0161 karto lygina ir mink\u0161tina l\u016bpas<br data-start=\"2862\" data-end=\"2865\" \/>\u2714\ufe0f Gerina ir sulygina l\u016bp\u0173 tekst\u016br\u0105<br data-start=\"2900\" data-end=\"2903\" \/>\u2714\ufe0f Intensyviai dr\u0117kina ir ma\u017eina sausum\u0105<br data-start=\"2943\" data-end=\"2946\" \/>\u2714\ufe0f Vizualiai suteikia l\u016bpoms putlumo<br data-start=\"2982\" data-end=\"2985\" \/>\u2714\ufe0f Suteikia l\u016bpoms glotnumo ir \u0161vyt\u0117jimo<\/p>\n","protected":false},"featured_media":63355,"template":"","meta":[],"pwb-brand":[1180],"product_brand":[],"product_cat":[760,720],"product_tag":[],"giftcard-category":[],"class_list":{"0":"post-55787","1":"product","2":"type-product","3":"status-publish","4":"has-post-thumbnail","6":"pwb-brand-is-clinical","7":"product_cat-lupu-prieziura","8":"product_cat-sveitikliai-ir-pilingai","10":"first","11":"instock","12":"taxable","13":"shipping-taxable","14":"purchasable","15":"product-type-simple"},"acf":[],"brands":[{"id":1180,"name":"IS CLINICAL","slug":"is-clinical"}],"_links":{"self":[{"href":"https:\/\/skinstudio.ee\/lt\/wp-json\/wp\/v2\/product\/55787","targetHints":{"allow":["GET"]}}],"collection":[{"href":"https:\/\/skinstudio.ee\/lt\/wp-json\/wp\/v2\/product"}],"about":[{"href":"https:\/\/skinstudio.ee\/lt\/wp-json\/wp\/v2\/types\/product"}],"version-history":[{"count":1,"href":"https:\/\/skinstudio.ee\/lt\/wp-json\/wp\/v2\/product\/55787\/revisions"}],"predecessor-version":[{"id":86983,"href":"https:\/\/skinstudio.ee\/lt\/wp-json\/wp\/v2\/product\/55787\/revisions\/86983"}],"wp:featuredmedia":[{"embeddable":true,"href":"https:\/\/skinstudio.ee\/lt\/wp-json\/wp\/v2\/media\/63355"}],"wp:attachment":[{"href":"https:\/\/skinstudio.ee\/lt\/wp-json\/wp\/v2\/media?parent=55787"}],"wp:term":[{"taxonomy":"pwb-brand","embeddable":true,"href":"https:\/\/skinstudio.ee\/lt\/wp-json\/wp\/v2\/pwb-brand?post=55787"},{"taxonomy":"product_brand","embeddable":true,"href":"https:\/\/skinstudio.ee\/lt\/wp-json\/wp\/v2\/product_brand?post=55787"},{"taxonomy":"product_cat","embeddable":true,"href":"https:\/\/skinstudio.ee\/lt\/wp-json\/wp\/v2\/product_cat?post=55787"},{"taxonomy":"product_tag","embeddable":true,"href":"https:\/\/skinstudio.ee\/lt\/wp-json\/wp\/v2\/product_tag?post=55787"},{"taxonomy":"giftcard-category","embeddable":true,"href":"https:\/\/skinstudio.ee\/lt\/wp-json\/wp\/v2\/giftcard-category?post=55787"}],"curies":[{"name":"wp","href":"https:\/\/api.w.org\/{rel}","templated":true}]}}