{"id":55794,"date":"2023-05-24T17:56:26","date_gmt":"2023-05-24T17:56:26","guid":{"rendered":"https:\/\/skinstudio.ee\/?post_type=product&#038;p=55794"},"modified":"2026-02-18T11:05:30","modified_gmt":"2026-02-18T11:05:30","slug":"cleansing-complex","status":"publish","type":"product","link":"https:\/\/skinstudio.ee\/lt\/catalog\/is-clinical\/cleansing-complex\/","title":{"rendered":"Cleansing Complex"},"content":{"rendered":"<p data-start=\"3962\" data-end=\"4193\"><strong data-start=\"3962\" data-end=\"4000\">Cleansing Complex nuo iS CLINICAL\u00ae<\/strong> &#8211; valomasis gelis, skirtas vis\u0173 tip\u0173 odai nepriklausomai nuo am\u017eiaus. Formul\u0117 u\u017etikrina gil\u0173 valym\u0105 neperd\u017eiovinant, padeda palaikyti odos balans\u0105 ir reguliariai naudojant ma\u017eina akn\u0117s rizik\u0105.<\/p>\n<p data-start=\"4195\" data-end=\"4453\">Produktas efektyviai pa\u0161alina ne\u0161varumus, perteklin\u012f sebum\u0105 ir makia\u017eo liku\u010dius, tuo pa\u010diu \u0161velniai eksfolijuodamas negyvas l\u0105steles ir gerindamas tekst\u016br\u0105. Cleansing Complex yra svarbus \u017eingsnis ruo\u0161iant od\u0105 tolimesnei prie\u017ei\u016brai su iS CLINICAL\u00ae produktais.<\/p>\n<p data-start=\"4455\" data-end=\"4480\"><strong data-start=\"4455\" data-end=\"4480\">Aktyv\u016bs ingredientai:<\/strong><\/p>\n<ul data-start=\"4482\" data-end=\"4780\">\n<li data-start=\"4482\" data-end=\"4595\">\n<p data-start=\"4484\" data-end=\"4595\"><strong data-start=\"4484\" data-end=\"4547\">White Willow Bark Extract (salicilo r\u016bg\u0161ties \u0161altinis) 0.5%<\/strong> &#8211; \u0161velniai valo poras ir skatina eksfoliacij\u0105<\/p>\n<\/li>\n<li data-start=\"4596\" data-end=\"4696\">\n<p data-start=\"4598\" data-end=\"4696\"><strong data-start=\"4598\" data-end=\"4654\">Sugarcane Extract (glikolio r\u016bg\u0161ties \u0161altinis) 0.43%<\/strong> &#8211; skatina atsinaujinim\u0105 ir eksfoliacij\u0105<\/p>\n<\/li>\n<li data-start=\"4697\" data-end=\"4780\">\n<p data-start=\"4699\" data-end=\"4780\"><strong data-start=\"4699\" data-end=\"4725\">Centella Asiatica 0.1%<\/strong> &#8211; antioksidacinis poveikis ir odos atk\u016brimo palaikymas<\/p>\n<\/li>\n<\/ul>\n<p data-start=\"4782\" data-end=\"4807\"><strong data-start=\"4782\" data-end=\"4792\">T\u016bris:<\/strong> 60 ml \/ 180 ml<\/p>\n","protected":false},"excerpt":{"rendered":"<p data-start=\"4943\" data-end=\"4958\">Valomasis gelis<\/p>\n<h2 data-start=\"4960\" data-end=\"5003\"><strong data-start=\"4960\" data-end=\"5003\">IS CLINICAL &#8211; Cleansing Complex Savyb\u0117s<\/strong><\/h2>\n<p data-start=\"5005\" data-end=\"5184\">\u2714\ufe0f Giliai valo poras ir od\u0105<br data-start=\"5032\" data-end=\"5035\" \/>\u2714\ufe0f \u0160velniai eksfolijuoja neperd\u017eiovindamas<br data-start=\"5077\" data-end=\"5080\" \/>\u2714\ufe0f Pa\u0161alina makia\u017e\u0105 ir perteklin\u012f sebum\u0105<br data-start=\"5120\" data-end=\"5123\" \/>\u2714\ufe0f Ma\u017eina u\u017edegimus ir akn\u0117s rizik\u0105<br data-start=\"5158\" data-end=\"5161\" \/>\u2714\ufe0f Tinka vis\u0173 tip\u0173 odai<\/p>\n","protected":false},"featured_media":81686,"template":"","meta":[],"pwb-brand":[1180],"product_brand":[],"product_cat":[742,744,746,740,748,754,718],"product_tag":[],"giftcard-category":[],"class_list":{"0":"post-55794","1":"product","2":"type-product","3":"status-publish","4":"has-post-thumbnail","6":"pwb-brand-is-clinical","7":"product_cat-berimai","8":"product_cat-issipletusios-poros","9":"product_cat-jautriai-odai","10":"product_cat-sausai-odai","11":"product_cat-taukainai-adai-lt","12":"product_cat-travel-size-lt","13":"product_cat-valymas","14":"pa_suurus-180ml-lt","15":"pa_suurus-60ml-lt","17":"first","18":"instock","19":"taxable","20":"shipping-taxable","21":"purchasable","22":"product-type-variable"},"acf":[],"brands":[{"id":1180,"name":"IS CLINICAL","slug":"is-clinical"}],"_links":{"self":[{"href":"https:\/\/skinstudio.ee\/lt\/wp-json\/wp\/v2\/product\/55794","targetHints":{"allow":["GET"]}}],"collection":[{"href":"https:\/\/skinstudio.ee\/lt\/wp-json\/wp\/v2\/product"}],"about":[{"href":"https:\/\/skinstudio.ee\/lt\/wp-json\/wp\/v2\/types\/product"}],"version-history":[{"count":3,"href":"https:\/\/skinstudio.ee\/lt\/wp-json\/wp\/v2\/product\/55794\/revisions"}],"predecessor-version":[{"id":81681,"href":"https:\/\/skinstudio.ee\/lt\/wp-json\/wp\/v2\/product\/55794\/revisions\/81681"}],"wp:featuredmedia":[{"embeddable":true,"href":"https:\/\/skinstudio.ee\/lt\/wp-json\/wp\/v2\/media\/81686"}],"wp:attachment":[{"href":"https:\/\/skinstudio.ee\/lt\/wp-json\/wp\/v2\/media?parent=55794"}],"wp:term":[{"taxonomy":"pwb-brand","embeddable":true,"href":"https:\/\/skinstudio.ee\/lt\/wp-json\/wp\/v2\/pwb-brand?post=55794"},{"taxonomy":"product_brand","embeddable":true,"href":"https:\/\/skinstudio.ee\/lt\/wp-json\/wp\/v2\/product_brand?post=55794"},{"taxonomy":"product_cat","embeddable":true,"href":"https:\/\/skinstudio.ee\/lt\/wp-json\/wp\/v2\/product_cat?post=55794"},{"taxonomy":"product_tag","embeddable":true,"href":"https:\/\/skinstudio.ee\/lt\/wp-json\/wp\/v2\/product_tag?post=55794"},{"taxonomy":"giftcard-category","embeddable":true,"href":"https:\/\/skinstudio.ee\/lt\/wp-json\/wp\/v2\/giftcard-category?post=55794"}],"curies":[{"name":"wp","href":"https:\/\/api.w.org\/{rel}","templated":true}]}}