{"id":55804,"date":"2023-05-24T17:56:26","date_gmt":"2023-05-24T17:56:26","guid":{"rendered":"https:\/\/skinstudio.ee\/?post_type=product&#038;p=55804"},"modified":"2026-03-19T13:16:25","modified_gmt":"2026-03-19T13:16:25","slug":"genexc-serum","status":"publish","type":"product","link":"https:\/\/skinstudio.ee\/lt\/catalog\/is-clinical\/genexc-serum\/","title":{"rendered":"GeneXC Serum"},"content":{"rendered":"<p data-start=\"1782\" data-end=\"2156\"><strong data-start=\"1782\" data-end=\"1814\">GeneXC Serum nuo iS Clinical<\/strong> yra naujos kartos serumas su 20% vitamino C (L-askorbo r\u016bg\u0161tis) ir patentuotu Extremozymes\u00ae kompleksu, kuris padeda skatinti odos atsinaujinim\u0105, stiprina jos apsaugines funkcijas ir suteikia jaunatvi\u0161kesn\u0119, \u0161vytin\u010di\u0105 i\u0161vaizd\u0105. Formul\u0117 sujungia antioksidantus, augalin\u0117s kilm\u0117s fermentus ir vaisi\u0173 r\u016bg\u0161tis, u\u017etikrindama kompleksin\u0119 prie\u017ei\u016br\u0105.<\/p>\n<p data-start=\"2158\" data-end=\"2349\">Serumas i\u0161 karto pagerina odos i\u0161vaizd\u0105, suteikia jai daugiau \u0161vyt\u0117jimo, lygumo ir tolygumo. Jis padeda suma\u017einti odos blankum\u0105, gerina tekst\u016br\u0105 ir vizualiai ma\u017eina smulki\u0173 rauk\u0161li\u0173 matomum\u0105.<\/p>\n<p data-start=\"2351\" data-end=\"2546\">Reguliariai naudojant oda tampa stangresn\u0117, elastingesn\u0117 ir gyvybingesn\u0117. Formul\u0117 palaiko nat\u016bralius odos atsinaujinimo procesus ir padeda i\u0161laikyti sveik\u0105, subalansuot\u0105 bei jaunatvi\u0161k\u0105 i\u0161vaizd\u0105.<\/p>\n<p data-start=\"2548\" data-end=\"2582\"><strong data-start=\"2548\" data-end=\"2582\">Aktyvi\u0173j\u0173 komponent\u0173 poveikis:<\/strong><\/p>\n<ul data-start=\"2584\" data-end=\"2872\">\n<li data-section-id=\"1p1xhph\" data-start=\"2584\" data-end=\"2656\">\n<p data-start=\"2586\" data-end=\"2656\"><strong data-start=\"2586\" data-end=\"2603\">Extremozymes\u00ae<\/strong>: padeda apsaugoti od\u0105 ir palaiko jos atsinaujinim\u0105<\/p>\n<\/li>\n<li data-section-id=\"yomvph\" data-start=\"2657\" data-end=\"2731\">\n<p data-start=\"2659\" data-end=\"2731\"><strong data-start=\"2659\" data-end=\"2698\">Vitaminas C (20% L-askorbo r\u016bg\u0161tis)<\/strong>: \u0161viesina od\u0105 ir sulygina ton\u0105<\/p>\n<\/li>\n<li data-section-id=\"grlfa6\" data-start=\"2732\" data-end=\"2801\">\n<p data-start=\"2734\" data-end=\"2801\"><strong data-start=\"2734\" data-end=\"2758\">Superoxide Dismutase<\/strong>: padeda apsaugoti nuo oksidacinio streso<\/p>\n<\/li>\n<li data-section-id=\"dy73oa\" data-start=\"2802\" data-end=\"2872\">\n<p data-start=\"2804\" data-end=\"2872\"><strong data-start=\"2804\" data-end=\"2828\">Vaisi\u0173 r\u016bg\u0161tys (AHA)<\/strong>: \u0161velniai eksfolijuoja ir gerina tekst\u016br\u0105<\/p>\n<\/li>\n<\/ul>\n<p data-start=\"2874\" data-end=\"2962\"><strong data-start=\"2874\" data-end=\"2901\">Kam tinka GeneXC Serum:<\/strong> vis\u0173 tip\u0173 odai, ypa\u010d blankiai, netolygiai ir brand\u017eiai odai.<\/p>\n<p data-start=\"2964\" data-end=\"2998\"><strong data-start=\"2964\" data-end=\"2974\">T\u016bris:<\/strong> 3,75 ml \/ 15 ml \/ 30 ml<\/p>\n","protected":false},"excerpt":{"rendered":"<p data-start=\"3120\" data-end=\"3175\">Auk\u0161to efektyvumo antioksidacinis serumas su vitaminu C<\/p>\n<h2 data-start=\"3177\" data-end=\"3215\"><strong data-start=\"3177\" data-end=\"3215\">IS CLINICAL &#8211; GeneXC Serum Savyb\u0117s<\/strong><\/h2>\n<p data-start=\"3217\" data-end=\"3434\">\u2714\ufe0f Skatina odos regeneracij\u0105 ir atsinaujinim\u0105<br data-start=\"3262\" data-end=\"3265\" \/>\u2714\ufe0f Padeda i\u0161laikyti odos DNR vientisum\u0105<br data-start=\"3304\" data-end=\"3307\" \/>\u2714\ufe0f Sulygina odos ton\u0105 ir suteikia \u0161vyt\u0117jimo<br data-start=\"3350\" data-end=\"3353\" \/>\u2714\ufe0f Gerina elastingum\u0105 ir stangrum\u0105<br data-start=\"3387\" data-end=\"3390\" \/>\u2714\ufe0f Suteikia stipri\u0105 antioksidacin\u0119 apsaug\u0105<\/p>\n","protected":false},"featured_media":63360,"template":"","meta":[],"pwb-brand":[1180],"product_brand":[],"product_cat":[742,738,744,752,740,750,724,748,730],"product_tag":[],"giftcard-category":[],"class_list":{"0":"post-55804","1":"product","2":"type-product","3":"status-publish","4":"has-post-thumbnail","6":"pwb-brand-is-clinical","7":"product_cat-berimai","8":"product_cat-drekinimas","9":"product_cat-issipletusios-poros","10":"product_cat-pigmentacija-lt","11":"product_cat-sausai-odai","12":"product_cat-senstanti-oda","13":"product_cat-serumai","14":"product_cat-taukainai-adai-lt","15":"product_cat-vitaminas-c","16":"pa_suurus-15ml-lt","17":"pa_suurus-375-ml-lt","18":"pa_suurus-30ml-lt","20":"first","21":"instock","22":"taxable","23":"shipping-taxable","24":"purchasable","25":"product-type-variable"},"acf":[],"brands":[{"id":1180,"name":"IS CLINICAL","slug":"is-clinical"}],"_links":{"self":[{"href":"https:\/\/skinstudio.ee\/lt\/wp-json\/wp\/v2\/product\/55804","targetHints":{"allow":["GET"]}}],"collection":[{"href":"https:\/\/skinstudio.ee\/lt\/wp-json\/wp\/v2\/product"}],"about":[{"href":"https:\/\/skinstudio.ee\/lt\/wp-json\/wp\/v2\/types\/product"}],"version-history":[{"count":1,"href":"https:\/\/skinstudio.ee\/lt\/wp-json\/wp\/v2\/product\/55804\/revisions"}],"predecessor-version":[{"id":86978,"href":"https:\/\/skinstudio.ee\/lt\/wp-json\/wp\/v2\/product\/55804\/revisions\/86978"}],"wp:featuredmedia":[{"embeddable":true,"href":"https:\/\/skinstudio.ee\/lt\/wp-json\/wp\/v2\/media\/63360"}],"wp:attachment":[{"href":"https:\/\/skinstudio.ee\/lt\/wp-json\/wp\/v2\/media?parent=55804"}],"wp:term":[{"taxonomy":"pwb-brand","embeddable":true,"href":"https:\/\/skinstudio.ee\/lt\/wp-json\/wp\/v2\/pwb-brand?post=55804"},{"taxonomy":"product_brand","embeddable":true,"href":"https:\/\/skinstudio.ee\/lt\/wp-json\/wp\/v2\/product_brand?post=55804"},{"taxonomy":"product_cat","embeddable":true,"href":"https:\/\/skinstudio.ee\/lt\/wp-json\/wp\/v2\/product_cat?post=55804"},{"taxonomy":"product_tag","embeddable":true,"href":"https:\/\/skinstudio.ee\/lt\/wp-json\/wp\/v2\/product_tag?post=55804"},{"taxonomy":"giftcard-category","embeddable":true,"href":"https:\/\/skinstudio.ee\/lt\/wp-json\/wp\/v2\/giftcard-category?post=55804"}],"curies":[{"name":"wp","href":"https:\/\/api.w.org\/{rel}","templated":true}]}}