{"id":55813,"date":"2025-10-03T12:30:15","date_gmt":"2025-10-03T12:30:15","guid":{"rendered":"https:\/\/skinstudio.ee\/?post_type=product&#038;p=55813"},"modified":"2026-02-23T12:52:37","modified_gmt":"2026-02-23T12:52:37","slug":"advanced-pro-collagen-peptide-cream","status":"publish","type":"product","link":"https:\/\/skinstudio.ee\/lt\/catalog\/medik8\/advanced-pro-collagen-peptide-cream\/","title":{"rendered":"Advanced Pro-Collagen+ Peptide Cream"},"content":{"rendered":"<p data-start=\"1614\" data-end=\"1848\"><strong data-start=\"1621\" data-end=\"1661\">Advanced Pro-Collagen+ Peptide Cream<\/strong> \u2013 inovatyvus naujos kartos dr\u0117kinamasis kremas, sukurtas odos stangrumui ir elastingumui atkurti. Jo lengva tekst\u016bra suteikia komfort\u0105, akimirksniu dr\u0117kina ir gr\u0105\u017eina odai elastingum\u0105.<\/p>\n<p data-start=\"1850\" data-end=\"1892\">Kremo formul\u0117 veikia keliomis kryptimis:<\/p>\n<p data-start=\"1894\" data-end=\"2254\"><strong data-start=\"1894\" data-end=\"1923\">Growth Factor MiniProtein<\/strong> skatina kolageno gamyb\u0105 ir suma\u017eina gili\u0173 rauk\u0161li\u0173 matomum\u0105.<br data-start=\"1984\" data-end=\"1987\" \/>Unikalus peptidas atkuria odos strukt\u016br\u0105 ir padeda i\u0161vengti nauj\u0173 rauk\u0161li\u0173 susidarymo.<br data-start=\"2073\" data-end=\"2076\" \/>Aktyv\u016bs komponentai gerina odos stangrum\u0105 ir tank\u012f, formuoja labiau pakelt\u0105 ir i\u0161rai\u0161king\u0105 veido kont\u016br\u0105.<br data-start=\"2181\" data-end=\"2184\" \/>Intensyvus dr\u0117kinimas suteikia odai \u0161velnumo, glotnumo ir spindesio.<\/p>\n<p data-start=\"2256\" data-end=\"2274\"><strong data-start=\"2256\" data-end=\"2266\">T\u016bris:<\/strong> 12,5 ml \/ 50 ml<\/p>\n","protected":false},"excerpt":{"rendered":"<p data-start=\"2493\" data-end=\"2542\">Inovatyvus kremas odos stangrumui ir spindesiui<\/p>\n<h2 data-start=\"2544\" data-end=\"2917\"><strong data-start=\"2544\" data-end=\"2601\">Medik8 &#8211; Advanced Pro-Collagen+ Peptide Cream savyb\u0117s<\/strong><\/h2>\n<p data-start=\"2544\" data-end=\"2917\">\u2714\ufe0f Matomai suma\u017eina gilias rauk\u0161les ir apsaugo nuo nauj\u0173 atsiradimo<br data-start=\"2671\" data-end=\"2674\" \/>\u2714\ufe0f Aktyvina kolageno sintez\u0119 ir stiprina odos strukt\u016br\u0105<br data-start=\"2729\" data-end=\"2732\" \/>\u2714\ufe0f Padaro od\u0105 stangresn\u0119, tankesn\u0119 ir elastingesn\u0119<br data-start=\"2782\" data-end=\"2785\" \/>\u2714\ufe0f Atkuria ry\u0161kius veido kont\u016brus<br data-start=\"2818\" data-end=\"2821\" \/>\u2714\ufe0f Suteikia ilgalaik\u012f dr\u0117kinim\u0105 ir komfort\u0105<\/p>\n<p data-start=\"2544\" data-end=\"2917\"><span style=\"text-decoration: underline; color: #0000ff;\"><a style=\"color: #0000ff; text-decoration: underline;\" href=\"https:\/\/skinstudio.ee\/lt\/catalog\/medik8\/advanced-pro-collagen-peptide-cream-refill\/\">Galimas Advanced Pro-Collagen+ Peptide Cream Refill<\/a><\/span><\/p>\n","protected":false},"featured_media":62641,"template":"","meta":[],"pwb-brand":[1206],"product_brand":[],"product_cat":[738,750,754],"product_tag":[],"giftcard-category":[],"class_list":{"0":"post-55813","1":"product","2":"type-product","3":"status-publish","4":"has-post-thumbnail","6":"pwb-brand-medik8","7":"product_cat-drekinimas","8":"product_cat-senstanti-oda","9":"product_cat-travel-size-lt","10":"pa_suurus-12-5ml-lt","11":"pa_suurus-50ml-lt","13":"first","14":"instock","15":"taxable","16":"shipping-taxable","17":"purchasable","18":"product-type-variable"},"acf":[],"brands":[{"id":1206,"name":"Medik8","slug":"medik8"}],"_links":{"self":[{"href":"https:\/\/skinstudio.ee\/lt\/wp-json\/wp\/v2\/product\/55813","targetHints":{"allow":["GET"]}}],"collection":[{"href":"https:\/\/skinstudio.ee\/lt\/wp-json\/wp\/v2\/product"}],"about":[{"href":"https:\/\/skinstudio.ee\/lt\/wp-json\/wp\/v2\/types\/product"}],"version-history":[{"count":2,"href":"https:\/\/skinstudio.ee\/lt\/wp-json\/wp\/v2\/product\/55813\/revisions"}],"predecessor-version":[{"id":82936,"href":"https:\/\/skinstudio.ee\/lt\/wp-json\/wp\/v2\/product\/55813\/revisions\/82936"}],"wp:featuredmedia":[{"embeddable":true,"href":"https:\/\/skinstudio.ee\/lt\/wp-json\/wp\/v2\/media\/62641"}],"wp:attachment":[{"href":"https:\/\/skinstudio.ee\/lt\/wp-json\/wp\/v2\/media?parent=55813"}],"wp:term":[{"taxonomy":"pwb-brand","embeddable":true,"href":"https:\/\/skinstudio.ee\/lt\/wp-json\/wp\/v2\/pwb-brand?post=55813"},{"taxonomy":"product_brand","embeddable":true,"href":"https:\/\/skinstudio.ee\/lt\/wp-json\/wp\/v2\/product_brand?post=55813"},{"taxonomy":"product_cat","embeddable":true,"href":"https:\/\/skinstudio.ee\/lt\/wp-json\/wp\/v2\/product_cat?post=55813"},{"taxonomy":"product_tag","embeddable":true,"href":"https:\/\/skinstudio.ee\/lt\/wp-json\/wp\/v2\/product_tag?post=55813"},{"taxonomy":"giftcard-category","embeddable":true,"href":"https:\/\/skinstudio.ee\/lt\/wp-json\/wp\/v2\/giftcard-category?post=55813"}],"curies":[{"name":"wp","href":"https:\/\/api.w.org\/{rel}","templated":true}]}}