{"id":55822,"date":"2025-10-03T10:28:08","date_gmt":"2025-10-03T10:28:08","guid":{"rendered":"https:\/\/skinstudio.ee\/?post_type=product&#038;p=55822"},"modified":"2025-12-29T09:39:19","modified_gmt":"2025-12-29T09:39:19","slug":"luminous-lift","status":"publish","type":"product","link":"https:\/\/skinstudio.ee\/lt\/catalog\/medik8\/luminous-lift\/","title":{"rendered":"Luminous Lift"},"content":{"rendered":"<p data-start=\"1805\" data-end=\"2046\">\u0160vytin\u010diai ir sveikai odai rinkinys <strong data-start=\"1848\" data-end=\"1865\">Luminous Lift<\/strong> yra idealus sprendimas. \u0160is duetas sujungia \u0161veln\u0173 \u0161veitim\u0105 ir gil\u0173 dr\u0117kinim\u0105, padedant i\u0161lyginti odos tekst\u016br\u0105, suma\u017einti smulkias rauk\u0161leles ir sugr\u0105\u017einti gaivum\u0105 bei spindes\u012f.<\/p>\n<p data-start=\"2048\" data-end=\"2085\">\u2728 <strong data-start=\"2050\" data-end=\"2083\">Kas daro \u0161\u012f rinkin\u012f ypatingu:<\/strong><\/p>\n<p data-start=\"2087\" data-end=\"2607\"><strong data-start=\"2087\" data-end=\"2103\">Press &amp; Glow<\/strong> su PHA r\u016bg\u0161timis \u0161velniai pa\u0161alina negyvas odos l\u0105steles ir atnaujina od\u0105, pa\u0161alindamas ne\u0161varumus ir suteikdamas tolygesn\u012f, gaivesn\u012f atspalv\u012f be sudirginimo.<br data-start=\"2262\" data-end=\"2265\" \/><strong data-start=\"2265\" data-end=\"2284\">Liquid Peptides<\/strong> u\u017etikrina intensyv\u0173 dr\u0117kinim\u0105 ir elastingum\u0105 \u2013 30% peptid\u0173 kompleksas padeda i\u0161lyginti rauk\u0161les, palaikyti odos stangrum\u0105 ir gr\u0105\u017einti jaunatvi\u0161k\u0105 i\u0161vaizd\u0105.<br data-start=\"2440\" data-end=\"2443\" \/>Kartu \u0161ios priemon\u0117s veikia darniai: tonikas \u0161velniai atnaujina od\u0105, o serumas giliai dr\u0117kina ir atkuria, suteikdamas glotnios, \u0161vytin\u010dios ir sveikos odos efekt\u0105.<\/p>\n<p data-start=\"2609\" data-end=\"2671\"><strong data-start=\"2609\" data-end=\"2619\">T\u016bris:<\/strong><br data-start=\"2619\" data-end=\"2622\" \/>Liquid Peptides \u2013 30 ml<br data-start=\"2645\" data-end=\"2648\" \/>Press &amp; Glow \u2013 200 ml<\/p>\n","protected":false},"excerpt":{"rendered":"<p data-start=\"3169\" data-end=\"3220\">\u0160viesinamasis duetas odos glotnumui ir spindesiui<\/p>\n<h2 data-start=\"3222\" data-end=\"3319\"><strong data-start=\"3222\" data-end=\"3261\">Medik8 &#8211; Luminous Lift sud\u0117tyje yra<\/strong><\/h2>\n<p data-start=\"3222\" data-end=\"3319\">\u2714\ufe0f Liquid Peptides \u2013 30 ml<br data-start=\"3290\" data-end=\"3293\" \/>\u2714\ufe0f Press &amp; Glow \u2013 200 ml<\/p>\n","protected":false},"featured_media":62651,"template":"","meta":[],"pwb-brand":[1206],"product_brand":[],"product_cat":[765,756],"product_tag":[],"giftcard-category":[],"class_list":{"0":"post-55822","1":"product","2":"type-product","3":"status-publish","4":"has-post-thumbnail","6":"pwb-brand-medik8","7":"product_cat-dovanos-ideja","8":"product_cat-rinkiniai","10":"first","11":"instock","12":"sale","13":"taxable","14":"shipping-taxable","15":"purchasable","16":"product-type-simple"},"acf":[],"brands":[{"id":1206,"name":"Medik8","slug":"medik8"}],"_links":{"self":[{"href":"https:\/\/skinstudio.ee\/lt\/wp-json\/wp\/v2\/product\/55822","targetHints":{"allow":["GET"]}}],"collection":[{"href":"https:\/\/skinstudio.ee\/lt\/wp-json\/wp\/v2\/product"}],"about":[{"href":"https:\/\/skinstudio.ee\/lt\/wp-json\/wp\/v2\/types\/product"}],"version-history":[{"count":0,"href":"https:\/\/skinstudio.ee\/lt\/wp-json\/wp\/v2\/product\/55822\/revisions"}],"wp:featuredmedia":[{"embeddable":true,"href":"https:\/\/skinstudio.ee\/lt\/wp-json\/wp\/v2\/media\/62651"}],"wp:attachment":[{"href":"https:\/\/skinstudio.ee\/lt\/wp-json\/wp\/v2\/media?parent=55822"}],"wp:term":[{"taxonomy":"pwb-brand","embeddable":true,"href":"https:\/\/skinstudio.ee\/lt\/wp-json\/wp\/v2\/pwb-brand?post=55822"},{"taxonomy":"product_brand","embeddable":true,"href":"https:\/\/skinstudio.ee\/lt\/wp-json\/wp\/v2\/product_brand?post=55822"},{"taxonomy":"product_cat","embeddable":true,"href":"https:\/\/skinstudio.ee\/lt\/wp-json\/wp\/v2\/product_cat?post=55822"},{"taxonomy":"product_tag","embeddable":true,"href":"https:\/\/skinstudio.ee\/lt\/wp-json\/wp\/v2\/product_tag?post=55822"},{"taxonomy":"giftcard-category","embeddable":true,"href":"https:\/\/skinstudio.ee\/lt\/wp-json\/wp\/v2\/giftcard-category?post=55822"}],"curies":[{"name":"wp","href":"https:\/\/api.w.org\/{rel}","templated":true}]}}