{"id":55826,"date":"2025-10-03T10:21:30","date_gmt":"2025-10-03T10:21:30","guid":{"rendered":"https:\/\/skinstudio.ee\/?post_type=product&#038;p=55826"},"modified":"2025-12-29T09:39:20","modified_gmt":"2025-12-29T09:39:20","slug":"retinal-rewind","status":"publish","type":"product","link":"https:\/\/skinstudio.ee\/lt\/catalog\/medik8\/retinal-rewind\/","title":{"rendered":"Retinal Rewind"},"content":{"rendered":"<p data-start=\"1967\" data-end=\"2187\"><strong data-start=\"1974\" data-end=\"1992\">Retinal Rewind<\/strong> \u2013 kultinis duetas su vitaminu A, sukurtas visapusi\u0161kam odos atnaujinimui. Rinkinyje yra veido serumas <strong data-start=\"2095\" data-end=\"2116\">Crystal Retinal 3<\/strong> ir speciali formul\u0117 aki\u0173 sri\u010diai <strong data-start=\"2150\" data-end=\"2184\">Crystal Retinal Ceramide Eye 3<\/strong>.<\/p>\n<p data-start=\"2189\" data-end=\"2226\">\u2728 <strong data-start=\"2191\" data-end=\"2224\">Kas daro \u0161\u012f rinkin\u012f ypatingu:<\/strong><\/p>\n<p data-start=\"2228\" data-end=\"2848\"><strong data-start=\"2228\" data-end=\"2249\">Crystal Retinal 3<\/strong> aktyvina odos atsinaujinimo procesus, pastebimai i\u0161lygina tekst\u016br\u0105, suma\u017eina smulkias rauk\u0161leles ir suteikia veidui stangresn\u012f, gaivesn\u012f bei \u0161vytint\u012f vaizd\u0105.<br data-start=\"2407\" data-end=\"2410\" \/><strong data-start=\"2410\" data-end=\"2444\">Crystal Retinal Ceramide Eye 3<\/strong> \u0161velniai veikia jautri\u0105 paaki\u0173 od\u0105 \u2013 stiprina j\u0105, i\u0161lygina rauk\u0161les ir ma\u017eina pirmuosius nuovargio po\u017eymius.<br data-start=\"2553\" data-end=\"2556\" \/><strong data-start=\"2556\" data-end=\"2566\">Medik8<\/strong> patentuota stabilumo sistema u\u017etikrina maksimali\u0105 retinalio veikli\u0173j\u0173 med\u017eiag\u0173 aktyvum\u0105, suteikdama matom\u0105 ir ilgalaik\u012f rezultat\u0105.<br data-start=\"2697\" data-end=\"2700\" \/>Kartu \u0161ios priemon\u0117s veikia kaip visavert\u0117 prie\u0161rauk\u0161lin\u0117 programa \u2013 stiprina od\u0105, daro j\u0105 tankesn\u0119 ir \u0161vytin\u010di\u0105, gr\u0105\u017eina gaivum\u0105 bei pusiausvyr\u0105.<\/p>\n<p data-start=\"2850\" data-end=\"2931\"><strong data-start=\"2850\" data-end=\"2860\">T\u016bris:<\/strong><br data-start=\"2860\" data-end=\"2863\" \/>Crystal Retinal 3 \u2013 30 ml<br data-start=\"2888\" data-end=\"2891\" \/>Crystal Retinal Ceramide Eye 3 \u2013 15 ml<\/p>\n","protected":false},"excerpt":{"rendered":"<p data-start=\"3511\" data-end=\"3564\">Duetas su retinaliu odos atnaujinimui ir stangrumui<\/p>\n<h2 data-start=\"3566\" data-end=\"3683\"><strong data-start=\"3566\" data-end=\"3606\">Medik8 &#8211; Retinal Rewind sud\u0117tyje yra<\/strong><\/h2>\n<p data-start=\"3566\" data-end=\"3683\">\u2714\ufe0f Crystal Retinal 3 \u2013 30 ml<br data-start=\"3637\" data-end=\"3640\" \/>\u2714\ufe0f Crystal Retinal Ceramide Eye 3 \u2013 15 ml<\/p>\n","protected":false},"featured_media":62656,"template":"","meta":[],"pwb-brand":[1206],"product_brand":[],"product_cat":[765,756],"product_tag":[],"giftcard-category":[],"class_list":{"0":"post-55826","1":"product","2":"type-product","3":"status-publish","4":"has-post-thumbnail","6":"pwb-brand-medik8","7":"product_cat-dovanu-ideja","8":"product_cat-rinkinys","10":"first","11":"instock","12":"sale","13":"taxable","14":"shipping-taxable","15":"purchasable","16":"product-type-simple"},"acf":[],"brands":[{"id":1206,"name":"Medik8","slug":"medik8"}],"_links":{"self":[{"href":"https:\/\/skinstudio.ee\/lt\/wp-json\/wp\/v2\/product\/55826","targetHints":{"allow":["GET"]}}],"collection":[{"href":"https:\/\/skinstudio.ee\/lt\/wp-json\/wp\/v2\/product"}],"about":[{"href":"https:\/\/skinstudio.ee\/lt\/wp-json\/wp\/v2\/types\/product"}],"version-history":[{"count":0,"href":"https:\/\/skinstudio.ee\/lt\/wp-json\/wp\/v2\/product\/55826\/revisions"}],"wp:featuredmedia":[{"embeddable":true,"href":"https:\/\/skinstudio.ee\/lt\/wp-json\/wp\/v2\/media\/62656"}],"wp:attachment":[{"href":"https:\/\/skinstudio.ee\/lt\/wp-json\/wp\/v2\/media?parent=55826"}],"wp:term":[{"taxonomy":"pwb-brand","embeddable":true,"href":"https:\/\/skinstudio.ee\/lt\/wp-json\/wp\/v2\/pwb-brand?post=55826"},{"taxonomy":"product_brand","embeddable":true,"href":"https:\/\/skinstudio.ee\/lt\/wp-json\/wp\/v2\/product_brand?post=55826"},{"taxonomy":"product_cat","embeddable":true,"href":"https:\/\/skinstudio.ee\/lt\/wp-json\/wp\/v2\/product_cat?post=55826"},{"taxonomy":"product_tag","embeddable":true,"href":"https:\/\/skinstudio.ee\/lt\/wp-json\/wp\/v2\/product_tag?post=55826"},{"taxonomy":"giftcard-category","embeddable":true,"href":"https:\/\/skinstudio.ee\/lt\/wp-json\/wp\/v2\/giftcard-category?post=55826"}],"curies":[{"name":"wp","href":"https:\/\/api.w.org\/{rel}","templated":true}]}}