{"id":55842,"date":"2025-04-09T11:33:53","date_gmt":"2025-04-09T11:33:53","guid":{"rendered":"https:\/\/skinstudio.ee\/?post_type=product&#038;p=55842"},"modified":"2025-12-29T09:39:16","modified_gmt":"2025-12-29T09:39:16","slug":"c-tetra-advanced","status":"publish","type":"product","link":"https:\/\/skinstudio.ee\/lt\/catalog\/medik8\/c-tetra-advanced\/","title":{"rendered":"C-Tetra Advanced"},"content":{"rendered":"<p data-start=\"1682\" data-end=\"1903\">C-Tetra Advanced \u2013 tai inovatyvus naujos kartos prie\u0161rauk\u0161linis serumas su 20% stabilios vitamino C formos koncentracija, sukurtas atkurti odos spindes\u012f, i\u0161lyginti atspalv\u012f ir apsaugoti nuo kasdienio oksidacinio streso.<\/p>\n<p data-start=\"1905\" data-end=\"2267\">Lengvos, kremin\u0117s konsistencijos serumas akimirksniu susigeria, nepalikdamas lipnumo poj\u016b\u010dio, ir suteikia odai gaivumo bei dr\u0117gm\u0117s. Formul\u0117, papildyta lipidin\u0117je faz\u0117je tirpiu tetrahheksildecil askorbatu \u2013 viena stabiliausi\u0173 vitamino C form\u0173 \u2013 bei vitaminais E ir F, padeda neutralizuoti laisvuosius radikalus, stiprina odos barjer\u0105 ir skatina kolageno gamyb\u0105.<\/p>\n<p data-start=\"2269\" data-end=\"2502\">Reguliariai naudojant, serumas pagerina odos tekst\u016br\u0105 ir elastingum\u0105, suteikia jai sveik\u0105, tolyg\u0173 ir \u0161vytint\u012f atspalv\u012f. Jau po keli\u0173 kart\u0173 oda tampa stangresn\u0117, lygesn\u0117 ir labiau sudr\u0117kinta, \u012fgauna stipresn\u0119 antioksidacin\u0119 apsaug\u0105.<\/p>\n<p data-start=\"2504\" data-end=\"2522\"><strong data-start=\"2504\" data-end=\"2514\">T\u016bris:<\/strong> 30 ml<\/p>\n","protected":false},"excerpt":{"rendered":"<p data-start=\"2714\" data-end=\"2765\">Lengvas prie\u0161rauk\u0161linis serumas su 20% vitaminu C<\/p>\n<h2 data-start=\"2767\" data-end=\"2996\"><strong data-start=\"2767\" data-end=\"2804\">MEDIK8 &#8211; C-Tetra Advanced Savyb\u0117s<\/strong><\/h2>\n<p data-start=\"2767\" data-end=\"2996\">\u2714\ufe0f Tinka vis\u0173 tip\u0173 odai<br data-start=\"2830\" data-end=\"2833\" \/>\u2714\ufe0f Lengva kremin\u0117 tekst\u016bra greitai \u012fsigeria<br data-start=\"2876\" data-end=\"2879\" \/>\u2714\ufe0f Palieka od\u0105 gaivi\u0105 ir \u0161velni\u0105<br data-start=\"2911\" data-end=\"2914\" \/>\u2714\ufe0f Dr\u0117kina, stiprina ir apsaugo od\u0105<br data-start=\"2949\" data-end=\"2952\" \/>\u2714\ufe0f I\u0161lygina atspalv\u012f ir suteikia \u0161vyt\u0117jimo<\/p>\n","protected":false},"featured_media":62676,"template":"","meta":[],"pwb-brand":[1206],"product_brand":[],"product_cat":[724,730],"product_tag":[],"giftcard-category":[],"class_list":{"0":"post-55842","1":"product","2":"type-product","3":"status-publish","4":"has-post-thumbnail","6":"pwb-brand-medik8","7":"product_cat-serumai","8":"product_cat-vitaminas-c","10":"first","11":"instock","12":"taxable","13":"shipping-taxable","14":"purchasable","15":"product-type-simple"},"acf":[],"brands":[{"id":1206,"name":"Medik8","slug":"medik8"}],"_links":{"self":[{"href":"https:\/\/skinstudio.ee\/lt\/wp-json\/wp\/v2\/product\/55842","targetHints":{"allow":["GET"]}}],"collection":[{"href":"https:\/\/skinstudio.ee\/lt\/wp-json\/wp\/v2\/product"}],"about":[{"href":"https:\/\/skinstudio.ee\/lt\/wp-json\/wp\/v2\/types\/product"}],"version-history":[{"count":0,"href":"https:\/\/skinstudio.ee\/lt\/wp-json\/wp\/v2\/product\/55842\/revisions"}],"wp:featuredmedia":[{"embeddable":true,"href":"https:\/\/skinstudio.ee\/lt\/wp-json\/wp\/v2\/media\/62676"}],"wp:attachment":[{"href":"https:\/\/skinstudio.ee\/lt\/wp-json\/wp\/v2\/media?parent=55842"}],"wp:term":[{"taxonomy":"pwb-brand","embeddable":true,"href":"https:\/\/skinstudio.ee\/lt\/wp-json\/wp\/v2\/pwb-brand?post=55842"},{"taxonomy":"product_brand","embeddable":true,"href":"https:\/\/skinstudio.ee\/lt\/wp-json\/wp\/v2\/product_brand?post=55842"},{"taxonomy":"product_cat","embeddable":true,"href":"https:\/\/skinstudio.ee\/lt\/wp-json\/wp\/v2\/product_cat?post=55842"},{"taxonomy":"product_tag","embeddable":true,"href":"https:\/\/skinstudio.ee\/lt\/wp-json\/wp\/v2\/product_tag?post=55842"},{"taxonomy":"giftcard-category","embeddable":true,"href":"https:\/\/skinstudio.ee\/lt\/wp-json\/wp\/v2\/giftcard-category?post=55842"}],"curies":[{"name":"wp","href":"https:\/\/api.w.org\/{rel}","templated":true}]}}