{"id":55846,"date":"2025-03-15T10:15:39","date_gmt":"2025-03-15T10:15:39","guid":{"rendered":"https:\/\/skinstudio.ee\/?post_type=product&#038;p=55846"},"modified":"2025-12-29T09:39:15","modified_gmt":"2025-12-29T09:39:15","slug":"advanced-day-ultimate-protect-spf-50","status":"publish","type":"product","link":"https:\/\/skinstudio.ee\/lt\/catalog\/medik8\/advanced-day-ultimate-protect-spf-50\/","title":{"rendered":"Advanced Day Ultimate Protect SPF 50"},"content":{"rendered":"<p data-start=\"1727\" data-end=\"2345\"><strong data-start=\"1734\" data-end=\"1793\">Kasdienis dr\u0117kinamasis dieninis kremas su SPF50+ PA++++<\/strong>, padedantis apsaugoti od\u0105 nuo kenksming\u0173 UVA\/UVB spinduli\u0173, m\u0117lynosios ir infraraudonosios \u0161viesos, glikacijos ir tar\u0161os.<br data-start=\"1915\" data-end=\"1918\" \/>Naujos kartos DNR atk\u016brimo fermentai palaiko nat\u016bralius odos regeneracijos procesus po UV spinduliuot\u0117s poveikio. Nematomas 360\u00b0 ekologinis skydas padeda apsaugoti od\u0105 nuo i\u0161orini\u0173 veiksni\u0173.<br data-start=\"2108\" data-end=\"2111\" \/>\u0160is dr\u0117kinamasis kremas, praturtintas skirtingos molekulin\u0117s mas\u0117s hialurono r\u016bg\u0161timi ir maitinan\u010diu skvalanu, skirtas odos apsaugai ir dr\u0117kinimui. Be to, jis padeda kovoti su prie\u0161laikinio sen\u0117jimo po\u017eymiais, kuriuos sukelia saul\u0117.<\/p>\n<p data-start=\"2347\" data-end=\"2365\"><strong data-start=\"2347\" data-end=\"2357\">T\u016bris:<\/strong> 50 ml<\/p>\n","protected":false},"excerpt":{"rendered":"<p data-start=\"2825\" data-end=\"2875\">Kasdienis dr\u0117kinamasis dieninis kremas su SPF50+<\/p>\n<h2 data-start=\"2877\" data-end=\"3264\"><strong data-start=\"2877\" data-end=\"2934\">Medik8 &#8211; Advanced Day Ultimate Protect SPF 50 savyb\u0117s<\/strong><\/h2>\n<p data-start=\"2877\" data-end=\"3264\">\u2714\ufe0f Maksimali plataus spektro apsauga SPF 50+ nuo UVA\/UVB<br data-start=\"2993\" data-end=\"2996\" \/>\u2714\ufe0f Padeda i\u0161vengti fotosen\u0117jimo ir pigmentacijos<br data-start=\"3044\" data-end=\"3047\" \/>\u2714\ufe0f Praturtintas galingais antioksidantais laisv\u0173j\u0173 radikal\u0173 neutralizavimui<br data-start=\"3122\" data-end=\"3125\" \/>\u2714\ufe0f Dr\u0117kina od\u0105 ir u\u017etikrina komfort\u0105 visos dienos metu<br data-start=\"3179\" data-end=\"3182\" \/>\u2714\ufe0f Lengvos tekst\u016bros, be riebaus blizgesio, puikiai tinka kaip makia\u017eo pagrindas<\/p>\n","protected":false},"featured_media":29304,"template":"","meta":[],"pwb-brand":[1206],"product_brand":[],"product_cat":[732],"product_tag":[],"giftcard-category":[],"class_list":{"0":"post-55846","1":"product","2":"type-product","3":"status-publish","4":"has-post-thumbnail","6":"pwb-brand-medik8","7":"product_cat-spf-apsauga","9":"first","10":"instock","11":"taxable","12":"shipping-taxable","13":"purchasable","14":"product-type-simple"},"acf":[],"brands":[{"id":1206,"name":"Medik8","slug":"medik8"}],"_links":{"self":[{"href":"https:\/\/skinstudio.ee\/lt\/wp-json\/wp\/v2\/product\/55846","targetHints":{"allow":["GET"]}}],"collection":[{"href":"https:\/\/skinstudio.ee\/lt\/wp-json\/wp\/v2\/product"}],"about":[{"href":"https:\/\/skinstudio.ee\/lt\/wp-json\/wp\/v2\/types\/product"}],"version-history":[{"count":0,"href":"https:\/\/skinstudio.ee\/lt\/wp-json\/wp\/v2\/product\/55846\/revisions"}],"wp:featuredmedia":[{"embeddable":true,"href":"https:\/\/skinstudio.ee\/lt\/wp-json\/wp\/v2\/media\/29304"}],"wp:attachment":[{"href":"https:\/\/skinstudio.ee\/lt\/wp-json\/wp\/v2\/media?parent=55846"}],"wp:term":[{"taxonomy":"pwb-brand","embeddable":true,"href":"https:\/\/skinstudio.ee\/lt\/wp-json\/wp\/v2\/pwb-brand?post=55846"},{"taxonomy":"product_brand","embeddable":true,"href":"https:\/\/skinstudio.ee\/lt\/wp-json\/wp\/v2\/product_brand?post=55846"},{"taxonomy":"product_cat","embeddable":true,"href":"https:\/\/skinstudio.ee\/lt\/wp-json\/wp\/v2\/product_cat?post=55846"},{"taxonomy":"product_tag","embeddable":true,"href":"https:\/\/skinstudio.ee\/lt\/wp-json\/wp\/v2\/product_tag?post=55846"},{"taxonomy":"giftcard-category","embeddable":true,"href":"https:\/\/skinstudio.ee\/lt\/wp-json\/wp\/v2\/giftcard-category?post=55846"}],"curies":[{"name":"wp","href":"https:\/\/api.w.org\/{rel}","templated":true}]}}