{"id":55854,"date":"2025-02-06T11:25:42","date_gmt":"2025-02-06T11:25:42","guid":{"rendered":"https:\/\/skinstudio.ee\/?post_type=product&#038;p=55854"},"modified":"2025-10-25T10:08:22","modified_gmt":"2025-10-25T10:08:22","slug":"liquid-peptides-advanced-mp","status":"publish","type":"product","link":"https:\/\/skinstudio.ee\/lt\/catalog\/medik8\/liquid-peptides-advanced-mp\/","title":{"rendered":"Liquid Peptides Advanced MP"},"content":{"rendered":"<p data-start=\"1544\" data-end=\"1892\"><strong data-start=\"1551\" data-end=\"1602\">Liquid Peptides Advanced MP: Dual MiniProteins\u2122<\/strong> \u2013 revoliucin\u0117 biotechnologija, naujai apibr\u0117\u017eianti rauk\u0161li\u0173 ma\u017einimo proces\u0105. Klini\u0161kai \u012frodyta, kad serumas suma\u017eina mimikos rauk\u0161li\u0173 matomum\u0105 per 10 minu\u010di\u0173 ir \u017eymiai suma\u017eina gilias rauk\u0161les per 8 savaites. \u0160is pa\u017eangus produktas sujungia farmacin\u012f tikslum\u0105 su galinga peptid\u0173 mokslu.<\/p>\n<p data-start=\"1894\" data-end=\"2290\">Suteikdamas efekt\u0105, pana\u0161\u0173 \u012f u\u017epild\u0173 veikim\u0105, naujausia inovacija veikia rauk\u0161les j\u0173 susidarymo vietoje. <strong data-start=\"1999\" data-end=\"2031\">Expression Line MiniProtein\u2122<\/strong> padeda atpalaiduoti ir i\u0161lyginti dinami\u0161kas mimikos rauk\u0161les, ma\u017eindamas j\u0173 gyl\u012f. <strong data-start=\"2114\" data-end=\"2144\">Growth Factor MiniProtein\u2122<\/strong> pagerina odos strukt\u016br\u0105, palaikydamas kolageno, elastino ir hialurono r\u016bg\u0161ties lyg\u012f, tod\u0117l oda tampa glotnesn\u0117 ir stangresn\u0117 su kiekvienu la\u0161u.<\/p>\n<p data-start=\"2292\" data-end=\"2310\"><strong data-start=\"2292\" data-end=\"2302\">T\u016bris:<\/strong> 30 ml<\/p>\n","protected":false},"excerpt":{"rendered":"<h2 class=\"p1\"><strong data-start=\"2561\" data-end=\"2609\">Medik8 &#8211; Liquid Peptides Advanced MP savyb\u0117s<\/strong><\/h2>\n<p class=\"p1\">\u2714\ufe0f Atpalaiduoja mimikos rauk\u0161les<br data-start=\"2644\" data-end=\"2647\" \/>\u2714\ufe0f Skatina kolageno ir elastino sintez\u0119<br data-start=\"2686\" data-end=\"2689\" \/>\u2714\ufe0f Gerina odos tekst\u016br\u0105 ir stangrum\u0105<br data-start=\"2725\" data-end=\"2728\" \/>\u2714\ufe0f Giliai dr\u0117kina<br data-start=\"2745\" data-end=\"2748\" \/>\u2714\ufe0f Apsaugo odos barjer\u0105<\/p>\n","protected":false},"featured_media":63111,"template":"","meta":[],"pwb-brand":[1206],"product_brand":[],"product_cat":[750,724],"product_tag":[],"giftcard-category":[],"class_list":{"0":"post-55854","1":"product","2":"type-product","3":"status-publish","4":"has-post-thumbnail","6":"pwb-brand-medik8","7":"product_cat-senstanti-oda","8":"product_cat-serumai","10":"first","11":"instock","12":"taxable","13":"shipping-taxable","14":"purchasable","15":"product-type-simple"},"acf":[],"brands":[{"id":1206,"name":"Medik8","slug":"medik8"}],"_links":{"self":[{"href":"https:\/\/skinstudio.ee\/lt\/wp-json\/wp\/v2\/product\/55854","targetHints":{"allow":["GET"]}}],"collection":[{"href":"https:\/\/skinstudio.ee\/lt\/wp-json\/wp\/v2\/product"}],"about":[{"href":"https:\/\/skinstudio.ee\/lt\/wp-json\/wp\/v2\/types\/product"}],"version-history":[{"count":0,"href":"https:\/\/skinstudio.ee\/lt\/wp-json\/wp\/v2\/product\/55854\/revisions"}],"wp:featuredmedia":[{"embeddable":true,"href":"https:\/\/skinstudio.ee\/lt\/wp-json\/wp\/v2\/media\/63111"}],"wp:attachment":[{"href":"https:\/\/skinstudio.ee\/lt\/wp-json\/wp\/v2\/media?parent=55854"}],"wp:term":[{"taxonomy":"pwb-brand","embeddable":true,"href":"https:\/\/skinstudio.ee\/lt\/wp-json\/wp\/v2\/pwb-brand?post=55854"},{"taxonomy":"product_brand","embeddable":true,"href":"https:\/\/skinstudio.ee\/lt\/wp-json\/wp\/v2\/product_brand?post=55854"},{"taxonomy":"product_cat","embeddable":true,"href":"https:\/\/skinstudio.ee\/lt\/wp-json\/wp\/v2\/product_cat?post=55854"},{"taxonomy":"product_tag","embeddable":true,"href":"https:\/\/skinstudio.ee\/lt\/wp-json\/wp\/v2\/product_tag?post=55854"},{"taxonomy":"giftcard-category","embeddable":true,"href":"https:\/\/skinstudio.ee\/lt\/wp-json\/wp\/v2\/giftcard-category?post=55854"}],"curies":[{"name":"wp","href":"https:\/\/api.w.org\/{rel}","templated":true}]}}