{"id":55859,"date":"2025-02-04T19:12:21","date_gmt":"2025-02-04T19:12:21","guid":{"rendered":"https:\/\/skinstudio.ee\/?post_type=product&#038;p=55859"},"modified":"2026-02-10T10:36:41","modified_gmt":"2026-02-10T10:36:41","slug":"ultimate-recovery-bio-cellulose-mask","status":"publish","type":"product","link":"https:\/\/skinstudio.ee\/lt\/catalog\/medik8\/ultimate-recovery-bio-cellulose-mask\/","title":{"rendered":"Ultimate Recovery Bio-Cellulose Mask"},"content":{"rendered":"<p data-start=\"4809\" data-end=\"5090\">Ultimate Recovery Bio-Cellulose Mask nuo MEDIK8 yra intensyviai atkurianti lak\u0161tin\u0117 kauk\u0117, skirta greitam odos nuraminimui, giliam dr\u0117kinimui ir odos atsistatymo palaikymui po streso veiksni\u0173. U\u017etepus suteikia v\u0117sinant\u012f poj\u016bt\u012f, padeda suma\u017einti odos reaktyvum\u0105 ir atkurti komfort\u0105.<\/p>\n<p data-start=\"5092\" data-end=\"5303\">Bioceliulioz\u0117s strukt\u016bra glaud\u017eiai priglunda prie odos, u\u017etikrindama optimal\u0173 veikli\u0173j\u0173 med\u017eiag\u0173 pasisavinim\u0105. Kauk\u0117 padeda palaikyti dr\u0117gm\u0117s balans\u0105, stiprina odos apsaugin\u012f barjer\u0105 ir gerina bendr\u0105 odos b\u016bkl\u0119.<\/p>\n<h4 data-start=\"5305\" data-end=\"5350\">Kaip veikia pagrindin\u0117s sudedamosios dalys:<\/h4>\n<p data-start=\"5352\" data-end=\"5692\"><strong data-start=\"5352\" data-end=\"5363\">Cinkas:<\/strong> padeda ma\u017einti u\u017edegimo po\u017eymius ir palaiko odos balans\u0105.<br data-start=\"5421\" data-end=\"5424\" \/><strong data-start=\"5424\" data-end=\"5446\">Hialurono r\u016bg\u0161tis:<\/strong> intensyviai dr\u0117kina ir padeda i\u0161laikyti odos elastingum\u0105.<br data-start=\"5504\" data-end=\"5507\" \/><strong data-start=\"5507\" data-end=\"5536\">J\u016bros dumbli\u0173 ekstraktas:<\/strong> mineralais turtingas komponentas su antioksidacin\u0117mis savyb\u0117mis.<br data-start=\"5601\" data-end=\"5604\" \/><strong data-start=\"5604\" data-end=\"5622\">Bioceliulioz\u0117:<\/strong> u\u017etikrina glaud\u0173 prigludim\u0105 ir efektyv\u0173 veikli\u0173j\u0173 med\u017eiag\u0173 perdavim\u0105.<\/p>\n<p data-start=\"5694\" data-end=\"5760\">Naudojama, kai odai reikalingas greitas atstatymas ir nuraminimas.<\/p>\n<p data-start=\"5762\" data-end=\"5779\"><strong data-start=\"5762\" data-end=\"5772\">T\u016bris:<\/strong> 1 vnt.<\/p>\n","protected":false},"excerpt":{"rendered":"<p data-start=\"2564\" data-end=\"2598\">Atkuriamoji bioceliulioz\u0117s kauk\u0117<\/p>\n<h2 data-start=\"573\" data-end=\"630\"><strong data-start=\"573\" data-end=\"630\">MEDIK8 &#8211; Ultimate Recovery Bio-Cellulose Mask Savyb\u0117s<\/strong><\/h2>\n<p data-start=\"632\" data-end=\"890\">\u2714\ufe0f Bioceliuliozin\u0117 lak\u0161tin\u0117 kauk\u0117 intensyviam odos atstatymui<br data-start=\"693\" data-end=\"696\" \/>\u2714\ufe0f Padeda greitai suma\u017einti sudirgim\u0105 ir paraudim\u0105<br data-start=\"746\" data-end=\"749\" \/>\u2714\ufe0f U\u017etikrina gil\u0173 ir ilgalaik\u012f dr\u0117kinim\u0105<br data-start=\"789\" data-end=\"792\" \/>\u2714\ufe0f Padeda stiprinti odos apsaugin\u012f barjer\u0105<br data-start=\"834\" data-end=\"837\" \/>\u2714\ufe0f Puikiai tinka po proced\u016br\u0173 arba esant odos stresui<\/p>\n","protected":false},"featured_media":62721,"template":"","meta":[],"pwb-brand":[1206],"product_brand":[],"product_cat":[738,726,740],"product_tag":[],"giftcard-category":[],"class_list":{"0":"post-55859","1":"product","2":"type-product","3":"status-publish","4":"has-post-thumbnail","6":"pwb-brand-medik8","7":"product_cat-drekinimas","8":"product_cat-maskas-lt","9":"product_cat-sausai-odai","11":"first","12":"instock","13":"taxable","14":"shipping-taxable","15":"purchasable","16":"product-type-simple"},"acf":[],"brands":[{"id":1206,"name":"Medik8","slug":"medik8"}],"_links":{"self":[{"href":"https:\/\/skinstudio.ee\/lt\/wp-json\/wp\/v2\/product\/55859","targetHints":{"allow":["GET"]}}],"collection":[{"href":"https:\/\/skinstudio.ee\/lt\/wp-json\/wp\/v2\/product"}],"about":[{"href":"https:\/\/skinstudio.ee\/lt\/wp-json\/wp\/v2\/types\/product"}],"version-history":[{"count":1,"href":"https:\/\/skinstudio.ee\/lt\/wp-json\/wp\/v2\/product\/55859\/revisions"}],"predecessor-version":[{"id":79871,"href":"https:\/\/skinstudio.ee\/lt\/wp-json\/wp\/v2\/product\/55859\/revisions\/79871"}],"wp:featuredmedia":[{"embeddable":true,"href":"https:\/\/skinstudio.ee\/lt\/wp-json\/wp\/v2\/media\/62721"}],"wp:attachment":[{"href":"https:\/\/skinstudio.ee\/lt\/wp-json\/wp\/v2\/media?parent=55859"}],"wp:term":[{"taxonomy":"pwb-brand","embeddable":true,"href":"https:\/\/skinstudio.ee\/lt\/wp-json\/wp\/v2\/pwb-brand?post=55859"},{"taxonomy":"product_brand","embeddable":true,"href":"https:\/\/skinstudio.ee\/lt\/wp-json\/wp\/v2\/product_brand?post=55859"},{"taxonomy":"product_cat","embeddable":true,"href":"https:\/\/skinstudio.ee\/lt\/wp-json\/wp\/v2\/product_cat?post=55859"},{"taxonomy":"product_tag","embeddable":true,"href":"https:\/\/skinstudio.ee\/lt\/wp-json\/wp\/v2\/product_tag?post=55859"},{"taxonomy":"giftcard-category","embeddable":true,"href":"https:\/\/skinstudio.ee\/lt\/wp-json\/wp\/v2\/giftcard-category?post=55859"}],"curies":[{"name":"wp","href":"https:\/\/api.w.org\/{rel}","templated":true}]}}