{"id":55883,"date":"2024-05-10T14:24:20","date_gmt":"2024-05-10T14:24:20","guid":{"rendered":"https:\/\/skinstudio.ee\/?post_type=product&#038;p=55883"},"modified":"2026-02-19T11:35:15","modified_gmt":"2026-02-19T11:35:15","slug":"total-moisture-daily-facial-cream","status":"publish","type":"product","link":"https:\/\/skinstudio.ee\/lt\/catalog\/medik8\/total-moisture-daily-facial-cream\/","title":{"rendered":"Total Moisture Daily Facial Cream"},"content":{"rendered":"<p data-start=\"1683\" data-end=\"1924\"><strong data-start=\"1683\" data-end=\"1727\">Medik8 Total Moisture Daily Facial Cream<\/strong> \u2013 kasdienis veido kremas, skirtas palaikyti optimal\u0173 odos dr\u0117gm\u0117s lyg\u012f ir ilgalaik\u012f komfort\u0105 vis\u0105 dien\u0105. Kremas suteikia odai glotnesn\u0119 tekst\u016br\u0105, didesn\u012f stangrum\u0105 ir vizualiai sveikesn\u0119 i\u0161vaizd\u0105.<\/p>\n<p data-start=\"1926\" data-end=\"2015\">Kremo formul\u0117 u\u017etikrina kompleksin\u012f odos dr\u0117kinim\u0105 ir palaiko jos apsaugines funkcijas:<\/p>\n<ul data-start=\"2016\" data-end=\"2508\">\n<li data-start=\"2016\" data-end=\"2201\">\n<p data-start=\"2018\" data-end=\"2201\"><strong data-start=\"2018\" data-end=\"2064\">Daugi\u0173 molekulini\u0173 masi\u0173 hialurono r\u016bg\u0161tis<\/strong> padeda tolygiai prisotinti od\u0105 dr\u0117gme ir palaikyti jos i\u0161saugojim\u0105 skirtinguose odos sluoksniuose, gerindama odos glotnum\u0105 ir pilnum\u0105.<\/p>\n<\/li>\n<li data-start=\"2202\" data-end=\"2372\">\n<p data-start=\"2204\" data-end=\"2372\"><strong data-start=\"2204\" data-end=\"2255\">Keramidai ir lipidai (skvalanas ir vitaminas F)<\/strong> palaiko nat\u016bral\u0173 odos lipidin\u012f barjer\u0105, padeda suma\u017einti dr\u0117gm\u0117s praradim\u0105 ir skatina apsauginio barjero atk\u016brim\u0105.<\/p>\n<\/li>\n<li data-start=\"2373\" data-end=\"2508\">\n<p data-start=\"2375\" data-end=\"2508\"><strong data-start=\"2375\" data-end=\"2399\">Prebiotinis peptidas<\/strong> padeda palaikyti odos mikrobiomos pusiausvyr\u0105 ir stiprina fizin\u012f odos barjer\u0105, gerindamas bendr\u0105 odos b\u016bkl\u0119.<\/p>\n<\/li>\n<\/ul>\n<p data-start=\"2510\" data-end=\"2826\">Lengva, maitinanti tekst\u016bra greitai susigeria ir nepalieka lipnumo ar sunkumo poj\u016b\u010dio. Medik8 Total Moisture Daily Facial Cream tinka naudoti ryte ir vakare: ryte sukuria komforti\u0161k\u0105 pagrind\u0105 apsaugai nuo saul\u0117s ir makia\u017eui, o vakare u\u017ebaigia prie\u017ei\u016bros rutin\u0105 ir padeda odai atsigauti po i\u0161orini\u0173 veiksni\u0173 poveikio.<\/p>\n<p data-start=\"2828\" data-end=\"2845\"><strong data-start=\"2828\" data-end=\"2837\">T\u016bris: 12,5 ml \/ 50 ml\u00a0<\/strong><\/p>\n","protected":false},"excerpt":{"rendered":"<p data-start=\"2970\" data-end=\"3005\">Kasdienis dr\u0117kinamasis veido kremas<\/p>\n<h2 data-start=\"3007\" data-end=\"3061\"><strong data-start=\"3007\" data-end=\"3061\">MEDIK8 &#8211; Total Moisture Daily Facial Cream Savyb\u0117s<\/strong><\/h2>\n<p data-start=\"3063\" data-end=\"3293\">\u2714\ufe0f U\u017etikrina gil\u0173 ir ilgalaik\u012f odos dr\u0117kinim\u0105<br data-start=\"3108\" data-end=\"3111\" \/>\u2714\ufe0f Oda tampa glotnesn\u0117, stangresn\u0117 ir vizualiai pilnesn\u0117<br data-start=\"3167\" data-end=\"3170\" \/>\u2714\ufe0f Padeda palaikyti odos apsaugin\u012f barjer\u0105<br data-start=\"3212\" data-end=\"3215\" \/>\u2714\ufe0f Ma\u017eina sausumo ir tempimo poj\u016bt\u012f<br data-start=\"3250\" data-end=\"3253\" \/>\u2714\ufe0f Tinka naudoti kaip makia\u017eo pagrind\u0105<\/p>\n<p data-start=\"3294\" data-end=\"3520\"><span style=\"text-decoration: underline; color: #0000ff;\"><a style=\"color: #0000ff; text-decoration: underline;\" href=\"https:\/\/skinstudio.ee\/lt\/catalog\/medik8-lt\/total-moisture-daily-facial-cream-refill\/\">Galimas Total Moisture Daily Facial Cream\u00a0Refill<\/a><\/span><\/p>\n","protected":false},"featured_media":62741,"template":"","meta":[],"pwb-brand":[1206],"product_brand":[],"product_cat":[738,754],"product_tag":[],"giftcard-category":[],"class_list":{"0":"post-55883","1":"product","2":"type-product","3":"status-publish","4":"has-post-thumbnail","6":"pwb-brand-medik8","7":"product_cat-drekinimas","8":"product_cat-travel-size-lt","9":"pa_suurus-12-5ml-lt","10":"pa_suurus-50ml-lt","12":"first","13":"instock","14":"taxable","15":"shipping-taxable","16":"purchasable","17":"product-type-variable"},"acf":[],"brands":[{"id":1206,"name":"Medik8","slug":"medik8"}],"_links":{"self":[{"href":"https:\/\/skinstudio.ee\/lt\/wp-json\/wp\/v2\/product\/55883","targetHints":{"allow":["GET"]}}],"collection":[{"href":"https:\/\/skinstudio.ee\/lt\/wp-json\/wp\/v2\/product"}],"about":[{"href":"https:\/\/skinstudio.ee\/lt\/wp-json\/wp\/v2\/types\/product"}],"version-history":[{"count":2,"href":"https:\/\/skinstudio.ee\/lt\/wp-json\/wp\/v2\/product\/55883\/revisions"}],"predecessor-version":[{"id":82296,"href":"https:\/\/skinstudio.ee\/lt\/wp-json\/wp\/v2\/product\/55883\/revisions\/82296"}],"wp:featuredmedia":[{"embeddable":true,"href":"https:\/\/skinstudio.ee\/lt\/wp-json\/wp\/v2\/media\/62741"}],"wp:attachment":[{"href":"https:\/\/skinstudio.ee\/lt\/wp-json\/wp\/v2\/media?parent=55883"}],"wp:term":[{"taxonomy":"pwb-brand","embeddable":true,"href":"https:\/\/skinstudio.ee\/lt\/wp-json\/wp\/v2\/pwb-brand?post=55883"},{"taxonomy":"product_brand","embeddable":true,"href":"https:\/\/skinstudio.ee\/lt\/wp-json\/wp\/v2\/product_brand?post=55883"},{"taxonomy":"product_cat","embeddable":true,"href":"https:\/\/skinstudio.ee\/lt\/wp-json\/wp\/v2\/product_cat?post=55883"},{"taxonomy":"product_tag","embeddable":true,"href":"https:\/\/skinstudio.ee\/lt\/wp-json\/wp\/v2\/product_tag?post=55883"},{"taxonomy":"giftcard-category","embeddable":true,"href":"https:\/\/skinstudio.ee\/lt\/wp-json\/wp\/v2\/giftcard-category?post=55883"}],"curies":[{"name":"wp","href":"https:\/\/api.w.org\/{rel}","templated":true}]}}